{"id":25547206,"date":"2022-09-23T07:16:17","date_gmt":"2022-09-23T05:16:17","guid":{"rendered":"https:\/\/www.entourage.ch\/informativa-sulla-privacy\/"},"modified":"2024-10-25T22:09:56","modified_gmt":"2024-10-25T20:09:56","slug":"informativa-sulla-privacy","status":"publish","type":"page","link":"https:\/\/www.entourage.ch\/it\/informativa-sulla-privacy\/","title":{"rendered":"Informativa sulla privacy"},"content":{"rendered":"<p>[et_pb_section fb_built=&#8221;1&#8243; admin_label=&#8221;section&#8221; _builder_version=&#8221;4.16&#8243; global_colors_info=&#8221;{}&#8221;][et_pb_row admin_label=&#8221;fila&#8221; _builder_version=&#8221;4.16&#8243; background_size=&#8221;initial&#8221; background_position=&#8221;top_left&#8221; background_repeat=&#8221;repeat&#8221; global_colors_info=&#8221;{}&#8221;][et_pb_column type=&#8221;4_4&#8243; _builder_version=&#8221;4.16&#8243; custom_padding=&#8221;|||&#8221; global_colors_info=&#8221;{}&#8221; custom_padding__hover=&#8221;|||&#8221;][et_pb_text _builder_version=&#8221;4.18.0&#8243; _module_preset=&#8221;default&#8221; hover_enabled=&#8221;0&#8243; sticky_enabled=&#8221;0&#8243;]<\/p>\n<h2>INFORMATIVA SULLA PRIVACY<\/h2>\n<p>[\/et_pb_text][et_pb_text admin_label=&#8221;Text&#8221; _builder_version=&#8221;4.18.0&#8243; background_size=&#8221;initial&#8221; background_position=&#8221;top_left&#8221; background_repeat=&#8221;repeat&#8221; hover_enabled=&#8221;0&#8243; global_colors_info=&#8221;{}&#8221; sticky_enabled=&#8221;0&#8243;]<\/p>\n<p>La nostra politica sulla privacy si impegna a proteggere la tua privacy. Contattaci a <span> <\/span><a href=\"mailto:info@entourage.ch\">info@entourage.ch<\/a><span> <\/span>se hai domande o problemi relativi all&#8217;utilizzo dei tuoi dati personali e saremo lieti di aiutarti.<\/p>\n<p>Utilizzando questo sito e\/o i nostri servizi, acconsenti al trattamento dei tuoi dati personali come descritto nella presente informativa sulla privacy.<\/p>\n<h3>INDICE DEI CONTENUTI<\/h3>\n<ol>\n<li><a href=\"https:\/\/www.entourage.ch\/it\/informativa-sulla-privacy\/#gdpr-definitions\">Definizioni utilizzate in questa politica<\/a><\/li>\n<li><a href=\"https:\/\/www.entourage.ch\/it\/informativa-sulla-privacy\/#gdpr-principles\">I principi di protezione dei dati che seguiamo<\/a><\/li>\n<li><a href=\"https:\/\/www.entourage.ch\/it\/informativa-sulla-privacy\/#gdpr-rights\">Quali sono i tuoi diritti in merito ai tuoi dati personali?<\/a><\/li>\n<li><a href=\"https:\/\/www.entourage.ch\/it\/informativa-sulla-privacy\/#gdpr-information\">Quali dati personali raccogliamo su di te?<\/a><\/li>\n<li><a href=\"https:\/\/www.entourage.ch\/it\/informativa-sulla-privacy\/#gdpr-processing\">Come utilizziamo i tuoi dati personali<\/a><\/li>\n<li><a href=\"https:\/\/www.entourage.ch\/it\/informativa-sulla-privacy\/#gdpr-sharing\">Chi altro ha accesso ai tuoi dati personali?<\/a><\/li>\n<li><a href=\"https:\/\/www.entourage.ch\/it\/informativa-sulla-privacy\/#gdpr-security\">Come proteggiamo i tuoi dati<\/a><\/li>\n<li><a href=\"https:\/\/www.entourage.ch\/it\/informativa-sulla-privacy\/#gdpr-cookies\">Informazioni sui cookie<\/a><\/li>\n<li><a href=\"https:\/\/www.entourage.ch\/it\/informativa-sulla-privacy\/#gdpr-contact\">Informazioni di contatto<\/a><\/li>\n<\/ol>\n<h3 id=\"gdpr-definitions\">DEFINIZIONI<\/h3>\n<p><span> <\/span><br \/><span> <\/span><br \/><span> <\/span><br \/><span> <\/span><br \/><span> <\/span>D<strong>ati personali<\/strong> &#8211; qualsiasi informazione relativa a una persona fisica identificata o identificabile.<strong>Trattamento<\/strong> &#8211; qualsiasi operazione o insieme di operazioni effettuate su dati personali o su insiemi di dati personali.<strong>Soggetto interessato<\/strong> &#8211; una persona fisica i cui dati personali sono trattati.<strong>Bambino<\/strong> &#8211; una persona fisica di et\u00e0 inferiore ai 16 anni.<strong>Noi (<\/strong> con o senza maiuscola) &#8211;<\/p>\n<h3 id=\"gdpr-principles\">PRINCIPI DI PROTEZIONE DEI DATI<\/h3>\n<p>Ci impegniamo a rispettare i seguenti principi di protezione dei dati:<\/p>\n<ul>\n<li>Il trattamento \u00e8 lecito, equo e trasparente. Le nostre attivit\u00e0 di trattamento sono svolte per motivi legittimi. Prenderemo sempre in considerazione i tuoi diritti prima di trattare i dati personali. Su richiesta, ti forniremo informazioni sul trattamento.   <\/li>\n<li>Il trattamento \u00e8 limitato allo scopo per cui \u00e8 previsto. Le nostre attivit\u00e0 di trattamento corrispondono allo scopo per cui i dati personali sono stati raccolti. <\/li>\n<li>Il trattamento dei dati \u00e8 ridotto al minimo. Raccogliamo ed elaboriamo solo la quantit\u00e0 minima di dati personali necessari per qualsiasi scopo. <\/li>\n<li>Il trattamento \u00e8 limitato nel tempo. Non conserveremo i tuoi dati personali pi\u00f9 a lungo del necessario. <\/li>\n<li>Faremo del nostro meglio per garantire l&#8217;accuratezza dei dati.<\/li>\n<li>Faremo del nostro meglio per garantire l&#8217;integrit\u00e0 e la riservatezza dei dati.<\/li>\n<\/ul>\n<h3 id=\"gdpr-rights\">DIRITTI DELL&#8217;INTERESSATO<\/h3>\n<p>L&#8217;interessato ha i seguenti diritti:<\/p>\n<ol>\n<li>Diritto all&#8217;informazione &#8211; significa che hai il diritto di sapere se i tuoi dati personali vengono elaborati, quali dati vengono raccolti, da dove provengono, perch\u00e9 e da chi vengono elaborati.<\/li>\n<li>Diritto di accesso &#8211; significa che hai il diritto di accedere ai dati raccolti da o su di te. Ci\u00f2 include il diritto di richiedere e ottenere una copia dei tuoi dati personali raccolti. <\/li>\n<li>Diritto di rettifica &#8211; significa che hai il diritto di richiedere la rettifica o la cancellazione dei tuoi dati personali inesatti o incompleti.<\/li>\n<li>Diritto alla cancellazione &#8211; significa che, in determinate circostanze, puoi richiedere la cancellazione dei tuoi dati personali dai nostri archivi.<\/li>\n<li>Diritto di limitare l&#8217;elaborazione &#8211; vale a dire che se si applicano determinate condizioni, hai il diritto di limitare l&#8217;elaborazione dei tuoi dati personali.<\/li>\n<li>Diritto di opposizione al trattamento &#8211; significa che, in alcuni casi, hai il diritto di opporti al trattamento dei tuoi dati personali, ad esempio nel caso di marketing diretto.<\/li>\n<li>Diritto di opposizione al trattamento automatizzato &#8211; significa che hai il diritto di opporti al trattamento automatizzato, compresa la profilazione, e di non essere sottoposto a una decisione basata esclusivamente sul trattamento automatizzato. Puoi esercitare questo diritto ogni volta che il risultato della profilazione produce effetti giuridici che ti riguardano o che ti riguardano in modo significativo. <\/li>\n<li>Diritto alla portabilit\u00e0 dei dati &#8211; hai il diritto di ottenere i tuoi Dati Personali in un formato leggibile a macchina o, se possibile, sotto forma di trasferimento diretto da un Responsabile del Trattamento a un altro.<\/li>\n<li>Diritto di reclamo &#8211; nel caso in cui rifiutassimo la tua richiesta in base ai diritti di accesso, ti forniremo una motivazione. Se non sei soddisfatto di come \u00e8 stata gestita la tua richiesta, contattaci. <\/li>\n<li><span> <\/span><span> <\/span>Diritto all&#8217;assistenza da parte di un&#8217;<a href=\"https:\/\/www.entourage.ch\/it\/informativa-sulla-privacy\/#gdpr-contact\">autorit\u00e0 di<\/a><a href=\"https:\/\/www.entourage.ch\/it\/informativa-sulla-privacy\/#gdpr-contact\">vigilanza<\/a> &#8211; significa che hai il diritto di ottenere assistenza da parte di un&#8217;autorit\u00e0 di vigilanza e il diritto ad altri rimedi legali come una richiesta di risarcimento danni.<\/li>\n<li>Diritto di revocare il consenso &#8211; hai il diritto di revocare qualsiasi consenso dato per il trattamento dei tuoi dati personali.<\/li>\n<\/ol>\n<h3 id=\"gdpr-information\">I DATI CHE RACCOGLIAMO<\/h3>\n<p>L<strong>e informazioni che ci hai fornito<\/strong>, tra cui l&#8217;indirizzo e-mail, il nome, l&#8217;indirizzo di fatturazione, l&#8217;indirizzo di casa, ecc., possono essere utilizzate per fornirti un prodotto\/servizio o per migliorare la tua esperienza con noi. &#8211; Si tratta principalmente di informazioni necessarie per fornirti un prodotto\/servizio o per migliorare la tua esperienza con noi. Registriamo le informazioni che ci fornisci per consentirti di commentare o svolgere altre attivit\u00e0 sul sito web. Queste informazioni includono, ad esempio, il tuo nome e il tuo indirizzo e-mail.   <\/p>\n<p>I<strong>nformazioni raccolte automaticamente sull&#8217;utente<\/strong> Queste includono le informazioni memorizzate automaticamente dai cookie e da altri strumenti di sessione. Ad esempio, il tuo indirizzo IP. Queste informazioni vengono utilizzate per migliorare la tua esperienza di cliente. Quando utilizzi i nostri servizi o consulti i contenuti del nostro sito web, le tue attivit\u00e0 possono essere registrate.   <\/p>\n<p>I<strong>nformazioni provenienti dai nostri partner<\/strong> Raccogliamo informazioni dai nostri partner di fiducia con la conferma che hanno motivi legali per condividere queste informazioni con noi. Si tratta di informazioni che hai fornito loro direttamente o di informazioni che hanno raccolto su di te per altri motivi legali. <\/p>\n<p>I<strong>nformazioni accessibili al pubblico<\/strong> Possiamo raccogliere informazioni su di te che sono accessibili al pubblico.<\/p>\n<h3 id=\"gdpr-processing\">COME UTILIZZIAMO I TUOI DATI PERSONALI<\/h3>\n<p>Utilizziamo i tuoi dati personali per :<\/p>\n<ul>\n<li>per fornirti il nostro servizio. Ad esempio, la registrazione del tuo account, la fornitura di altri prodotti e servizi da te richiesti, la fornitura di articoli promozionali su tua richiesta e la comunicazione con te su questi prodotti e servizi, la comunicazione e l&#8217;interazione con te e la notifica di modifiche a qualsiasi servizio. <\/li>\n<li>migliorare l&#8217;esperienza del cliente;<\/li>\n<li>per adempiere a un obbligo legale o contrattuale;<\/li>\n<\/ul>\n<p>Utilizziamo i tuoi dati personali per motivi legittimi e\/o con il tuo consenso.<\/p>\n<p>Ai fini della conclusione di un contratto o dell&#8217;adempimento di obblighi contrattuali, trattiamo i tuoi dati personali per le seguenti finalit\u00e0:<\/p>\n<ul>\n<li>per identificarti;<\/li>\n<li>per fornirti un servizio o inviarti\/offrirti un prodotto;<\/li>\n<li>per comunicare, sia per le vendite che per la fatturazione;<\/li>\n<\/ul>\n<p>Sulla base del legittimo interesse, trattiamo i tuoi dati personali per le seguenti finalit\u00e0:<\/p>\n<ul>\n<li>per inviarti offerte personalizzate* (da parte nostra e\/o di partner accuratamente selezionati);<\/li>\n<li>amministrare e analizzare la nostra base di clienti (comportamento e storia di acquisto) al fine di migliorare la qualit\u00e0, la variet\u00e0 e la disponibilit\u00e0 dei prodotti\/servizi offerti\/forniti;<\/li>\n<li>realizzare questionari sulla soddisfazione dei clienti;<\/li>\n<\/ul>\n<p>Finch\u00e9 non ci avrai informato del contrario, riteniamo che offrirti prodotti\/servizi simili o identici alla tua cronologia di acquisti\/comportamento di navigazione costituisca un nostro legittimo interesse.<\/p>\n<p>Con il tuo consenso, trattiamo i tuoi dati personali per le seguenti finalit\u00e0:<\/p>\n<ul>\n<li>per inviarti newsletter e offerte di campagne (da parte nostra e\/o di partner accuratamente selezionati);<\/li>\n<li>per altri scopi per i quali abbiamo richiesto il tuo consenso;<\/li>\n<\/ul>\n<p>Trattiamo i tuoi dati personali per adempiere agli obblighi derivanti dalla legge e\/o per utilizzare i tuoi dati personali per le opzioni previste dalla legge. Ci riserviamo il diritto di anonimizzare i dati personali raccolti e di utilizzare tali dati. Utilizzeremo i dati al di fuori dell&#8217;ambito di questa politica solo se anonimizzati. Conserveremo le informazioni raccolte su di te per tutto il tempo necessario ai fini contabili o per altri obblighi derivanti dalla legge.   <\/p>\n<p>Potremmo trattare i tuoi Dati Personali per scopi aggiuntivi non elencati qui, ma che sono compatibili con lo scopo originale per cui i dati sono stati raccolti. Nel fare ci\u00f2, ci assicureremo che: <\/p>\n<ul>\n<li>il legame tra le finalit\u00e0, il contesto e la natura dei dati personali \u00e8 adeguato alle finalit\u00e0 del trattamento;<\/li>\n<li>un ulteriore trattamento non danneggerebbe i tuoi interessi e<\/li>\n<li>ci saranno garanzie adeguate per il trattamento.<\/li>\n<\/ul>\n<p>Ti informeremo di qualsiasi altro trattamento e di altre finalit\u00e0.<\/p>\n<h3 id=\"gdpr-sharing\">CHI ALTRO PU\u00d2 ACCEDERE AI TUOI DATI PERSONALI<\/h3>\n<p>Non condividiamo i tuoi dati personali con estranei. In alcuni casi, i tuoi dati personali vengono forniti ai nostri partner di fiducia per consentire la fornitura del servizio o per migliorare la tua esperienza di cliente. Condividiamo i tuoi dati con :  <\/p>\n<p><strong>Terzi collegati :<\/strong><\/p>\n<ul>\n<li><strong>Google Analytics<\/strong><\/li>\n<li><strong>Facebook<\/strong><\/li>\n<\/ul>\n<p>Collaboriamo solo con partner di trattamento in grado di garantire un adeguato livello di protezione dei tuoi dati personali. Divulghiamo i tuoi dati personali a terze parti o a pubblici ufficiali quando siamo obbligati per legge a farlo. Possiamo divulgare i tuoi dati personali a terzi se hai dato il tuo consenso o se ci sono altri motivi legali per farlo.  <\/p>\n<h3 id=\"gdpr-security\">COME PROTEGGIAMO I TUOI DATI<\/h3>\n<p>Facciamo del nostro meglio per garantire la sicurezza dei tuoi dati personali. Utilizziamo protocolli sicuri per la comunicazione e il trasferimento dei dati (come HTTPS). Utilizziamo l&#8217;anonimizzazione e la pseudonimizzazione, ove opportuno. Monitoriamo i nostri sistemi per individuare eventuali vulnerabilit\u00e0 e attacchi.   <\/p>\n<p>Pur facendo del nostro meglio, non possiamo garantire la sicurezza delle informazioni. Tuttavia, ci impegniamo a informare le autorit\u00e0 competenti in caso di violazione dei dati. Ti informeremo anche nel caso in cui vi sia una minaccia ai tuoi diritti o interessi. Faremo tutto quanto ragionevolmente possibile per prevenire le violazioni della sicurezza e per assistere le autorit\u00e0 in caso di violazione della sicurezza.   <\/p>\n<p>Se hai un account con noi, ti ricordiamo che devi mantenere segreti il tuo nome utente e la tua password.<\/p>\n<h3>BAMBINI<\/h3>\n<p>Non intendiamo raccogliere o raccogliere consapevolmente informazioni sui bambini. I nostri servizi non sono rivolti ai bambini. <\/p>\n<h3 id=\"gdpr-cookies\">COOKIE E ALTRE TECNOLOGIE CHE UTILIZZIAMO<\/h3>\n<p>Utilizziamo i cookie e\/o tecnologie simili per analizzare il comportamento dei clienti, amministrare il sito web, tracciare i movimenti degli utenti e raccogliere informazioni sugli stessi. Questo al fine di personalizzare e migliorare la tua esperienza con noi. <\/p>\n<p>Un cookie \u00e8 un piccolo file di testo memorizzato sul tuo computer. I cookie memorizzano informazioni che vengono utilizzate per il funzionamento del sito web. Solo noi abbiamo accesso ai cookie creati dal nostro sito web. Puoi controllare i cookie a livello di browser. La scelta di disabilitare i cookie potrebbe impedirti di utilizzare alcune funzioni.    <\/p>\n<p><strong>Utilizziamo i cookie per i seguenti scopi:<\/strong><\/p>\n<ul>\n<li>Cookie necessari &#8211; questi cookie sono necessari per consentirti di utilizzare alcune importanti funzioni del nostro sito web, come ad esempio il login. Questi cookie non raccolgono informazioni personali. <\/li>\n<li>Cookie di funzionalit\u00e0 &#8211; questi cookie forniscono funzionalit\u00e0 che rendono pi\u00f9 comodo l&#8217;utilizzo del nostro servizio e ci permettono di fornire caratteristiche pi\u00f9 personalizzate. Ad esempio, possono ricordare il tuo nome e il tuo indirizzo e-mail nei moduli di feedback in modo che tu non debba inserirli nuovamente la volta successiva. <\/li>\n<li>Cookie analitici &#8211; questi cookie sono utilizzati per monitorare l&#8217;uso e le prestazioni del nostro sito web e dei nostri servizi.<\/li>\n<li>Cookie pubblicitari &#8211; questi cookie vengono utilizzati per offrire pubblicit\u00e0 rilevanti per l&#8217;utente e in linea con i suoi interessi. Vengono inoltre utilizzati per limitare il numero di volte in cui viene visualizzata una pubblicit\u00e0. In genere vengono inseriti nel sito web da reti pubblicitarie con il permesso dell&#8217;operatore del sito web. Questi cookie ricordano che hai visitato un sito web e queste informazioni vengono condivise con altre organizzazioni come gli inserzionisti. Spesso i cookie di targeting o pubblicitari sono collegati a una funzione del sito fornita da un&#8217;altra organizzazione.    <\/li>\n<\/ul>\n<p>Puoi eliminare i cookie memorizzati sul tuo computer tramite le impostazioni del tuo browser. Puoi anche controllare alcuni cookie di terze parti utilizzando una piattaforma per il miglioramento della privacy, come ad esempio <span> <\/span><a href=\"http:\/\/optout.aboutads.info\/#!\/\" target=\"_blank\" rel=\"noopener\">optout.aboutads.info<\/a><span> <\/span>o<span> <\/span><a href=\"http:\/\/www.youronlinechoices.com\/\" target=\"_blank\" rel=\"noopener\">youronlinechoices.com<\/a>. Per maggiori informazioni sui cookie, visita il sito web <span> <\/span><a href=\"http:\/\/www.allaboutcookies.org\/\" target=\"_blank\" rel=\"noopener\">allaboutcookies.org<\/a>.<\/p>\n<p>Utilizziamo Google Analytics per misurare il traffico sul nostro sito web. Google ha una propria informativa sulla privacy che puoi consultare qui. <span> <\/span><a href=\"https:\/\/support.google.com\/analytics\/answer\/6004245\" target=\"_blank\" rel=\"noopener\">qui<\/a>. Se desideri disattivare il tracciamento di Google Analytics, consulta la sezione <span> <\/span><a href=\"https:\/\/tools.google.com\/dlpage\/gaoptout\" target=\"_blank\" rel=\"noopener\">Pagina di disattivazione di Google Analytics<\/a>.<\/p>\n<h3 id=\"gdpr-contact\">DETTAGLI DI CONTATTO<\/h3>\n<p><strong id=\"gdpr-dpa\">Autorit\u00e0 di vigilanza<\/strong><\/p>\n<h3 id=\"gdpr-changes\">MODIFICHE ALLA PRESENTE INFORMATIVA SULLA PRIVACY<\/h3>\n<p>Ci riserviamo il diritto di apportare modifiche alla presente informativa sulla privacy.<br \/>L&#8217;ultima modifica \u00e8 stata effettuata il 13 luglio 2022.<\/p>\n<p><!-- \/divi:paragraph --><\/p>\n<p>[\/et_pb_text][\/et_pb_column][\/et_pb_row][\/et_pb_section]<\/p>\n","protected":false},"excerpt":{"rendered":"<p>INFORMATIVA SULLA PRIVACYLa nostra politica sulla privacy si impegna a proteggere la tua privacy. Contattaci a info@entourage.ch se hai domande o problemi relativi all&#8217;utilizzo dei tuoi dati personali e saremo lieti di aiutarti. Utilizzando questo sito e\/o i nostri servizi, acconsenti al trattamento dei tuoi dati personali come descritto nella presente informativa sulla privacy. INDICE [&hellip;]<\/p>\n","protected":false},"author":1,"featured_media":0,"parent":0,"menu_order":0,"comment_status":"closed","ping_status":"open","template":"","meta":{"_acf_changed":false,"_et_pb_use_builder":"on","_et_pb_old_content":"","_et_gb_content_width":"","footnotes":""},"dipi_cpt_category":[],"class_list":["post-25547206","page","type-page","status-publish","hentry"],"acf":[],"_links":{"self":[{"href":"https:\/\/www.entourage.ch\/it\/wp-json\/wp\/v2\/pages\/25547206","targetHints":{"allow":["GET"]}}],"collection":[{"href":"https:\/\/www.entourage.ch\/it\/wp-json\/wp\/v2\/pages"}],"about":[{"href":"https:\/\/www.entourage.ch\/it\/wp-json\/wp\/v2\/types\/page"}],"author":[{"embeddable":true,"href":"https:\/\/www.entourage.ch\/it\/wp-json\/wp\/v2\/users\/1"}],"replies":[{"embeddable":true,"href":"https:\/\/www.entourage.ch\/it\/wp-json\/wp\/v2\/comments?post=25547206"}],"version-history":[{"count":0,"href":"https:\/\/www.entourage.ch\/it\/wp-json\/wp\/v2\/pages\/25547206\/revisions"}],"wp:attachment":[{"href":"https:\/\/www.entourage.ch\/it\/wp-json\/wp\/v2\/media?parent=25547206"}],"wp:term":[{"taxonomy":"dipi_cpt_category","embeddable":true,"href":"https:\/\/www.entourage.ch\/it\/wp-json\/wp\/v2\/dipi_cpt_category?post=25547206"}],"curies":[{"name":"wp","href":"https:\/\/api.w.org\/{rel}","templated":true}]}}