{"id":25549317,"date":"2023-10-12T13:11:08","date_gmt":"2023-10-12T11:11:08","guid":{"rendered":"https:\/\/www.entourage.ch\/shop\/geschenkgutschein\/"},"modified":"2024-10-27T08:35:33","modified_gmt":"2024-10-27T07:35:33","slug":"geschenkgutschein","status":"publish","type":"product","link":"https:\/\/www.entourage.ch\/de\/shop\/geschenkgutschein\/","title":{"rendered":"Geschenkgutschein"},"content":{"rendered":"<h3>Warum sollten Sie sich f\u00fcr unsere Geschenkgutscheine entscheiden?<\/h3>\n<ul>\n<li>W\u00e4hlen Sie den Wert des Gutscheins entsprechend Ihrem Budget und Ihren Pr\u00e4ferenzen.<\/li>\n<li>Ideal f\u00fcr jeden Anlass, sei es ein Geburtstag, eine Party, ein Fitnessprogramm oder einfach nur, um Freude zu bereiten.<\/li>\n<li>W\u00e4hlen Sie, ob Sie Ihren Geschenkgutschein per E-Mail oder per Post erhalten m\u00f6chten.<\/li>\n<li>Unsere Geschenkgutscheine bieten Zugang zu unserem umfassenden Angebot an Behandlungen auf dem neuesten Stand der Technik in den Bereichen <a href=\"https:\/\/www.entourage.ch\/medecine-esthetique\/\">\u00e4sthetische Medizin<\/a>, <a href=\"https:\/\/www.entourage.ch\/chirurgie-esthetique\/chirurgie-intime\/\">Intimchirurgie<\/a> und <a href=\"https:\/\/www.entourage.ch\/chirurgie-esthetique\/\">Sch\u00f6nheitschirurgie<\/a>.<\/li>\n<\/ul>\n","protected":false},"excerpt":{"rendered":"<p>Sind Sie auf der Suche nach dem perfekten Geschenk? Entdecken Sie unsere Geschenkgutscheine f\u00fcr das ultimative Sch\u00f6nheits- und Wellness-Erlebnis in der Entourage-Klinik in Lausanne. <\/p>\n<h3>Wie funktioniert das?<\/h3>\n<ol>\n<li><strong>W\u00e4hlen Sie den Betrag<\/strong> des Geschenkgutscheins, der Ihren Bed\u00fcrfnissen und denen der Person, die Sie verw\u00f6hnen m\u00f6chten, am besten entspricht.<\/li>\n<li><strong>W\u00e4hlen Sie die Art der Lieferung<\/strong> und entscheiden Sie sich f\u00fcr einen schnellen Empfang per E-Mail oder einen Versand per Post.<\/li>\n<li><strong>Einfache Einl\u00f6sung des Gutscheins<\/strong> durch den Empf\u00e4nger, indem er online oder telefonisch einen Termin in der Entourage-Klinik bucht.<\/li>\n<\/ol>\n","protected":false},"featured_media":23945003,"template":"","meta":{"_acf_changed":false,"_et_pb_use_builder":"","_et_pb_old_content":"","_et_gb_content_width":""},"product_brand":[],"product_cat":[552],"product_tag":[],"class_list":{"0":"post-25549317","1":"product","2":"type-product","3":"status-publish","4":"has-post-thumbnail","6":"product_cat-geschenkgutschein","7":"product_shipping_class-geschenkgutschein","8":"pa_livraison-e-mail-de","9":"pa_livraison-post","10":"pa_valeur-chf-1000-de","11":"pa_valeur-chf-100-de","12":"pa_valeur-chf-200-de","13":"pa_valeur-chf-50-de","14":"pa_valeur-chf-500-de","16":"first","17":"instock","18":"taxable","19":"shipping-taxable","20":"purchasable","21":"product-type-variable"},"acf":[],"_links":{"self":[{"href":"https:\/\/www.entourage.ch\/de\/wp-json\/wp\/v2\/product\/25549317","targetHints":{"allow":["GET"]}}],"collection":[{"href":"https:\/\/www.entourage.ch\/de\/wp-json\/wp\/v2\/product"}],"about":[{"href":"https:\/\/www.entourage.ch\/de\/wp-json\/wp\/v2\/types\/product"}],"wp:featuredmedia":[{"embeddable":true,"href":"https:\/\/www.entourage.ch\/de\/wp-json\/wp\/v2\/media\/23945003"}],"wp:attachment":[{"href":"https:\/\/www.entourage.ch\/de\/wp-json\/wp\/v2\/media?parent=25549317"}],"wp:term":[{"taxonomy":"product_brand","embeddable":true,"href":"https:\/\/www.entourage.ch\/de\/wp-json\/wp\/v2\/product_brand?post=25549317"},{"taxonomy":"product_cat","embeddable":true,"href":"https:\/\/www.entourage.ch\/de\/wp-json\/wp\/v2\/product_cat?post=25549317"},{"taxonomy":"product_tag","embeddable":true,"href":"https:\/\/www.entourage.ch\/de\/wp-json\/wp\/v2\/product_tag?post=25549317"}],"curies":[{"name":"wp","href":"https:\/\/api.w.org\/{rel}","templated":true}]}}