{"id":25551868,"date":"2025-02-05T15:14:16","date_gmt":"2025-02-05T14:14:16","guid":{"rendered":"https:\/\/www.entourage.ch\/asthetische-chirurgie\/brustvergrosserung-implantate\/decouvrir-augmentation-mammaire\/"},"modified":"2025-02-05T16:31:46","modified_gmt":"2025-02-05T15:31:46","slug":"decouvrir-augmentation-mammaire","status":"publish","type":"page","link":"https:\/\/www.entourage.ch\/de\/asthetische-chirurgie\/brustvergrosserung-implantate\/decouvrir-augmentation-mammaire\/","title":{"rendered":"Entdecken Sie die Brustvergr\u00f6\u00dferung"},"content":{"rendered":"\n<p>Die<a href=\"https:\/\/www.entourage.ch\/de\/asthetische-chirurgie\/brustvergrosserung-implantate\/\" data-type=\"page\" data-id=\"359\">Brustvergr\u00f6\u00dferung<\/a> ist eine der am h\u00e4ufigsten nachgefragten Sch\u00f6nheitsoperationen der Welt. Ob Sie das Volumen Ihrer Brust vergr\u00f6\u00dfern, ihre Form verbessern oder ihr Aussehen nach einer Schwangerschaft oder einer Gewichtsabnahme wiederherstellen m\u00f6chten, dieses Verfahren bietet L\u00f6sungen, die Ihren Erwartungen entsprechen.<\/p>\n\n<p>Wenn Sie diese Operation in Erw\u00e4gung ziehen, ist es normal, dass Sie viele Fragen haben. Es ist Zeit f\u00fcr Sie, mehr \u00fcber Brustvergr\u00f6\u00dferung zu erfahren: Welche Arten von Implantaten gibt es? Wie w\u00e4hlt man die ideale Gr\u00f6\u00dfe und Form? Welche Verlegetechnik ist f\u00fcr Ihren K\u00f6rperbau am besten geeignet? Dieser Leitfaden wird Ihnen helfen, die verschiedenen Optionen zu verstehen und die f\u00fcr Ihre Bed\u00fcrfnisse am besten geeignete Wahl zu treffen.<\/p>\n\n<h2 class=\"wp-block-heading\">Was ist eine Brustvergr\u00f6\u00dferung mit Implantaten?<\/h2>\n\n<p>Die<strong>Brustvergr\u00f6\u00dferung mit Implantaten<\/strong> ist ein Verfahren der \u00e4sthetischen Chirurgie, bei dem Prothesen eingesetzt werden, um das Volumen der Brust zu vergr\u00f6\u00dfern, ihre Form zu verbessern oder eine harmonische Rundung wiederherzustellen. Dieses Verfahren eignet sich f\u00fcr Frauen, die sich ein <strong>gr\u00f6\u00dferes Volumen<\/strong>, eine bessere <strong>Symmetrie<\/strong> oder eine <strong>Korrektur nach einem Volumenverlust<\/strong> aufgrund von Schwangerschaft oder Gewichtsverlust w\u00fcnschen. <\/p>\n\n<p>Die Operation wird auf der Grundlage mehrerer Kriterien individuell angepasst: Implantattyp, Gr\u00f6\u00dfe, Form und Einsetztechnik. Jedes Detail wird angepasst, um ein Ergebnis zu erzielen, das sich auf nat\u00fcrliche Weise in Ihre Silhouette einf\u00fcgt. <\/p>\n\n<p>Erfahren Sie, <a href=\"https:\/\/www.entourage.ch\/de\/asthetische-chirurgie\/brustvergrosserung-implantate\/decouvrir-augmentation-mammaire\/quest-ce-que-augmentation-mammaire-avec-implants\/\" data-type=\"page\" data-id=\"25551874\">was eine Brustvergr\u00f6\u00dferung mit Implantaten<\/a> im Einzelnen bedeutet.<\/p>\n\n<h2 class=\"wp-block-heading\">Arten von Brustimplantaten: Silikon, Kochsalzl\u00f6sung und andere<\/h2>\n\n<p>Es gibt <a href=\"https:\/\/www.entourage.ch\/de\/asthetische-chirurgie\/brustvergrosserung-implantate\/decouvrir-augmentation-mammaire\/les-differents-types-dimplants-mammaires\/\" data-type=\"page\" data-id=\"25551933\">verschiedene Arten von Brustimplantaten<\/a>, die jeweils spezifische Eigenschaften haben. Silikonimplantate sind aufgrund ihrer naturnahen Textur und der gro\u00dfen Auswahl an Gr\u00f6\u00dfen und Formen am beliebtesten. Salzimplantate hingegen sind mit Kochsalzl\u00f6sung gef\u00fcllt und haben unterschiedliche Vorteile, insbesondere hinsichtlich ihrer Sicherheit im Falle eines Bruchs.  <\/p>\n\n<h2 class=\"wp-block-heading\">Wahl der Gr\u00f6\u00dfe und Form der Implantate<\/h2>\n\n<p>Die Gr\u00f6\u00dfe und Form der Implantate spielen eine wichtige Rolle f\u00fcr das Endergebnis. Die Wahl h\u00e4ngt von mehreren Faktoren ab, wie z.B. Ihrem K\u00f6rperbau, Ihren \u00e4sthetischen Erwartungen und den Empfehlungen Ihres Chirurgen. Zu den Optionen geh\u00f6ren runde Implantate f\u00fcr ein gr\u00f6\u00dferes Volumen oder anatomische Implantate f\u00fcr ein nat\u00fcrlicheres Aussehen. Wie Sie die perfekte Balance finden, erfahren Sie in diesem Artikel.   <\/p>\n\n<h2 class=\"wp-block-heading\">Anbringungstechniken: hinter oder vor dem Muskel?<\/h2>\n\n<p>Die Position der Implantate, ob sie hinter oder vor dem Muskel platziert werden, beeinflusst nicht nur das Aussehen der Brust, sondern auch die langfristige Erholung und den Komfort. Jede Methode hat ihre Vorteile und die Wahl h\u00e4ngt von Ihren Vorlieben und dem Rat Ihres Chirurgen ab. Weitere Informationen finden Sie auf unserer speziellen Seite <a href=\"#\">hier<\/a>.  <\/p>\n\n<h2 class=\"wp-block-heading\">Lebensdauer von Brustimplantaten<\/h2>\n\n<p>Eine h\u00e4ufig gestellte Frage ist, wie lange Brustimplantate halten. Obwohl die durchschnittliche Lebensdauer 10 bis 15 Jahre betr\u00e4gt, kann dies je nach Art des Implantats und der Pflege variieren. Erfahren Sie <a href=\"#\">hier<\/a> mehr \u00fcber die Faktoren, die die Lebensdauer beeinflussen und die Anzeichen, dass ein Austausch erforderlich sein k\u00f6nnte.  <\/p>\n\n<h2 class=\"wp-block-heading\">Implantate oder Fetttransfer?<\/h2>\n\n<p>Die Brustvergr\u00f6\u00dferung ist nicht auf Implantate beschr\u00e4nkt. Der Fetttransfer, auch bekannt als Lipofilling, ist eine nat\u00fcrliche Alternative, bei der das k\u00f6rpereigene Fett verwendet wird, um das Volumen Ihrer Brust leicht zu vergr\u00f6\u00dfern. Die Ergebnisse und Indikationen unterscheiden sich jedoch von denen der Implantate. Wenn Sie sich zwischen diesen beiden Optionen nicht sicher sind, k\u00f6nnen Sie <a href=\"#\">hier<\/a> unseren vollst\u00e4ndigen Vergleich ansehen.   <\/p>\n\n<h2 class=\"wp-block-heading\">Eine pers\u00f6nliche, aber informierte Entscheidung<\/h2>\n\n<p>Jede Patientin ist einzigartig, und es gibt keine allgemeing\u00fcltige L\u00f6sung. Ihr Chirurg ist da, um Sie zu beraten und Ihnen zu helfen, eine Entscheidung zu treffen, die Ihren Erwartungen und Ihrem Lebensstil entspricht. Bei Entourage bevorzugen wir einen pers\u00f6nlichen Ansatz, der auf Zuh\u00f6ren und Begleitung beruht.  <\/p>\n\n<p>Vereinbaren Sie einen Termin f\u00fcr eine Beratung mit unseren Spezialisten und beginnen Sie Ihren Weg zu einer Brust, die perfekt zu Ihnen passt.<\/p>\n","protected":false},"excerpt":{"rendered":"<p>DieBrustvergr\u00f6\u00dferung ist eine der am h\u00e4ufigsten nachgefragten Sch\u00f6nheitsoperationen der Welt. Ob Sie das Volumen Ihrer Brust vergr\u00f6\u00dfern, ihre Form verbessern oder ihr Aussehen nach einer Schwangerschaft oder einer Gewichtsabnahme wiederherstellen m\u00f6chten, dieses Verfahren bietet L\u00f6sungen, die Ihren Erwartungen entsprechen. Wenn Sie diese Operation in Erw\u00e4gung ziehen, ist es normal, dass Sie viele Fragen haben. Es [&hellip;]<\/p>\n","protected":false},"author":3,"featured_media":23946513,"parent":25547190,"menu_order":0,"comment_status":"closed","ping_status":"closed","template":"","meta":{"_acf_changed":false,"_et_pb_use_builder":"off","_et_pb_old_content":"","_et_gb_content_width":"","footnotes":""},"dipi_cpt_category":[563,566],"class_list":["post-25551868","page","type-page","status-publish","has-post-thumbnail","hentry","dipi_cpt_category-cluster-de","dipi_cpt_category-cluster-brustvergroserung"],"acf":[],"_links":{"self":[{"href":"https:\/\/www.entourage.ch\/de\/wp-json\/wp\/v2\/pages\/25551868","targetHints":{"allow":["GET"]}}],"collection":[{"href":"https:\/\/www.entourage.ch\/de\/wp-json\/wp\/v2\/pages"}],"about":[{"href":"https:\/\/www.entourage.ch\/de\/wp-json\/wp\/v2\/types\/page"}],"author":[{"embeddable":true,"href":"https:\/\/www.entourage.ch\/de\/wp-json\/wp\/v2\/users\/3"}],"replies":[{"embeddable":true,"href":"https:\/\/www.entourage.ch\/de\/wp-json\/wp\/v2\/comments?post=25551868"}],"version-history":[{"count":0,"href":"https:\/\/www.entourage.ch\/de\/wp-json\/wp\/v2\/pages\/25551868\/revisions"}],"up":[{"embeddable":true,"href":"https:\/\/www.entourage.ch\/de\/wp-json\/wp\/v2\/pages\/25547190"}],"wp:featuredmedia":[{"embeddable":true,"href":"https:\/\/www.entourage.ch\/de\/wp-json\/wp\/v2\/media\/23946513"}],"wp:attachment":[{"href":"https:\/\/www.entourage.ch\/de\/wp-json\/wp\/v2\/media?parent=25551868"}],"wp:term":[{"taxonomy":"dipi_cpt_category","embeddable":true,"href":"https:\/\/www.entourage.ch\/de\/wp-json\/wp\/v2\/dipi_cpt_category?post=25551868"}],"curies":[{"name":"wp","href":"https:\/\/api.w.org\/{rel}","templated":true}]}}