{"id":25547218,"date":"2022-09-23T07:16:17","date_gmt":"2022-09-23T05:16:17","guid":{"rendered":"https:\/\/www.entourage.ch\/datenschutzerklarung\/"},"modified":"2024-10-25T22:09:56","modified_gmt":"2024-10-25T20:09:56","slug":"datenschutzerklarung","status":"publish","type":"page","link":"https:\/\/www.entourage.ch\/de\/datenschutzerklarung\/","title":{"rendered":"Datenschutzrichtlinie"},"content":{"rendered":"<p>[et_pb_section fb_built=&#8220;1&#8243; admin_label=&#8220;section&#8220; _builder_version=&#8220;4.16&#8243; global_colors_info=&#8220;{}&#8220;][et_pb_row admin_label=&#8220;row&#8220; _builder_version=&#8220;4.16&#8243; background_size=&#8220;initial&#8220; background_position=&#8220;top_left&#8220; background_repeat=&#8220;repeat&#8220; global_colors_info=&#8220;{}&#8220;][et_pb_column type=&#8220;4_4&#8243; _builder_version=&#8220;4.16&#8243; custom_padding=&#8220;|||&#8220; global_colors_info=&#8220;{}&#8220; custom_padding__hover=&#8220;|||&#8220;][et_pb_text _builder_version=&#8220;4.18.0&#8243; _module_preset=&#8220;default&#8220; hover_enabled=&#8220;0&#8243; sticky_enabled=&#8220;0&#8243;]<\/p>\n<h2>DATENSCHUTZPOLITIK<\/h2>\n<p>[\/et_pb_text][et_pb_text admin_label=&#8220;Text&#8220; _builder_version=&#8220;4.18.0&#8243; background_size=&#8220;initial&#8220; background_position=&#8220;top_left&#8220; background_repeat=&#8220;repeat&#8220; hover_enabled=&#8220;0&#8243; global_colors_info=&#8220;{}&#8220; sticky_enabled=&#8220;0&#8243;]<\/p>\n<p>Unsere Datenschutzpolitik ist dem Schutz Ihrer Privatsph\u00e4re verpflichtet. Kontaktieren Sie uns unter <span> <\/span><a href=\"mailto:info@entourage.ch\">info@entourage.ch<\/a><span> <\/span>wenn Sie Fragen oder Probleme bez\u00fcglich der Verwendung Ihrer pers\u00f6nlichen Daten haben, und wir werden Ihnen gerne helfen.<\/p>\n<p>Durch die Nutzung dieser Website oder\/und unserer Dienstleistungen stimmen Sie der Verarbeitung Ihrer pers\u00f6nlichen Daten wie in dieser Datenschutzrichtlinie beschrieben zu.<\/p>\n<h3>INHALTSVERZEICHNIS<\/h3>\n<ol>\n<li><a href=\"https:\/\/www.entourage.ch\/de\/datenschutzerklarung\/#gdpr-definitions\">In dieser Richtlinie verwendete Definitionen<\/a><\/li>\n<li><a href=\"https:\/\/www.entourage.ch\/de\/datenschutzerklarung\/#gdpr-principles\">Datenschutzprinzipien, die wir befolgen<\/a><\/li>\n<li><a href=\"https:\/\/www.entourage.ch\/de\/datenschutzerklarung\/#gdpr-rights\">Welche Rechte haben Sie in Bezug auf Ihre pers\u00f6nlichen Daten?<\/a><\/li>\n<li><a href=\"https:\/\/www.entourage.ch\/de\/datenschutzerklarung\/#gdpr-information\">Welche pers\u00f6nlichen Daten sammeln wir \u00fcber Sie?<\/a><\/li>\n<li><a href=\"https:\/\/www.entourage.ch\/de\/datenschutzerklarung\/#gdpr-processing\">Wie wir Ihre pers\u00f6nlichen Daten verwenden<\/a><\/li>\n<li><a href=\"https:\/\/www.entourage.ch\/de\/datenschutzerklarung\/#gdpr-sharing\">Wer sonst noch Zugang zu Ihren pers\u00f6nlichen Daten hat<\/a><\/li>\n<li><a href=\"https:\/\/www.entourage.ch\/de\/datenschutzerklarung\/#gdpr-security\">Wie wir Ihre Daten sichern<\/a><\/li>\n<li><a href=\"https:\/\/www.entourage.ch\/de\/datenschutzerklarung\/#gdpr-cookies\">Informationen \u00fcber Cookies<\/a><\/li>\n<li><a href=\"https:\/\/www.entourage.ch\/de\/datenschutzerklarung\/#gdpr-contact\">Kontaktinformationen<\/a><\/li>\n<\/ol>\n<h3 id=\"gdpr-definitions\">DEFINITIONEN<\/h3>\n<p><strong>Pers\u00f6nliche Daten<\/strong><span> <\/span>&#8211; jede Information \u00fcber eine identifizierte oder identifizierbare nat\u00fcrliche Person.<br \/><strong>Verarbeitung<\/strong><span> <\/span>&#8211; jeder Vorgang oder jede Reihe von Vorg\u00e4ngen, die mit pers\u00f6nlichen Daten oder mit S\u00e4tzen von pers\u00f6nlichen Daten durchgef\u00fchrt werden.<br \/><strong>Betroffene Person<\/strong><span> <\/span>&#8211; eine nat\u00fcrliche Person, deren pers\u00f6nliche Daten verarbeitet werden.<br \/><strong>Kind<\/strong><span> <\/span>&#8211; eine nat\u00fcrliche Person unter 16 Jahren.<br \/><strong>Wir (<\/strong><span> <\/span>in Gro\u00dfbuchstaben oder nicht) &#8211; &#8211; &#8211; &#8211; &#8211; &#8211; &#8211; &#8211; &#8211; &#8211; &#8211; &#8211; &#8211; &#8211; &#8211; &#8211; &#8211; &#8211; &#8211; &#8211; &#8211; &#8211; &#8211; &#8211; &#8211; &#8211; &#8211; &#8211; &#8211; &#8211; &#8211; &#8211; &#8211; &#8211; &#8211; &#8211; &#8211; &#8211; &#8211; &#8211; &#8211; &#8211; &#8211; &#8211; &#8211; &#8211; &#8211; &#8211; &#8211; &#8211; &#8211; &#8211; &#8211; &#8211; &#8211; &#8211; &#8211; &#8211; &#8211; -.<\/p>\n<h3 id=\"gdpr-principles\">GRUNDS\u00c4TZE DES DATENSCHUTZES<\/h3>\n<p>Wir verpflichten uns, die folgenden Datenschutzprinzipien einzuhalten:<\/p>\n<ul>\n<li>Die Verarbeitung ist rechtm\u00e4\u00dfig, fair und transparent. Unsere Verarbeitungst\u00e4tigkeiten erfolgen aus legitimen Gr\u00fcnden. Wir ber\u00fccksichtigen immer Ihre Rechte, bevor wir personenbezogene Daten verarbeiten. Auf Anfrage stellen wir Ihnen Informationen \u00fcber die Verarbeitung zur Verf\u00fcgung.   <\/li>\n<li>Die Verarbeitung ist auf den Zweck beschr\u00e4nkt. Unsere Verarbeitungst\u00e4tigkeiten entsprechen dem Zweck, f\u00fcr den die personenbezogenen Daten gesammelt wurden. <\/li>\n<li>Die Verarbeitung erfolgt mit einem Minimum an Daten. Wir erheben und verarbeiten nur die Mindestmenge an personenbezogenen Daten, die f\u00fcr jeden Zweck erforderlich ist. <\/li>\n<li>Die Verarbeitung ist zeitlich begrenzt. Wir werden Ihre pers\u00f6nlichen Daten nicht l\u00e4nger als n\u00f6tig aufbewahren. <\/li>\n<li>Wir werden unser Bestes tun, um die Richtigkeit der Daten zu gew\u00e4hrleisten.<\/li>\n<li>Wir werden unser Bestes tun, um die Integrit\u00e4t und Vertraulichkeit der Daten zu gew\u00e4hrleisten.<\/li>\n<\/ul>\n<h3 id=\"gdpr-rights\">RECHTE DER BETROFFENEN PERSON<\/h3>\n<p>Die betroffene Person hat die folgenden Rechte:<\/p>\n<ol>\n<li>Recht auf Information &#8211; das bedeutet, dass Sie das Recht haben, zu erfahren, ob Ihre pers\u00f6nlichen Daten verarbeitet werden, welche Daten gesammelt werden, woher sie stammen, warum und von wem sie verarbeitet werden.<\/li>\n<li>Recht auf Zugang &#8211; das bedeutet, dass Sie das Recht haben, auf die Daten, die von Ihnen oder \u00fcber Sie gesammelt wurden, zuzugreifen. Dies schlie\u00dft Ihr Recht ein, eine Kopie Ihrer gesammelten pers\u00f6nlichen Daten anzufordern und zu erhalten. <\/li>\n<li>Recht auf Berichtigung &#8211; das bedeutet, dass Sie das Recht haben, die Berichtigung oder L\u00f6schung Ihrer pers\u00f6nlichen Daten zu verlangen, wenn diese unrichtig oder unvollst\u00e4ndig sind.<\/li>\n<li>Recht auf L\u00f6schung &#8211; das bedeutet, dass Sie unter bestimmten Umst\u00e4nden verlangen k\u00f6nnen, dass Ihre pers\u00f6nlichen Daten aus unseren Unterlagen gel\u00f6scht werden.<\/li>\n<li>Recht auf Einschr\u00e4nkung der Verarbeitung &#8211; d.h. wenn bestimmte Bedingungen zutreffen, haben Sie das Recht, die Verarbeitung Ihrer pers\u00f6nlichen Daten einzuschr\u00e4nken.<\/li>\n<li>Recht auf Widerspruch gegen die Verarbeitung &#8211; das bedeutet, dass Sie in bestimmten F\u00e4llen das Recht haben, gegen die Verarbeitung Ihrer pers\u00f6nlichen Daten Widerspruch einzulegen, z.B. im Falle von Direktmarketing.<\/li>\n<li>Recht auf Widerspruch gegen die automatische Verarbeitung &#8211; das bedeutet, dass Sie das Recht haben, gegen die automatische Verarbeitung, einschlie\u00dflich Profiling, Widerspruch einzulegen und nicht Gegenstand einer Entscheidung zu werden, die ausschlie\u00dflich auf der automatischen Verarbeitung beruht. Sie k\u00f6nnen dieses Recht immer dann aus\u00fcben, wenn das Ergebnis des Profiling rechtliche Auswirkungen hat, die Sie betreffen oder Sie erheblich beeintr\u00e4chtigen. <\/li>\n<li>Recht auf Daten\u00fcbertragbarkeit &#8211; Sie haben das Recht, Ihre pers\u00f6nlichen Daten in einem maschinenlesbaren Format zu erhalten oder, wenn dies m\u00f6glich ist, in Form einer direkten \u00dcbertragung von einem Prozessor zu einem anderen.<\/li>\n<li>Recht auf Beschwerde &#8211; Falls wir Ihren Antrag im Rahmen der Zugangsrechte ablehnen, werden wir Ihnen eine Begr\u00fcndung daf\u00fcr geben. Wenn Sie mit der Art und Weise, wie Ihr Antrag bearbeitet wurde, nicht zufrieden sind, kontaktieren Sie uns bitte. <\/li>\n<li>Recht auf Unterst\u00fctzung durch eine<span> <\/span><a href=\"https:\/\/www.entourage.ch\/de\/datenschutzerklarung\/#gdpr-contact\">Aufsichtsbeh\u00f6rde<\/a><span> <\/span>&#8211; das bedeutet, dass Sie das Recht auf Unterst\u00fctzung durch eine Aufsichtsbeh\u00f6rde und das Recht auf andere Rechtsbehelfe wie z.B. die Beantragung von Schadensersatz haben.<\/li>\n<li>Recht auf Widerruf der Zustimmung &#8211; Sie haben das Recht, eine erteilte Zustimmung zur Verarbeitung Ihrer pers\u00f6nlichen Daten zu widerrufen.<\/li>\n<\/ol>\n<h3 id=\"gdpr-information\">DIE DATEN, DIE WIR SAMMELN<\/h3>\n<p><strong>Die Informationen, die Sie uns zur Verf\u00fcgung gestellt haben<\/strong><br \/>Dies k\u00f6nnen Ihre E-Mail-Adresse, Ihr Name, Ihre Rechnungsadresse, Ihre Privatadresse usw. sein. &#8211; haupts\u00e4chlich Informationen, die notwendig sind, um Ihnen ein Produkt\/eine Dienstleistung zu liefern oder um Ihre Kundenerfahrung mit uns zu verbessern. Wir speichern die Informationen, die Sie uns zur Verf\u00fcgung stellen, damit Sie Kommentare abgeben oder andere Aktivit\u00e4ten auf der Website durchf\u00fchren k\u00f6nnen. Zu diesen Informationen geh\u00f6ren z.B. Ihr Name und Ihre E-Mail-Adresse.   <\/p>\n<p><strong>Automatisch \u00fcber Sie gesammelte Informationen<\/strong><br \/>Hierzu geh\u00f6ren Informationen, die automatisch von Cookies und anderen Sitzungstools gespeichert werden. Zum Beispiel Ihre IP-Adresse. Diese Informationen werden verwendet, um Ihre Kundenerfahrung zu verbessern. Wenn Sie unsere Dienstleistungen in Anspruch nehmen oder den Inhalt unserer Website ansehen, k\u00f6nnen Ihre Aktivit\u00e4ten aufgezeichnet werden.   <\/p>\n<p><strong>Informationen von unseren Partnern<\/strong><br \/>Wir sammeln Informationen von unseren vertrauensw\u00fcrdigen Partnern mit der Best\u00e4tigung, dass sie einen rechtlichen Grund haben, diese Informationen mit uns zu teilen. Dabei handelt es sich entweder um Informationen, die Sie ihnen direkt zur Verf\u00fcgung gestellt haben, oder um Informationen, die sie aus anderen rechtlichen Gr\u00fcnden \u00fcber Sie gesammelt haben. <\/p>\n<p>\u00d6ffentlich <strong>zug\u00e4ngliche Informationen<\/strong><br \/>Wir k\u00f6nnen Informationen \u00fcber Sie sammeln, die der \u00d6ffentlichkeit zug\u00e4nglich sind.<\/p>\n<h3 id=\"gdpr-processing\">WIE WIR IHRE PERS\u00d6NLICHEN DATEN VERWENDEN<\/h3>\n<p>Wir verwenden Ihre pers\u00f6nlichen Daten, um :<\/p>\n<ul>\n<li>um Ihnen unsere Dienstleistung zu erbringen. Dazu geh\u00f6ren beispielsweise die Registrierung Ihres Kontos, die Bereitstellung anderer Produkte und Dienstleistungen, die Sie angefordert haben, die Bereitstellung von Werbeartikeln auf Ihre Anfrage hin und die Kommunikation mit Ihnen \u00fcber diese Produkte und Dienstleistungen, die Kommunikation und Interaktion mit Ihnen und die Benachrichtigung \u00fcber \u00c4nderungen an einem Service. <\/li>\n<li>Ihre Kundenerfahrung zu verbessern;<\/li>\n<li>eine gesetzliche oder vertragliche Verpflichtung erf\u00fcllen ;<\/li>\n<\/ul>\n<p>Wir verwenden Ihre pers\u00f6nlichen Daten f\u00fcr legitime Zwecke und\/oder mit Ihrer Zustimmung.<\/p>\n<p>Aufgrund des Abschlusses eines Vertrages oder der Erf\u00fcllung vertraglicher Verpflichtungen verarbeiten wir Ihre personenbezogenen Daten f\u00fcr die folgenden Zwecke:<\/p>\n<ul>\n<li>um sich zu identifizieren ;<\/li>\n<li>um Ihnen eine Dienstleistung zu erbringen oder Ihnen ein Produkt zu senden\/anzubieten;<\/li>\n<li>f\u00fcr die Kommunikation, sei es f\u00fcr den Verkauf oder die Rechnungsstellung ;<\/li>\n<\/ul>\n<p>Auf der Grundlage des berechtigten Interesses verarbeiten wir Ihre personenbezogenen Daten f\u00fcr die folgenden Zwecke:<\/p>\n<ul>\n<li>um Ihnen personalisierte Angebote* (von uns und\/oder unseren sorgf\u00e4ltig ausgew\u00e4hlten Partnern) zu senden;<\/li>\n<li>Verwaltung und Analyse unseres Kundenstamms (Kaufverhalten und -historie), um die Qualit\u00e4t, Vielfalt und Verf\u00fcgbarkeit der angebotenen\/gelieferten Produkte\/Dienstleistungen zu verbessern;<\/li>\n<li>Frageb\u00f6gen \u00fcber die Zufriedenheit der Kunden zu erstellen;<\/li>\n<\/ul>\n<p>Solange Sie uns nicht vom Gegenteil in Kenntnis gesetzt haben, betrachten wir es als unser berechtigtes Interesse, Ihnen \u00e4hnliche oder identische Produkte\/Dienstleistungen anzubieten, die mit Ihrer Kaufhistorie\/Ihrem Surfverhalten \u00fcbereinstimmen.<\/p>\n<p>Mit Ihrer Zustimmung verarbeiten wir Ihre pers\u00f6nlichen Daten f\u00fcr die folgenden Zwecke:<\/p>\n<ul>\n<li>um Ihnen Newsletter und Kampagnenangebote (von uns und\/oder unseren sorgf\u00e4ltig ausgew\u00e4hlten Partnern) zu senden;<\/li>\n<li>f\u00fcr andere Zwecke, f\u00fcr die wir Ihre Zustimmung eingeholt haben;<\/li>\n<\/ul>\n<p>Wir verarbeiten Ihre pers\u00f6nlichen Daten, um unseren gesetzlichen Verpflichtungen nachzukommen und\/oder um Ihre pers\u00f6nlichen Daten f\u00fcr die gesetzlich vorgesehenen Optionen zu verwenden. Wir behalten uns das Recht vor, die gesammelten pers\u00f6nlichen Daten zu anonymisieren und diese Daten zu verwenden. Wir werden Daten au\u00dferhalb des Geltungsbereichs dieser Richtlinie nur dann verwenden, wenn sie anonymisiert wurden. Wir bewahren die \u00fcber Sie gesammelten Daten so lange auf, wie es f\u00fcr Buchhaltungszwecke oder andere gesetzlich vorgeschriebene Verpflichtungen erforderlich ist.   <\/p>\n<p>Wir k\u00f6nnen Ihre Pers\u00f6nlichen Daten f\u00fcr zus\u00e4tzliche Zwecke verarbeiten, die hier nicht aufgef\u00fchrt sind, die aber mit dem urspr\u00fcnglichen Zweck, f\u00fcr den die Daten erhoben wurden, vereinbar sind. Um dies zu tun, werden wir sicherstellen, dass : <\/p>\n<ul>\n<li>die Verbindung zwischen den Zwecken, dem Kontext und der Art der personenbezogenen Daten f\u00fcr die weitere Verarbeitung angemessen ist;<\/li>\n<li>die weitere Verarbeitung nicht gegen Ihre Interessen verst\u00f6\u00dft und<\/li>\n<li>es angemessene Garantien f\u00fcr die Verarbeitung geben w\u00fcrde.<\/li>\n<\/ul>\n<p>Wir werden Sie \u00fcber jede andere Verarbeitung und jeden anderen Zweck informieren.<\/p>\n<h3 id=\"gdpr-sharing\">WER SONST NOCH ZUGANG ZU IHREN PERS\u00d6NLICHEN DATEN HAT<\/h3>\n<p>Wir geben Ihre pers\u00f6nlichen Daten nicht an Fremde weiter. In einigen F\u00e4llen werden Ihre pers\u00f6nlichen Daten an unsere vertrauensw\u00fcrdigen Partner weitergegeben, um die Erbringung der Dienstleistung zu erm\u00f6glichen oder um Ihre Kundenerfahrung zu verbessern. Wir geben Ihre Daten weiter an  <\/p>\n<p><strong>Angeschlossene Dritte :<\/strong><\/p>\n<ul>\n<li><strong>Google Analytics<\/strong><\/li>\n<li><strong>Facebook<\/strong><\/li>\n<\/ul>\n<p>Wir arbeiten nur mit Verarbeitungspartnern zusammen, die in der Lage sind, ein angemessenes Schutzniveau f\u00fcr Ihre pers\u00f6nlichen Daten zu gew\u00e4hrleisten. Wir geben Ihre personenbezogenen Daten an Dritte oder Regierungsbeamte weiter, wenn wir gesetzlich dazu verpflichtet sind. Wir k\u00f6nnen Ihre pers\u00f6nlichen Daten an Dritte weitergeben, wenn Sie Ihre Zustimmung dazu gegeben haben oder wenn andere gesetzliche Gr\u00fcnde dies rechtfertigen.  <\/p>\n<h3 id=\"gdpr-security\">WIE WIR IHRE DATEN SICHERN<\/h3>\n<p>Wir tun unser Bestes, um die Sicherheit Ihrer pers\u00f6nlichen Daten zu gew\u00e4hrleisten. Wir verwenden sichere Protokolle f\u00fcr die Kommunikation und \u00dcbertragung von Daten (wie HTTPS). Wir verwenden Anonymit\u00e4t und Pseudonymisierung, wenn dies angemessen ist. Wir \u00fcberwachen unsere Systeme, um m\u00f6gliche Schwachstellen und Angriffe zu erkennen.   <\/p>\n<p>Auch wenn wir unser Bestes tun, k\u00f6nnen wir die Sicherheit der Daten nicht garantieren. Wir verpflichten uns jedoch, die zust\u00e4ndigen Beh\u00f6rden \u00fcber Datenverletzungen zu informieren. Wir werden Sie auch informieren, wenn eine Bedrohung f\u00fcr Ihre Rechte oder Interessen vorliegt. Wir werden alle angemessenen Anstrengungen unternehmen, um Sicherheitsverletzungen zu verhindern und die Beh\u00f6rden im Falle einer Sicherheitsverletzung zu unterst\u00fctzen.   <\/p>\n<p>Wenn Sie ein Konto bei uns haben, beachten Sie bitte, dass Sie Ihren Benutzernamen und Ihr Kennwort geheim halten m\u00fcssen.<\/p>\n<h3>KINDER<\/h3>\n<p>Wir beabsichtigen nicht, wissentlich Informationen \u00fcber Kinder zu sammeln oder zu erfassen. Unsere Dienstleistungen richten sich nicht an Kinder. <\/p>\n<h3 id=\"gdpr-cookies\">COOKIES UND ANDERE TECHNOLOGIEN, DIE WIR VERWENDEN<\/h3>\n<p>Wir verwenden Cookies und\/oder \u00e4hnliche Technologien, um das Verhalten der Kunden zu analysieren, die Website zu verwalten, die Bewegungen der Nutzer zu verfolgen und Informationen \u00fcber die Nutzer zu sammeln. Dies geschieht mit dem Ziel, Ihre Erfahrung mit uns zu personalisieren und zu verbessern. <\/p>\n<p>Ein Cookie ist eine kleine Textdatei, die auf Ihrem Computer gespeichert wird. Cookies speichern Informationen, die verwendet werden, um den Betrieb der Websites zu unterst\u00fctzen. Nur wir haben Zugang zu den Cookies, die von unserer Website erstellt werden. Sie k\u00f6nnen Ihre Cookies auf der Ebene des Browsers kontrollieren. Die Deaktivierung von Cookies kann dazu f\u00fchren, dass Sie bestimmte Funktionen nicht nutzen k\u00f6nnen.    <\/p>\n<p><strong>Wir verwenden Cookies f\u00fcr die folgenden Zwecke:<\/strong><\/p>\n<ul>\n<li>Notwendige Cookies &#8211; Diese Cookies sind notwendig, damit Sie einige wichtige Funktionen unserer Website nutzen k\u00f6nnen, wie z.B. das Einloggen. Diese Cookies sammeln keine pers\u00f6nlichen Informationen. <\/li>\n<li>Funktions-Cookies &#8211; Diese Cookies stellen Funktionen zur Verf\u00fcgung, die die Nutzung unseres Dienstes bequemer machen und die Bereitstellung personalisierterer Funktionen erm\u00f6glichen. Zum Beispiel k\u00f6nnen sie sich Ihren Namen und Ihre E-Mail-Adresse in den Kommentarformularen merken, so dass Sie diese beim n\u00e4chsten Mal nicht erneut eingeben m\u00fcssen. <\/li>\n<li>Analytische Cookies &#8211; Diese Cookies werden verwendet, um die Nutzung und Leistung unserer Website und unserer Dienstleistungen zu verfolgen.<\/li>\n<li>Werbe-Cookies &#8211; Diese Cookies werden verwendet, um Werbung zu schalten, die f\u00fcr Sie und Ihre Interessen relevant ist. Au\u00dferdem werden sie verwendet, um die Anzahl der Male, die Sie eine Werbung sehen, zu begrenzen. Sie werden in der Regel von Werbenetzwerken mit Genehmigung des Webseitenbetreibers auf der Webseite platziert. Diese Cookies erinnern sich daran, dass Sie eine Website besucht haben und diese Information wird mit anderen Organisationen, wie z.B. Werbetreibenden, geteilt. Oftmals werden die Targeting- oder Werbe-Cookies mit einer Funktion der Website verkn\u00fcpft, die von der anderen Organisation bereitgestellt wird.    <\/li>\n<\/ul>\n<p>Sie k\u00f6nnen die auf Ihrem Computer gespeicherten Cookies \u00fcber die Einstellungen Ihres Browsers l\u00f6schen. Sie k\u00f6nnen auch bestimmte Cookies von Drittanbietern kontrollieren, indem Sie eine Plattform zur Verbesserung der Privatsph\u00e4re nutzen, wie z. B. <span> <\/span><a href=\"http:\/\/optout.aboutads.info\/#!\/\" target=\"_blank\" rel=\"noopener\">optout.aboutads.info<\/a><span> <\/span>oder<span> <\/span><a href=\"http:\/\/www.youronlinechoices.com\/\" target=\"_blank\" rel=\"noopener\">youronlinechoices.com<\/a>. Weitere Informationen \u00fcber Cookies finden Sie unter <span> <\/span><a href=\"http:\/\/www.allaboutcookies.org\/\" target=\"_blank\" rel=\"noopener\">allaboutcookies.org<\/a>.<\/p>\n<p>Wir verwenden Google Analytics, um den Verkehr auf unserer Website zu messen. Google hat seine eigenen Datenschutzbestimmungen, die Sie einsehen k\u00f6nnen. <span> <\/span><a href=\"https:\/\/support.google.com\/analytics\/answer\/6004245\" target=\"_blank\" rel=\"noopener\">hier<\/a> ein. Wenn Sie die Verfolgung durch Google Analytics deaktivieren m\u00f6chten, lesen Sie bitte die <span> <\/span><a href=\"https:\/\/tools.google.com\/dlpage\/gaoptout\" target=\"_blank\" rel=\"noopener\">Seite zur Deaktivierung von Google Analytics<\/a>.<\/p>\n<h3 id=\"gdpr-contact\">KONTAKTINFORMATIONEN<\/h3>\n<p><strong id=\"gdpr-dpa\">Aufsichtsbeh\u00f6rde<\/strong><\/p>\n<h3 id=\"gdpr-changes\">\u00c4NDERUNGEN AN DIESER DATENSCHUTZRICHTLINIE<\/h3>\n<p>Wir behalten uns das Recht vor, \u00c4nderungen an dieser Datenschutzrichtlinie vorzunehmen.<br \/>Die letzte \u00c4nderung wurde am 13. Juli 2022 vorgenommen.<\/p>\n<p><!-- \/divi:paragraph --><\/p>\n<p>[\/et_pb_text][\/et_pb_column][\/et_pb_row][\/et_pb_section]<\/p>\n","protected":false},"excerpt":{"rendered":"<p>DATENSCHUTZPOLITIKUnsere Datenschutzpolitik ist dem Schutz Ihrer Privatsph\u00e4re verpflichtet. Kontaktieren Sie uns unter info@entourage.ch wenn Sie Fragen oder Probleme bez\u00fcglich der Verwendung Ihrer pers\u00f6nlichen Daten haben, und wir werden Ihnen gerne helfen. Durch die Nutzung dieser Website oder\/und unserer Dienstleistungen stimmen Sie der Verarbeitung Ihrer pers\u00f6nlichen Daten wie in dieser Datenschutzrichtlinie beschrieben zu. INHALTSVERZEICHNIS In dieser [&hellip;]<\/p>\n","protected":false},"author":1,"featured_media":0,"parent":0,"menu_order":0,"comment_status":"closed","ping_status":"open","template":"","meta":{"_acf_changed":false,"_et_pb_use_builder":"on","_et_pb_old_content":"","_et_gb_content_width":"","footnotes":""},"dipi_cpt_category":[],"class_list":["post-25547218","page","type-page","status-publish","hentry"],"acf":[],"_links":{"self":[{"href":"https:\/\/www.entourage.ch\/de\/wp-json\/wp\/v2\/pages\/25547218","targetHints":{"allow":["GET"]}}],"collection":[{"href":"https:\/\/www.entourage.ch\/de\/wp-json\/wp\/v2\/pages"}],"about":[{"href":"https:\/\/www.entourage.ch\/de\/wp-json\/wp\/v2\/types\/page"}],"author":[{"embeddable":true,"href":"https:\/\/www.entourage.ch\/de\/wp-json\/wp\/v2\/users\/1"}],"replies":[{"embeddable":true,"href":"https:\/\/www.entourage.ch\/de\/wp-json\/wp\/v2\/comments?post=25547218"}],"version-history":[{"count":0,"href":"https:\/\/www.entourage.ch\/de\/wp-json\/wp\/v2\/pages\/25547218\/revisions"}],"wp:attachment":[{"href":"https:\/\/www.entourage.ch\/de\/wp-json\/wp\/v2\/media?parent=25547218"}],"wp:term":[{"taxonomy":"dipi_cpt_category","embeddable":true,"href":"https:\/\/www.entourage.ch\/de\/wp-json\/wp\/v2\/dipi_cpt_category?post=25547218"}],"curies":[{"name":"wp","href":"https:\/\/api.w.org\/{rel}","templated":true}]}}