{"id":25547149,"date":"2022-11-09T15:56:49","date_gmt":"2022-11-09T14:56:49","guid":{"rendered":"https:\/\/www.entourage.ch\/a-propos\/klinik-gemeinschaft\/"},"modified":"2026-01-28T11:11:18","modified_gmt":"2026-01-28T10:11:18","slug":"entourage-lausanne","status":"publish","type":"page","link":"https:\/\/www.entourage.ch\/de\/entourage-lausanne\/","title":{"rendered":"Entourage-Klinik in Lausanne"},"content":{"rendered":"<p>[et_pb_section fb_built=&#8220;1&#8243; custom_padding_last_edited=&#8220;on|phone&#8220; module_id=&#8220;responsive-bgg&#8220; _builder_version=&#8220;4.27.4&#8243; _dynamic_attributes=&#8220;background_image&#8220; _module_preset=&#8220;default&#8220; use_background_color_gradient=&#8220;on&#8220; background_color_gradient_stops=&#8220;rgba(0,0,0,0.5) 0%|rgba(0,0,0,0.3) 100%&#8220; background_color_gradient_overlays_image=&#8220;on&#8220; background_image=&#8220;@ET-DC@eyJkeW5hbWljIjp0cnVlLCJjb250ZW50IjoicG9zdF9mZWF0dXJlZF9pbWFnZSIsInNldHRpbmdzIjp7ImVuYWJsZV9odG1sIjoib2ZmIn19@&#8220; custom_padding=&#8220;14em||6em||false|false&#8220; custom_padding_tablet=&#8220;6em||4em||false|false&#8220; custom_padding_phone=&#8220;||||false|false&#8220; hover_enabled=&#8220;0&#8243; background_last_edited=&#8220;on|phone&#8220; global_module=&#8220;732&#8243; saved_tabs=&#8220;all&#8220; global_colors_info=&#8220;{}&#8220; sticky_enabled=&#8220;0&#8243;][et_pb_row _builder_version=&#8220;4.27.4&#8243; _module_preset=&#8220;default&#8220; scroll_vertical_motion=&#8220;0|73|73|100|4|0|-4&#8243; scroll_scaling=&#8220;0|73|73|100|70|100|130%&#8220; global_colors_info=&#8220;{}&#8220;][et_pb_column type=&#8220;4_4&#8243; _builder_version=&#8220;4.18.0&#8243; _module_preset=&#8220;default&#8220; global_colors_info=&#8220;{}&#8220;][et_pb_text _builder_version=&#8220;4.27.4&#8243; _dynamic_attributes=&#8220;content&#8220; _module_preset=&#8220;default&#8220; animation_direction=&#8220;bottom&#8220; scroll_vertical_motion=&#8220;0|80|80|100|0|0|-4&#8243; scroll_fade=&#8220;22|80|80|100|100%|100%|0%&#8220; scroll_scaling=&#8220;0|80|80|100|70|100|150%&#8220; motion_trigger_start=&#8220;top&#8220; global_colors_info=&#8220;{}&#8220;]@ET-DC@eyJkeW5hbWljIjp0cnVlLCJjb250ZW50IjoicG9zdF90aXRsZSIsInNldHRpbmdzIjp7ImJlZm9yZSI6IjxoMT4iLCJhZnRlciI6IjwvaDE+IiwiZW5hYmxlX2h0bWwiOiJvZmYifX0=@[\/et_pb_text][\/et_pb_column][\/et_pb_row][et_pb_row _builder_version=&#8220;4.18.0&#8243; _module_preset=&#8220;default&#8220; global_colors_info=&#8220;{}&#8220;][et_pb_column type=&#8220;4_4&#8243; _builder_version=&#8220;4.18.0&#8243; _module_preset=&#8220;default&#8220; global_colors_info=&#8220;{}&#8220;][et_pb_text _builder_version=&#8220;4.23.1&#8243; _dynamic_attributes=&#8220;content&#8220; _module_preset=&#8220;default&#8220; text_text_color=&#8220;#FFFFFF&#8220; text_orientation=&#8220;center&#8220; display_conditions=&#8220;W3siaWQiOiI2ZDZiMzI1Yy0xY2Y1LTRjZjctYmJmOC1iODJmNTc0Y2MzZDkiLCJjb25kaXRpb24iOiJwYWdlIiwiY29uZGl0aW9uU2V0dGluZ3MiOnsiZGlzcGxheVJ1bGUiOiJpc05vdCIsImR5bmFtaWNQb3N0cyI6W3sibGFiZWwiOiJJbmplY3Rpb25zIGRlIHZpdGFtaW5lcyAtIElWIERyaXBzIiwidmFsdWUiOiIyMzk0NjM2MiJ9XSwicG9zdFR5cGVMYWJlbCI6IlBhZ2VzIiwiYWRtaW5MYWJlbCI6IlBhZ2VzIiwiZW5hYmxlQ29uZGl0aW9uIjoib24ifSwib3BlcmF0b3IiOiJPUiJ9XQ==&#8220; global_colors_info=&#8220;{}&#8220;]@ET-DC@eyJkeW5hbWljIjp0cnVlLCJjb250ZW50IjoiY3VzdG9tX21ldGFfc291cy10aXRyZSIsInNldHRpbmdzIjp7ImJlZm9yZSI6IiIsImFmdGVyIjoiIiwiZW5hYmxlX2h0bWwiOiJvZmYifX0=@[\/et_pb_text][\/et_pb_column][\/et_pb_row][et_pb_row _builder_version=&#8220;4.25.1&#8243; _module_preset=&#8220;default&#8220; display_conditions=&#8220;W3siaWQiOiJmMzljMzE4Yi00YjU1LTQ2YzgtYTg0My1iNDYyZjQwOTk4OTgiLCJjb25kaXRpb24iOiJwYWdlIiwiY29uZGl0aW9uU2V0dGluZ3MiOnsiZGlzcGxheVJ1bGUiOiJpc05vdCIsImR5bmFtaWNQb3N0cyI6W3sibGFiZWwiOiJSZW5kZXotdm91cyBkYW5zIHZvdHJlIGNsaW5pcXVlIGVzdGhcdTAwZTl0aXF1ZSBcdTAwZTAgTGF1c2FubmUiLCJ2YWx1ZSI6IjM2NCJ9LHsibGFiZWwiOiJTaG9wIiwidmFsdWUiOiIyMzk0NTM4NCJ9LHsibGFiZWwiOiJDXHUwMGU5bFx1MDBlOWJyZXogbGEgYmVhdXRcdTAwZTkgZGVzIGZcdTAwZWF0ZXMiLCJ2YWx1ZSI6IjIzOTQ2MjM2In0seyJsYWJlbCI6IkNsaW5pcXVlIEVudG91cmFnZSBcdTAwZTAgVmVyYmllciIsInZhbHVlIjoiMjM5NDYzNDAifSx7ImxhYmVsIjoiRW50b3VyYWdlIHJlY3J1dGUiLCJ2YWx1ZSI6Ijc3NCJ9LHsibGFiZWwiOiJQb3N0dWxlciBjaGV6IEVudG91cmFnZSIsInZhbHVlIjoiMjU1NDQ5NTYifV0sInBvc3RUeXBlTGFiZWwiOiJQYWdlcyIsImFkbWluTGFiZWwiOiJQYWdlcyIsImVuYWJsZUNvbmRpdGlvbiI6Im9uIn0sIm9wZXJhdG9yIjoiT1IifV0=&#8220; global_colors_info=&#8220;{}&#8220;][et_pb_column type=&#8220;4_4&#8243; _builder_version=&#8220;4.18.0&#8243; _module_preset=&#8220;default&#8220; global_colors_info=&#8220;{}&#8220;][et_pb_button button_url=&#8220;@ET-DC@eyJkeW5hbWljIjp0cnVlLCJjb250ZW50IjoicG9zdF9saW5rX3VybF9wYWdlIiwic2V0dGluZ3MiOnsicG9zdF9pZCI6IjM2NCIsImVuYWJsZV9odG1sIjoib2ZmIn19@&#8220; button_text=&#8220;Termin vereinbaren&#8220; button_alignment=&#8220;center&#8220; _builder_version=&#8220;4.23.4&#8243; _dynamic_attributes=&#8220;button_url&#8220; _module_preset=&#8220;58291b2a-110c-4940-8e72-4864cea013a7&#8243; display_conditions=&#8220;W10=&#8220; global_colors_info=&#8220;{}&#8220;][\/et_pb_button][\/et_pb_column][\/et_pb_row][et_pb_row _builder_version=&#8220;4.20.2&#8243; _module_preset=&#8220;default&#8220; custom_padding=&#8220;4em||0px||false|false&#8220; global_colors_info=&#8220;{}&#8220;][et_pb_column type=&#8220;4_4&#8243; _builder_version=&#8220;4.18.0&#8243; _module_preset=&#8220;default&#8220; global_colors_info=&#8220;{}&#8220;][et_pb_text _builder_version=&#8220;4.20.2&#8243; _module_preset=&#8220;default&#8220; text_text_color=&#8220;#cccccc&#8220; text_font_size=&#8220;0.7em&#8220; link_font=&#8220;|600|||||||&#8220; link_text_color=&#8220;#cccccc&#8220; text_orientation=&#8220;center&#8220; global_colors_info=&#8220;{}&#8220;]<\/p>\n<p><span><nav aria-label=\"breadcrumbs\" class=\"rank-math-breadcrumb\"><p><span class=\"last\">Accueil<\/span><\/p><\/nav><\/span><\/p>\n<p>[\/et_pb_text][\/et_pb_column][\/et_pb_row][et_pb_row disabled_on=&#8220;off|off|off&#8220; admin_label=&#8220;Logo 10 Jahre&#8220; _builder_version=&#8220;4.27.4&#8243; _module_preset=&#8220;default&#8220; positioning=&#8220;absolute&#8220; position_origin_a=&#8220;bottom_center&#8220; vertical_offset=&#8220;-32px&#8220; z_index=&#8220;10&#8243; overflow-y=&#8220;visible&#8220; hover_enabled=&#8220;0&#8243; global_colors_info=&#8220;{%22gcid-e6005e65-e69d-4a19-89b5-d0287e5f01fc%22:%91%22background_color%22%93}&#8220; width=&#8220;100%&#8220; max_width=&#8220;150px&#8220; background_color=&#8220;gcid-e6005e65-e69d-4a19-89b5-d0287e5f01fc&#8220; border_radii=&#8220;off|35px|35px||&#8220; sticky_enabled=&#8220;0&#8243; custom_margin=&#8220;||||false|false&#8220; custom_padding=&#8220;0px||0px||false|false&#8220; display_conditions=&#8220;W10=&#8220; overflow-x=&#8220;visible&#8220; border_radii_last_edited=&#8220;on|tablet&#8220; border_radii_tablet=&#8220;off|30px|30px||&#8220; border_radii_phone=&#8220;off|30px|30px||&#8220;][et_pb_column type=&#8220;4_4&#8243; _builder_version=&#8220;4.27.4&#8243; _module_preset=&#8220;default&#8220; hover_enabled=&#8220;0&#8243; global_colors_info=&#8220;{}&#8220; sticky_enabled=&#8220;0&#8243;][et_pb_image src=&#8220;https:\/\/www.entourage.ch\/wp-content\/uploads\/2025\/08\/bord-arrondi.svg&#8220; _builder_version=&#8220;4.27.4&#8243; _module_preset=&#8220;default&#8220; title_text=&#8220;bord-arrondi&#8220; width=&#8220;100%&#8220; positioning=&#8220;absolute&#8220; vertical_offset=&#8220;29px&#8220; max_width=&#8220;50px&#8220; max_height=&#8220;50px&#8220; horizontal_offset=&#8220;-50px&#8220; hover_enabled=&#8220;0&#8243; sticky_enabled=&#8220;0&#8243; admin_label=&#8220;arrondi gauche V2&#8243; position_origin_r=&#8220;bottom_left&#8220; max_width_last_edited=&#8220;on|tablet&#8220; max_width_tablet=&#8220;35px&#8220; max_height_last_edited=&#8220;on|tablet&#8220; max_height_tablet=&#8220;35px&#8220; vertical_offset_last_edited=&#8220;on|tablet&#8220; vertical_offset_tablet=&#8220;27px&#8220; horizontal_offset_last_edited=&#8220;on|tablet&#8220; horizontal_offset_tablet=&#8220;-35px&#8220; max_width_phone=&#8220;35px&#8220; max_height_phone=&#8220;35px&#8220; vertical_offset_phone=&#8220;27px&#8220; horizontal_offset_phone=&#8220;-35px&#8220;][\/et_pb_image][et_pb_image src=&#8220;https:\/\/www.entourage.ch\/wp-content\/uploads\/2025\/08\/entourage-picto-10ans-n.png&#8220; title_text=&#8220;entourage-picto-10ans-n&#8220; _builder_version=&#8220;4.27.4&#8243; _module_preset=&#8220;default&#8220; max_width=&#8220;99px&#8220; module_alignment=&#8220;center&#8220; hover_enabled=&#8220;0&#8243; global_colors_info=&#8220;{%22gcid-e6005e65-e69d-4a19-89b5-d0287e5f01fc%22:%91%22background_color%22%93}&#8220; sticky_enabled=&#8220;0&#8243; border_radii=&#8220;off||||&#8220; show_bottom_space=&#8220;off&#8220; custom_padding=&#8220;20px||0px||false|false&#8220; custom_margin=&#8220;||||false|false&#8220; align=&#8220;center&#8220; background_enable_color=&#8220;off&#8220; max_width_last_edited=&#8220;on|phone&#8220; max_width_tablet=&#8220;80px&#8220; max_width_phone=&#8220;80px&#8220;][\/et_pb_image][et_pb_image src=&#8220;https:\/\/www.entourage.ch\/wp-content\/uploads\/2025\/08\/bord-arrondi.svg&#8220; _builder_version=&#8220;4.27.4&#8243; _module_preset=&#8220;default&#8220; title_text=&#8220;bord-arrondi&#8220; width=&#8220;100%&#8220; positioning=&#8220;absolute&#8220; position_origin_a=&#8220;top_right&#8220; vertical_offset=&#8220;29px&#8220; max_width=&#8220;50px&#8220; max_height=&#8220;50px&#8220; horizontal_offset=&#8220;-50px&#8220; hover_enabled=&#8220;0&#8243; sticky_enabled=&#8220;0&#8243; admin_label=&#8220;arrondi droite V2&#8243; position_origin_r=&#8220;bottom_left&#8220; max_width_last_edited=&#8220;on|tablet&#8220; max_width_tablet=&#8220;35px&#8220; max_height_last_edited=&#8220;on|tablet&#8220; max_height_tablet=&#8220;35px&#8220; vertical_offset_last_edited=&#8220;on|tablet&#8220; vertical_offset_tablet=&#8220;27px&#8220; horizontal_offset_last_edited=&#8220;on|tablet&#8220; horizontal_offset_tablet=&#8220;-35px&#8220; transform_rotate=&#8220;0deg|180deg|0deg&#8220; max_width_phone=&#8220;35px&#8220; max_height_phone=&#8220;35px&#8220; vertical_offset_phone=&#8220;27px&#8220; horizontal_offset_phone=&#8220;-35px&#8220;][\/et_pb_image][\/et_pb_column][\/et_pb_row][\/et_pb_section][et_pb_section fb_built=&#8220;1&#8243; _builder_version=&#8220;4.18.0&#8243; _module_preset=&#8220;default&#8220; hover_enabled=&#8220;0&#8243; global_colors_info=&#8220;{}&#8220; sticky_enabled=&#8220;0&#8243;][et_pb_row column_structure=&#8220;1_2,1_2&#8243; _builder_version=&#8220;4.18.0&#8243; _module_preset=&#8220;default&#8220; global_colors_info=&#8220;{}&#8220;][et_pb_column type=&#8220;1_2&#8243; _builder_version=&#8220;4.18.0&#8243; _module_preset=&#8220;default&#8220; global_colors_info=&#8220;{}&#8220;][et_pb_text _builder_version=&#8220;4.21.0&#8243; _module_preset=&#8220;default&#8220; global_colors_info=&#8220;{}&#8220;]<\/p>\n<h2>Ihre Sch\u00f6nheitsklinik in Lausanne<\/h2>\n<p>[\/et_pb_text][et_pb_text _builder_version=&#8220;4.18.0&#8243; _module_preset=&#8220;default&#8220; global_colors_info=&#8220;{}&#8220;]<\/p>\n<p>Die Klinik Entourage ist ideal <strong>im Zentrum von Lausanne gelegen<\/strong> und wurde 2014 er\u00f6ffnet.<\/p>\n<p>Sie wurde von einer neuen Generation von Sch\u00f6nheitschirurgen und -\u00e4rzten gegr\u00fcndet, die <strong>in den besten Sch\u00f6nheitskliniken<\/strong> der Genfersee-Region <strong>ausgebildet wurden<\/strong> und fest entschlossen sind, Ihnen ein bislang unerreichtes Serviceniveau zu bieten.<\/p>\n<p>Alles wurde durchdacht und organisiert, um Ihnen <strong>eine neue Erfahrung in der \u00e4sthetischen Chirurgie und Medizin zu<\/strong> bieten. Bei Entourage finden Sie ein eingespieltes Team von erfahrenen Experten, die zusammenarbeiten, um L\u00f6sungen zu finden, die Ihren Bed\u00fcrfnissen, W\u00fcnschen und Ihrem Budget entsprechen. <\/p>\n<p>[\/et_pb_text][\/et_pb_column][et_pb_column type=&#8220;1_2&#8243; _builder_version=&#8220;4.18.0&#8243; _module_preset=&#8220;default&#8220; global_colors_info=&#8220;{}&#8220;][et_pb_video src=&#8220;https:\/\/youtu.be\/snL_7faD2_8&#8243; _builder_version=&#8220;4.18.0&#8243; _module_preset=&#8220;default&#8220; global_colors_info=&#8220;{}&#8220;][\/et_pb_video][\/et_pb_column][\/et_pb_row][et_pb_row column_structure=&#8220;1_2,1_2&#8243; module_class=&#8220;reverse-responsive&#8220; _builder_version=&#8220;4.21.0&#8243; _module_preset=&#8220;default&#8220; global_colors_info=&#8220;{}&#8220;][et_pb_column type=&#8220;1_2&#8243; _builder_version=&#8220;4.18.0&#8243; _module_preset=&#8220;default&#8220; global_colors_info=&#8220;{}&#8220;][et_pb_image src=&#8220;https:\/\/www.entourage.ch\/wp-content\/uploads\/2023\/05\/entourage.jpg&#8220; title_text=&#8220;Umgebung&#8220; _builder_version=&#8220;4.21.0&#8243; _module_preset=&#8220;default&#8220; custom_margin_tablet=&#8220;&#8220; custom_margin_phone=&#8220;30px||||false|false&#8220; custom_margin_last_edited=&#8220;on|phone&#8220; global_colors_info=&#8220;{}&#8220;][\/et_pb_image][\/et_pb_column][et_pb_column type=&#8220;1_2&#8243; _builder_version=&#8220;4.18.0&#8243; _module_preset=&#8220;default&#8220; global_colors_info=&#8220;{}&#8220;][et_pb_text _builder_version=&#8220;4.21.0&#8243; _module_preset=&#8220;default&#8220; global_colors_info=&#8220;{}&#8220;]<\/p>\n<h2>Eine einzigartige Erfahrung<\/h2>\n<p>[\/et_pb_text][et_pb_text _builder_version=&#8220;4.18.0&#8243; _module_preset=&#8220;default&#8220; global_colors_info=&#8220;{}&#8220;]<\/p>\n<p>Die Klinik verf\u00fcgt \u00fcber eine <strong>hochmoderne technische Ausstattung<\/strong> auf einer Fl\u00e4che von \u00fcber 300 m2. Der Operationssaal, der speziell f\u00fcr die Sch\u00f6nheitschirurgie konzipiert wurde, wird j\u00e4hrlich f\u00fcr \u00fcber 400 Eingriffe genutzt. <\/p>\n<p>Die Inneneinrichtung wurde von dem Architekten Ralph Germann entworfen. Er schaffte es, eine <strong>moderne und originelle Atmosph\u00e4re<\/strong> in einem Kokon aus Komfort und Hightech zu schaffen, ohne dabei Kompromisse bei den <strong>Sicherheits- und Hygieneanforderungen<\/strong> einzugehen, die durch die medizinische T\u00e4tigkeit des Ortes auferlegt wurden. <\/p>\n<p>Unsere R\u00e4umlichkeiten entsprechen den neuesten Standards. Sie wurden <strong>von der Gesundheitsbeh\u00f6rde des Kantons Waadt genehmigt<\/strong>. <\/p>\n<p>[\/et_pb_text][\/et_pb_column][\/et_pb_row][\/et_pb_section][et_pb_section fb_built=&#8220;1&#8243; _builder_version=&#8220;4.18.0&#8243; _module_preset=&#8220;default&#8220; global_colors_info=&#8220;{}&#8220;][et_pb_row _builder_version=&#8220;4.18.0&#8243; _module_preset=&#8220;default&#8220; global_colors_info=&#8220;{}&#8220;][et_pb_column type=&#8220;4_4&#8243; _builder_version=&#8220;4.18.0&#8243; _module_preset=&#8220;default&#8220; global_colors_info=&#8220;{}&#8220;][et_pb_text _builder_version=&#8220;4.18.0&#8243; _module_preset=&#8220;default&#8220; global_colors_info=&#8220;{}&#8220;]<\/p>\n<h2>Virtueller Rundgang durch die Entourage-Klinik<\/h2>\n<p>[\/et_pb_text][et_pb_code _builder_version=&#8220;4.18.0&#8243; _module_preset=&#8220;default&#8220; global_colors_info=&#8220;{}&#8220;]<iframe src=\"https:\/\/www.google.com\/maps\/embed?pb=!1m0!4v1499266470610!6m8!1m7!1sF%3A-URTRpf5yncE%2FWVefxrEY4iI%2FAAAAAAAA02c%2FvQRJHdPbYjMZo-p5CIcnjh5i2occXy4-QCLIBGAYYCw!2m2!1d46.51659742728303!2d6.634137908892626!3f205.22403668907407!4f-4.197404879257618!5f0.4000000000000002\" width=\"100%\" height=\"540\" frameborder=\"0\" style=\"border:0\" allowfullscreen=\"\"><\/iframe>[\/et_pb_code][\/et_pb_column][\/et_pb_row][\/et_pb_section][et_pb_section fb_built=&#8220;1&#8243; _builder_version=&#8220;4.18.0&#8243; _module_preset=&#8220;default&#8220; global_module=&#8220;832&#8243; saved_tabs=&#8220;all&#8220; global_colors_info=&#8220;{}&#8220;][et_pb_row _builder_version=&#8220;4.18.0&#8243; _module_preset=&#8220;default&#8220; custom_padding=&#8220;||0px||false|false&#8220; global_colors_info=&#8220;{}&#8220;][et_pb_column type=&#8220;4_4&#8243; _builder_version=&#8220;4.18.0&#8243; _module_preset=&#8220;default&#8220; global_colors_info=&#8220;{}&#8220;][et_pb_text _builder_version=&#8220;4.18.0&#8243; _module_preset=&#8220;default&#8220; global_colors_info=&#8220;{}&#8220;]<\/p>\n<h2>\u00dcber Entourage<\/h2>\n<p>[\/et_pb_text][\/et_pb_column][\/et_pb_row][et_pb_row _builder_version=&#8220;4.22.1&#8243; _module_preset=&#8220;default&#8220; global_colors_info=&#8220;{}&#8220;][et_pb_column type=&#8220;4_4&#8243; _builder_version=&#8220;4.22.1&#8243; _module_preset=&#8220;default&#8220; global_colors_info=&#8220;{}&#8220;][dipi_filterable_grid select_post_type=&#8220;page&#8220; include_term_ids_of_dipi_cpt_category=&#8220;142&#8243; show_all_filter=&#8220;off&#8220; grid_layout=&#8220;grid&#8220; show_post_title=&#8220;on&#8220; use_post_link=&#8220;on&#8220; post_link_target=&#8220;_self&#8220; use_thumbnails=&#8220;on&#8220; image_size_desktop=&#8220;et-pb-portfolio-module-image&#8220; image_size_tablet=&#8220;et-pb-portfolio-module-image&#8220; image_size_phone=&#8220;et-pb-portfolio-image&#8220; overlay_padding=&#8220;30px|30px|30px|30px|false|false&#8220; grid_margin=&#8220;0px|0px|0px|0px|false|false&#8220; grid_padding=&#8220;0px|0px|0px|0px|false|false&#8220; columns_tablet=&#8220;3&#8243; columns_phone=&#8220;2&#8243; columns_last_edited=&#8220;on|phone&#8220; _builder_version=&#8220;4.27.4&#8243; _module_preset=&#8220;default&#8220; header_3_font=&#8220;||||||||&#8220; grid_item_title_level=&#8220;h3&#8243; grid_item_title_text_align=&#8220;center&#8220; grid_item_title_font_size=&#8220;1.3em&#8220; grid_item_title_letter_spacing=&#8220;1px&#8220; custom_padding=&#8220;||0px||false|false&#8220; grid_item_title_font_size_tablet=&#8220;1.3em&#8220; grid_item_title_font_size_phone=&#8220;1.2em&#8220; grid_item_title_font_size_last_edited=&#8220;on|phone&#8220; custom_css_filter_bar=&#8220;display:none;&#8220; custom_css_grid_item_img=&#8220;max-height:120px;&#8220; global_colors_info=&#8220;{}&#8220; custom_css_grid_item_img_last_edited=&#8220;on|tablet&#8220; custom_css_grid_item_img_tablet=&#8220;max-height:100px;&#8220; custom_css_grid_item_img_phone=&#8220;max-height:90px;&#8220;][\/dipi_filterable_grid][\/et_pb_column][\/et_pb_row][\/et_pb_section]<\/p>\n","protected":false},"excerpt":{"rendered":"<p><nav aria-label=\"breadcrumbs\" class=\"rank-math-breadcrumb\"><p><span class=\"last\">Accueil<\/span><\/p><\/nav>Ihre Sch\u00f6nheitsklinik in LausanneDie Klinik Entourage ist ideal im Zentrum von Lausanne gelegen und wurde 2014 er\u00f6ffnet. Sie wurde von einer neuen Generation von Sch\u00f6nheitschirurgen und -\u00e4rzten gegr\u00fcndet, die in den besten Sch\u00f6nheitskliniken der Genfersee-Region ausgebildet wurden und fest entschlossen sind, Ihnen ein bislang unerreichtes Serviceniveau zu bieten. Alles wurde durchdacht und organisiert, um Ihnen [&hellip;]<\/p>\n","protected":false},"author":1,"featured_media":25547151,"parent":0,"menu_order":0,"comment_status":"closed","ping_status":"closed","template":"","meta":{"_acf_changed":false,"_et_pb_use_builder":"on","_et_pb_old_content":"","_et_gb_content_width":"","footnotes":""},"dipi_cpt_category":[469],"class_list":["post-25547149","page","type-page","status-publish","has-post-thumbnail","hentry","dipi_cpt_category-a-propos-de"],"acf":[],"_links":{"self":[{"href":"https:\/\/www.entourage.ch\/de\/wp-json\/wp\/v2\/pages\/25547149","targetHints":{"allow":["GET"]}}],"collection":[{"href":"https:\/\/www.entourage.ch\/de\/wp-json\/wp\/v2\/pages"}],"about":[{"href":"https:\/\/www.entourage.ch\/de\/wp-json\/wp\/v2\/types\/page"}],"author":[{"embeddable":true,"href":"https:\/\/www.entourage.ch\/de\/wp-json\/wp\/v2\/users\/1"}],"replies":[{"embeddable":true,"href":"https:\/\/www.entourage.ch\/de\/wp-json\/wp\/v2\/comments?post=25547149"}],"version-history":[{"count":5,"href":"https:\/\/www.entourage.ch\/de\/wp-json\/wp\/v2\/pages\/25547149\/revisions"}],"predecessor-version":[{"id":25563084,"href":"https:\/\/www.entourage.ch\/de\/wp-json\/wp\/v2\/pages\/25547149\/revisions\/25563084"}],"wp:featuredmedia":[{"embeddable":true,"href":"https:\/\/www.entourage.ch\/de\/wp-json\/wp\/v2\/media\/25547151"}],"wp:attachment":[{"href":"https:\/\/www.entourage.ch\/de\/wp-json\/wp\/v2\/media?parent=25547149"}],"wp:term":[{"taxonomy":"dipi_cpt_category","embeddable":true,"href":"https:\/\/www.entourage.ch\/de\/wp-json\/wp\/v2\/dipi_cpt_category?post=25547149"}],"curies":[{"name":"wp","href":"https:\/\/api.w.org\/{rel}","templated":true}]}}