{"id":25547124,"date":"2022-11-08T16:19:23","date_gmt":"2022-11-08T15:19:23","guid":{"rendered":"https:\/\/www.entourage.ch\/a-propos\/la-philosophie-entourage\/"},"modified":"2024-10-26T13:21:31","modified_gmt":"2024-10-26T11:21:31","slug":"la-philosophie-entourage","status":"publish","type":"page","link":"https:\/\/www.entourage.ch\/de\/uber-uns\/la-philosophie-entourage\/","title":{"rendered":"Die Philosophie von Entourage"},"content":{"rendered":"<p>[et_pb_section fb_built=&#8220;1&#8243; custom_padding_last_edited=&#8220;on|phone&#8220; _builder_version=&#8220;4.21.0&#8243; _dynamic_attributes=&#8220;background_image&#8220; _module_preset=&#8220;default&#8220; use_background_color_gradient=&#8220;on&#8220; background_color_gradient_stops=&#8220;rgba(0,0,0,0.3) 0%|rgba(0,0,0,0.3) 100%&#8220; background_color_gradient_overlays_image=&#8220;on&#8220; background_image=&#8220;@ET-DC@eyJkeW5hbWljIjp0cnVlLCJjb250ZW50IjoicG9zdF9mZWF0dXJlZF9pbWFnZSIsInNldHRpbmdzIjp7fX0=@&#8220; custom_padding=&#8220;14em||4em||false|false&#8220; custom_padding_tablet=&#8220;6em||2em||false|false&#8220; custom_padding_phone=&#8220;6em||2em||false|false&#8220; global_module=&#8220;732&#8243; saved_tabs=&#8220;all&#8220; global_colors_info=&#8220;{}&#8220;][et_pb_row _builder_version=&#8220;4.20.2&#8243; _module_preset=&#8220;default&#8220; scroll_vertical_motion=&#8220;0|73|73|100|4|0|-4&#8243; scroll_scaling=&#8220;0|73|73|100|70|100|130%&#8220; global_colors_info=&#8220;{}&#8220;][et_pb_column type=&#8220;4_4&#8243; _builder_version=&#8220;4.18.0&#8243; _module_preset=&#8220;default&#8220; global_colors_info=&#8220;{}&#8220;][et_pb_text _builder_version=&#8220;4.20.2&#8243; _dynamic_attributes=&#8220;content&#8220; _module_preset=&#8220;default&#8220; animation_direction=&#8220;bottom&#8220; scroll_vertical_motion=&#8220;0|80|80|100|0|0|-4&#8243; scroll_fade=&#8220;22|80|80|100|100%|100%|0%&#8220; scroll_scaling=&#8220;0|80|80|100|70|100|150%&#8220; motion_trigger_start=&#8220;top&#8220; global_colors_info=&#8220;{}&#8220;]@ET-DC@eyJkeW5hbWljIjp0cnVlLCJjb250ZW50IjoicG9zdF90aXRsZSIsInNldHRpbmdzIjp7ImJlZm9yZSI6IjxoMT4iLCJhZnRlciI6IjxcL2gxPiJ9fQ==@[\/et_pb_text][\/et_pb_column][\/et_pb_row][et_pb_row _builder_version=&#8220;4.18.0&#8243; _module_preset=&#8220;default&#8220; global_colors_info=&#8220;{}&#8220;][et_pb_column type=&#8220;4_4&#8243; _builder_version=&#8220;4.18.0&#8243; _module_preset=&#8220;default&#8220; global_colors_info=&#8220;{}&#8220;][et_pb_text _builder_version=&#8220;4.18.0&#8243; _dynamic_attributes=&#8220;content&#8220; _module_preset=&#8220;default&#8220; text_text_color=&#8220;#FFFFFF&#8220; text_orientation=&#8220;center&#8220; global_colors_info=&#8220;{}&#8220;]@ET-DC@eyJkeW5hbWljIjp0cnVlLCJjb250ZW50IjoiY3VzdG9tX21ldGFfc291cy10aXRyZSIsInNldHRpbmdzIjp7ImJlZm9yZSI6IiIsImFmdGVyIjoiIiwiZW5hYmxlX2h0bWwiOiJvZmYifX0=@[\/et_pb_text][\/et_pb_column][\/et_pb_row][et_pb_row _builder_version=&#8220;4.20.2&#8243; _module_preset=&#8220;default&#8220; display_conditions=&#8220;W3siaWQiOiJmMzljMzE4Yi00YjU1LTQ2YzgtYTg0My1iNDYyZjQwOTk4OTgiLCJjb25kaXRpb24iOiJwYWdlIiwiY29uZGl0aW9uU2V0dGluZ3MiOnsiZGlzcGxheVJ1bGUiOiJpc05vdCIsImR5bmFtaWNQb3N0cyI6W3sibGFiZWwiOiJSZW5kZXotdm91cyBkYW5zIHZvdHJlIGNsaW5pcXVlIGVzdGhcdTAwZTl0aXF1ZSBcdTAwZTAgTGF1c2FubmUiLCJ2YWx1ZSI6IjM2NCJ9XSwicG9zdFR5cGVMYWJlbCI6IlBhZ2VzIiwiYWRtaW5MYWJlbCI6IlBhZ2VzIiwiZW5hYmxlQ29uZGl0aW9uIjoib24ifSwib3BlcmF0b3IiOiJPUiJ9XQ==&#8220; global_colors_info=&#8220;{}&#8220;][et_pb_column type=&#8220;4_4&#8243; _builder_version=&#8220;4.18.0&#8243; _module_preset=&#8220;default&#8220; global_colors_info=&#8220;{}&#8220;][et_pb_button button_url=&#8220;@ET-DC@eyJkeW5hbWljIjp0cnVlLCJjb250ZW50IjoicG9zdF9saW5rX3VybF9wYWdlIiwic2V0dGluZ3MiOnsicG9zdF9pZCI6IjM2NCJ9fQ==@&#8220; button_text=&#8220;Termin vereinbaren&#8220; button_alignment=&#8220;center&#8220; _builder_version=&#8220;4.18.0&#8243; _dynamic_attributes=&#8220;button_url&#8220; _module_preset=&#8220;58291b2a-110c-4940-8e72-4864cea013a7&#8243; global_colors_info=&#8220;{}&#8220;][\/et_pb_button][\/et_pb_column][\/et_pb_row][et_pb_row _builder_version=&#8220;4.20.2&#8243; _module_preset=&#8220;default&#8220; custom_padding=&#8220;4em||0px||false|false&#8220; global_colors_info=&#8220;{}&#8220;][et_pb_column type=&#8220;4_4&#8243; _builder_version=&#8220;4.18.0&#8243; _module_preset=&#8220;default&#8220; global_colors_info=&#8220;{}&#8220;][et_pb_text _builder_version=&#8220;4.20.2&#8243; _module_preset=&#8220;default&#8220; text_text_color=&#8220;#cccccc&#8220; text_font_size=&#8220;0.7em&#8220; link_font=&#8220;|600|||||||&#8220; link_text_color=&#8220;#cccccc&#8220; text_orientation=&#8220;center&#8220; global_colors_info=&#8220;{}&#8220;]<\/p>\n<p><span><nav aria-label=\"breadcrumbs\" class=\"rank-math-breadcrumb\"><p><span class=\"last\">Accueil<\/span><\/p><\/nav><\/span><\/p>\n<p>[\/et_pb_text][\/et_pb_column][\/et_pb_row][\/et_pb_section][et_pb_section fb_built=&#8220;1&#8243; _builder_version=&#8220;4.18.0&#8243; _module_preset=&#8220;default&#8220; global_colors_info=&#8220;{}&#8220;][et_pb_row column_structure=&#8220;1_2,1_2&#8243; _builder_version=&#8220;4.18.0&#8243; _module_preset=&#8220;default&#8220; global_colors_info=&#8220;{}&#8220;][et_pb_column type=&#8220;1_2&#8243; _builder_version=&#8220;4.18.0&#8243; _module_preset=&#8220;default&#8220; global_colors_info=&#8220;{}&#8220;][et_pb_text _builder_version=&#8220;4.18.0&#8243; _module_preset=&#8220;default&#8220; global_colors_info=&#8220;{}&#8220;]<\/p>\n<h2>Unsere Philosophie der \u00c4sthetik<\/h2>\n<p>[\/et_pb_text][et_pb_text _builder_version=&#8220;4.18.0&#8243; _module_preset=&#8220;default&#8220; global_colors_info=&#8220;{}&#8220;]<\/p>\n<p>Die Sch\u00f6nheitschirurgie ist eine Disziplin, die sich im Wandel befindet. Die Herausforderung von Entourage besteht darin, <strong>die Dienstleistungen f\u00fcr alle zug\u00e4nglich zu machen und gleichzeitig jedem Einzelnen eine besondere Aufmerksamkeit<\/strong> zu widmen. <\/p>\n<p>Injektionen, Laser, Infrarot- oder gepulstes Licht, Ultraschall&#8230; Neue L\u00f6sungen in der \u00e4sthetischen Medizin und Chirurgie erm\u00f6glichen es, alle diese Bed\u00fcrfnisse zu behandeln und Ergebnisse zu erzielen, die umso beeindruckender sind, als sie oft keine gro\u00dfe Operation erfordern.<\/p>\n<p>[\/et_pb_text][et_pb_toggle title=&#8220;Ihr Titel geh\u00f6rt hierher&#8220; _builder_version=&#8220;4.18.0&#8243; _module_preset=&#8220;default&#8220; global_colors_info=&#8220;{}&#8220;]<\/p>\n<p>Von der integrierten Kosmetik \u00fcber die \u00e4sthetische Chirurgie, Laser, \u00e4sthetische Medizin, Ultherapy und Chrononutrition&#8230; Die perfekte Beherrschung dieser Spitzentechnologien erm\u00f6glicht es den Experten von Entourage, Ihnen eine ma\u00dfgeschneiderte L\u00f6sung f\u00fcr alle Ihre \u00e4sthetischen Fragen zu bieten. Ihr k\u00fcnstlerischer Sinn f\u00fchrt sie zu Spitzenleistungen. <\/p>\n<p>[\/et_pb_toggle][\/et_pb_column][et_pb_column type=&#8220;1_2&#8243; _builder_version=&#8220;4.18.0&#8243; _module_preset=&#8220;default&#8220; global_colors_info=&#8220;{}&#8220;][et_pb_image src=&#8220;https:\/\/www.entourage.ch\/wp-content\/uploads\/2023\/05\/entourage-medecine-esthetique-lausannne-3.jpg&#8220; title_text=&#8220;entourage&#8211;medecine-esthetique-lausannne-3&#8243; _builder_version=&#8220;4.21.0&#8243; _module_preset=&#8220;default&#8220; global_colors_info=&#8220;{}&#8220;][\/et_pb_image][\/et_pb_column][\/et_pb_row][et_pb_row column_structure=&#8220;1_2,1_2&#8243; module_class=&#8220;reverse-responsive&#8220; _builder_version=&#8220;4.21.0&#8243; _module_preset=&#8220;default&#8220; global_colors_info=&#8220;{}&#8220;][et_pb_column type=&#8220;1_2&#8243; _builder_version=&#8220;4.18.0&#8243; _module_preset=&#8220;default&#8220; global_colors_info=&#8220;{}&#8220;][et_pb_image src=&#8220;https:\/\/www.entourage.ch\/wp-content\/uploads\/2023\/05\/entourage-medecine-esthetique-lausannne-2.jpg&#8220; title_text=&#8220;entourage&#8211;medecine-esthetique-lausannne-2&#8243; _builder_version=&#8220;4.21.0&#8243; _module_preset=&#8220;default&#8220; custom_margin_tablet=&#8220;&#8220; custom_margin_phone=&#8220;30px||||false|false&#8220; custom_margin_last_edited=&#8220;on|phone&#8220; global_colors_info=&#8220;{}&#8220;][\/et_pb_image][\/et_pb_column][et_pb_column type=&#8220;1_2&#8243; _builder_version=&#8220;4.18.0&#8243; _module_preset=&#8220;default&#8220; global_colors_info=&#8220;{}&#8220;][et_pb_text _builder_version=&#8220;4.18.0&#8243; _module_preset=&#8220;default&#8220; global_colors_info=&#8220;{}&#8220;]<\/p>\n<h2>Langfristige Begleitung<\/h2>\n<p>[\/et_pb_text][et_pb_text _builder_version=&#8220;4.18.0&#8243; _module_preset=&#8220;default&#8220; global_colors_info=&#8220;{}&#8220;]<\/p>\n<p>Mit dem Namen unserer Klinik &#8222;Entourage&#8220; bekr\u00e4ftigen wir unseren Willen, Sie langfristig zu betreuen<strong> und zu begleiten<\/strong>, in vollem Vertrauen und Sicherheit.<\/p>\n<p>Der Behandlungspfad wurde sorgf\u00e4ltig geplant. Es wurde an alles gedacht, <strong>damit Sie sich wohl f\u00fchlen<\/strong> und Ihnen L\u00f6sungen angeboten werden, die wirklich Ihren Bed\u00fcrfnissen entsprechen und m\u00f6glichst ohne Skalpell auskommen. <\/p>\n<p><strong>Schon beim Empfang<\/strong> stehen Sie im Mittelpunkt unserer Aufmerksamkeit. Unser Raum wurde so konzipiert und eingerichtet, dass er Ihnen allen Komfort bietet, der f\u00fcr Ihr Wohlbefinden notwendig ist, und alle Ger\u00e4te, die f\u00fcr Spitzenoperationen n\u00fctzlich sind. <\/p>\n<p>Bei Entourage <strong>sch\u00e4tzen wir unsere Patienten<\/strong> in einer Zen-Atmosph\u00e4re und mit einem ausgezeichneten Service. Eine Revolution in der Sch\u00f6nheitsbranche. <\/p>\n<p>[\/et_pb_text][\/et_pb_column][\/et_pb_row][\/et_pb_section][et_pb_section fb_built=&#8220;1&#8243; _builder_version=&#8220;4.18.0&#8243; _module_preset=&#8220;default&#8220; background_color=&#8220;gcid-962db4f2-a7d5-41ee-b6a4-7c400717cc38&#8243; global_colors_info=&#8220;{%22gcid-962db4f2-a7d5-41ee-b6a4-7c400717cc38%22:%91%22background_color%22%93}&#8220;][et_pb_row _builder_version=&#8220;4.18.0&#8243; _module_preset=&#8220;default&#8220; global_colors_info=&#8220;{}&#8220;][et_pb_column type=&#8220;4_4&#8243; _builder_version=&#8220;4.18.0&#8243; _module_preset=&#8220;default&#8220; global_colors_info=&#8220;{}&#8220;][et_pb_text _builder_version=&#8220;4.18.0&#8243; _module_preset=&#8220;default&#8220; global_colors_info=&#8220;{}&#8220;]<\/p>\n<h2>Unser Versprechen<\/h2>\n<p>[\/et_pb_text][et_pb_text _builder_version=&#8220;4.18.0&#8243; _module_preset=&#8220;default&#8220; global_colors_info=&#8220;{}&#8220;]<\/p>\n<p>Ihr Vertrauen und Ihre Zufriedenheit sind unser gr\u00f6\u00dfter Lohn. Wir bei Entourage werden nie nachlassen, um es zu verdienen und zu erhalten. <\/p>\n<p>[\/et_pb_text][\/et_pb_column][\/et_pb_row][et_pb_row column_structure=&#8220;1_2,1_2&#8243; _builder_version=&#8220;4.18.0&#8243; _module_preset=&#8220;default&#8220; global_colors_info=&#8220;{}&#8220;][et_pb_column type=&#8220;1_2&#8243; _builder_version=&#8220;4.18.0&#8243; _module_preset=&#8220;default&#8220; global_colors_info=&#8220;{}&#8220;][et_pb_text _builder_version=&#8220;4.18.0&#8243; _module_preset=&#8220;default&#8220; global_colors_info=&#8220;{}&#8220;]<\/p>\n<div style=\"display: flex; align-items: center;\">\n<img decoding=\"async\" src=\"https:\/\/www.entourage.ch\/wp-content\/uploads\/2022\/11\/professionnalisme-entourage-lausanne.png\" width=\"53\" height=\"53\" alt=\"\" class=\"wp-image-765 alignnone size-full\"><\/p>\n<h3 style=\"margin-left:20px\">Professionalit\u00e4t<\/h3>\n<\/div>\n<p>[\/et_pb_text][et_pb_text _builder_version=&#8220;4.18.0&#8243; _module_preset=&#8220;default&#8220; global_colors_info=&#8220;{}&#8220;]<\/p>\n<p>Unsere Spezialisten bei Entourage sind leidenschaftlich in ihrem Beruf und immer bestrebt, Ihnen die bestm\u00f6glichen L\u00f6sungen zu bieten.<\/p>\n<p>Sie verf\u00fcgen \u00fcber ein hohes Ma\u00df an technischem Fachwissen, k\u00f6nnen aber auch k\u00fcnstlerisch sensibel sein. Ihre Bewegungen sind sicher und pr\u00e4zise, aber ihre Eingriffe m\u00fcssen unbemerkt bleiben. <\/p>\n<p>Sie stellen sich regelm\u00e4\u00dfig selbst in Frage; um sich st\u00e4ndig zu verbessern, z\u00f6gern sie nicht, sich mit den besten Experten auf internationaler Ebene zu messen und sich in den neuesten Techniken weiterzubilden.<\/p>\n<p>[\/et_pb_text][\/et_pb_column][et_pb_column type=&#8220;1_2&#8243; _builder_version=&#8220;4.18.0&#8243; _module_preset=&#8220;default&#8220; global_colors_info=&#8220;{}&#8220;][et_pb_text _builder_version=&#8220;4.18.0&#8243; _module_preset=&#8220;default&#8220; global_colors_info=&#8220;{}&#8220;]<\/p>\n<div style=\"display: flex; align-items: center;\">\n<img decoding=\"async\" src=\"https:\/\/www.entourage.ch\/wp-content\/uploads\/2022\/11\/personnalisation-entourage-lausanne.png\" width=\"53\" height=\"53\" alt=\"\" class=\"wp-image-765 alignnone size-full\"><\/p>\n<h3 style=\"margin-left: 20px;\">Pers\u00f6nliche Gestaltung<\/h3>\n<\/div>\n<p>[\/et_pb_text][et_pb_text _builder_version=&#8220;4.18.0&#8243; _module_preset=&#8220;default&#8220; global_colors_info=&#8220;{}&#8220;]<\/p>\n<p>Bei Entourage stehen Sie immer im Mittelpunkt unserer Aufmerksamkeit. Es ist uns wichtig, dass wir uns die Zeit nehmen, Ihre W\u00fcnsche und Erwartungen zu verstehen, um Ihnen ma\u00dfgeschneiderte L\u00f6sungen anbieten zu k\u00f6nnen. <\/p>\n<p>Da jeder Mensch anders ist, gibt es keine Standardl\u00f6sung. Unsere Experten k\u00f6nnen die Harmonie Ihres Gesichts wiederherstellen und gleichzeitig seine nat\u00fcrliche Ausdruckskraft bewahren. Sie werden ihre Handgriffe und Techniken an Ihre Morphologie anpassen.  <\/p>\n<p>[\/et_pb_text][\/et_pb_column][\/et_pb_row][et_pb_row column_structure=&#8220;1_2,1_2&#8243; _builder_version=&#8220;4.18.0&#8243; _module_preset=&#8220;default&#8220; global_colors_info=&#8220;{}&#8220;][et_pb_column type=&#8220;1_2&#8243; _builder_version=&#8220;4.18.0&#8243; _module_preset=&#8220;default&#8220; global_colors_info=&#8220;{}&#8220;][et_pb_text _builder_version=&#8220;4.18.0&#8243; _module_preset=&#8220;default&#8220; global_colors_info=&#8220;{}&#8220;]<\/p>\n<div style=\"display: flex; align-items: center;\">\n<img decoding=\"async\" src=\"https:\/\/www.entourage.ch\/wp-content\/uploads\/2022\/11\/service-clinique-entourage.png\" width=\"53\" height=\"53\" alt=\"\" class=\"wp-image-765 alignnone size-full\"><\/p>\n<h3 style=\"margin-left: 20px;\">Geist des Dienstes<\/h3>\n<\/div>\n<p>[\/et_pb_text][et_pb_text _builder_version=&#8220;4.18.0&#8243; _module_preset=&#8220;default&#8220; global_colors_info=&#8220;{}&#8220;]<\/p>\n<p>Bei Entourage begleiten wir Sie w\u00e4hrend Ihres gesamten Pflegeverlaufs. Wir bieten Ihnen langfristige L\u00f6sungen an. <\/p>\n<p>Die Kontrolltermine werden systematisch durchgef\u00fchrt und sind im Preis der Behandlungen inbegriffen. Sie erm\u00f6glichen es uns, sicherzustellen, dass alles wie geplant und zu Ihrer vollen Zufriedenheit verlaufen ist. <\/p>\n<p>Ihr Vertrauen ist f\u00fcr uns von unsch\u00e4tzbarem Wert. Ihre Zufriedenheit ist unser gr\u00f6\u00dfter Lohn. <\/p>\n<p>[\/et_pb_text][\/et_pb_column][et_pb_column type=&#8220;1_2&#8243; _builder_version=&#8220;4.18.0&#8243; _module_preset=&#8220;default&#8220; global_colors_info=&#8220;{}&#8220;][et_pb_text _builder_version=&#8220;4.18.0&#8243; _module_preset=&#8220;default&#8220; global_colors_info=&#8220;{}&#8220;]<\/p>\n<div style=\"display: flex; align-items: center;\">\n<img decoding=\"async\" src=\"https:\/\/www.entourage.ch\/wp-content\/uploads\/2022\/11\/transparence-clinique-esthetique.png\" width=\"53\" height=\"53\" alt=\"\" class=\"wp-image-765 alignnone size-full\"><\/p>\n<h3 style=\"margin-left: 20px;\">Transparenz<\/h3>\n<\/div>\n<p>[\/et_pb_text][et_pb_text _builder_version=&#8220;4.18.0&#8243; _module_preset=&#8220;default&#8220; global_colors_info=&#8220;{}&#8220;]<\/p>\n<p>Selbst wenn wir alle Chancen auf unserer Seite haben, ist die Medizin mit Risiken und Unw\u00e4gbarkeiten verbunden, die manchmal schwer vorherzusagen sind oder die sich unserem Einfluss entziehen.<\/p>\n<p>Bei Entourage informieren wir Sie transparent \u00fcber die m\u00f6glichen Risiken und Komplikationen, so dass Sie Ihre Entscheidung in voller Kenntnis der Sachlage treffen k\u00f6nnen.<\/p>\n<p>Transparenz gilt selbstverst\u00e4ndlich auch f\u00fcr unsere Preise, die Sie jederzeit auf unserer Website einsehen k\u00f6nnen. F\u00fcr chirurgische Eingriffe wird immer ein schriftlicher Kostenvoranschlag erstellt. <\/p>\n<p>[\/et_pb_text][\/et_pb_column][\/et_pb_row][et_pb_row _builder_version=&#8220;4.18.0&#8243; _module_preset=&#8220;default&#8220; global_colors_info=&#8220;{}&#8220;][et_pb_column type=&#8220;4_4&#8243; _builder_version=&#8220;4.18.0&#8243; _module_preset=&#8220;default&#8220; global_colors_info=&#8220;{}&#8220;][et_pb_text _builder_version=&#8220;4.18.0&#8243; _module_preset=&#8220;default&#8220; global_colors_info=&#8220;{}&#8220;]<\/p>\n<div style=\"display: flex; align-items: center;\">\n<img decoding=\"async\" src=\"https:\/\/www.entourage.ch\/wp-content\/uploads\/2022\/11\/securite-clinique-esthetique.png\" width=\"53\" height=\"53\" alt=\"\" class=\"wp-image-765 alignnone size-full\"><\/p>\n<h3 style=\"margin-left: 20px;\">Sicherheit<\/h3>\n<\/div>\n<p>[\/et_pb_text][et_pb_text _builder_version=&#8220;4.18.0&#8243; _module_preset=&#8220;default&#8220; global_colors_info=&#8220;{}&#8220;]<\/p>\n<p>Bei Entourage entsprechen unsere R\u00e4umlichkeiten und Einrichtungen den neuesten Standards. Hygiene, Sauberkeit, Sterilit\u00e4t &#8211; nichts wird dem Zufall \u00fcberlassen. <\/p>\n<p>Wir w\u00e4hlen unsere Lieferanten sorgf\u00e4ltig aus den besten Laboratorien der Schweiz, Europas und der USA aus. Wir verwenden ausschlie\u00dflich zertifizierte und zugelassene Produkte. <\/p>\n<p>Unsere Mitarbeiter verf\u00fcgen \u00fcber die erforderlichen Schulungen und nehmen regelm\u00e4\u00dfig an Fortbildungen teil, um sich \u00fcber die neuesten Entwicklungen und besten Praktiken auf dem Laufenden zu halten.<\/p>\n<p>[\/et_pb_text][\/et_pb_column][\/et_pb_row][\/et_pb_section][et_pb_section fb_built=&#8220;1&#8243; _builder_version=&#8220;4.18.0&#8243; _module_preset=&#8220;default&#8220; global_module=&#8220;832&#8243; global_colors_info=&#8220;{}&#8220;][et_pb_row _builder_version=&#8220;4.18.0&#8243; _module_preset=&#8220;default&#8220; custom_padding=&#8220;||0px||false|false&#8220; global_colors_info=&#8220;{}&#8220;][et_pb_column type=&#8220;4_4&#8243; _builder_version=&#8220;4.18.0&#8243; _module_preset=&#8220;default&#8220; global_colors_info=&#8220;{}&#8220;][et_pb_text _builder_version=&#8220;4.18.0&#8243; _module_preset=&#8220;default&#8220; global_colors_info=&#8220;{}&#8220;]<\/p>\n<h2>\u00dcber Entourage<\/h2>\n<p>[\/et_pb_text][\/et_pb_column][\/et_pb_row][et_pb_row column_structure=&#8220;1_4,1_4,1_4,1_4&#8243; _builder_version=&#8220;4.18.0&#8243; _module_preset=&#8220;default&#8220; global_colors_info=&#8220;{}&#8220;][et_pb_column type=&#8220;1_4&#8243; _builder_version=&#8220;4.18.0&#8243; _dynamic_attributes=&#8220;link_option_url&#8220; _module_preset=&#8220;default&#8220; link_option_url=&#8220;@ET-DC@eyJkeW5hbWljIjp0cnVlLCJjb250ZW50IjoicG9zdF9saW5rX3VybF9wYWdlIiwic2V0dGluZ3MiOnsicG9zdF9pZCI6IjcxOCJ9fQ==@&#8220; global_colors_info=&#8220;{}&#8220;][et_pb_image src=&#8220;https:\/\/www.entourage.ch\/wp-content\/uploads\/2022\/11\/clinique-chirurgie-esthetique-entourage-lausanne.jpeg&#8220; _builder_version=&#8220;4.21.0&#8243; _module_preset=&#8220;default&#8220; hover_enabled=&#8220;0&#8243; global_colors_info=&#8220;{}&#8220; title_text=&#8220;klinik-chirurgie-esthetik-entourage-lausanne&#8220; sticky_enabled=&#8220;0&#8243; url=&#8220;@ET-DC@eyJkeW5hbWljIjp0cnVlLCJjb250ZW50IjoicG9zdF9saW5rX3VybF9wYWdlIiwic2V0dGluZ3MiOnsicG9zdF9pZCI6IjcxOCJ9fQ==@&#8220; _dynamic_attributes=&#8220;url&#8220; filter_saturate=&#8220;90%&#8220;][\/et_pb_image][et_pb_text _builder_version=&#8220;4.21.0&#8243; _module_preset=&#8220;default&#8220; hover_enabled=&#8220;0&#8243; global_colors_info=&#8220;{}&#8220; link_option_url=&#8220;@ET-DC@eyJkeW5hbWljIjp0cnVlLCJjb250ZW50IjoicG9zdF9saW5rX3VybF9wYWdlIiwic2V0dGluZ3MiOnsicG9zdF9pZCI6IjcxOCJ9fQ==@&#8220; _dynamic_attributes=&#8220;link_option_url&#8220; sticky_enabled=&#8220;0&#8243;]<\/p>\n<h3 style=\"text-align: center;\">Die Klinik<\/h3>\n<p>[\/et_pb_text][\/et_pb_column][et_pb_column type=&#8220;1_4&#8243; _builder_version=&#8220;4.18.0&#8243; _dynamic_attributes=&#8220;link_option_url&#8220; _module_preset=&#8220;default&#8220; link_option_url=&#8220;@ET-DC@eyJkeW5hbWljIjp0cnVlLCJjb250ZW50IjoicG9zdF9saW5rX3VybF9wYWdlIiwic2V0dGluZ3MiOnsicG9zdF9pZCI6Ijc0NiJ9fQ==@&#8220; global_colors_info=&#8220;{}&#8220;][et_pb_image src=&#8220;https:\/\/www.entourage.ch\/wp-content\/uploads\/2023\/05\/medecine-esthetique-lausanne-suisse-1-1024&#215;536.jpg&#8220; _builder_version=&#8220;4.21.0&#8243; _module_preset=&#8220;default&#8220; hover_enabled=&#8220;0&#8243; global_colors_info=&#8220;{}&#8220; title_text=&#8220;medecine-esthetique-lausanne-suisse&#8220; sticky_enabled=&#8220;0&#8243; url=&#8220;@ET-DC@eyJkeW5hbWljIjp0cnVlLCJjb250ZW50IjoicG9zdF9saW5rX3VybF9wYWdlIiwic2V0dGluZ3MiOnsicG9zdF9pZCI6Ijc0NiJ9fQ==@&#8220; _dynamic_attributes=&#8220;url&#8220; filter_saturate=&#8220;90%&#8220;][\/et_pb_image][et_pb_text _builder_version=&#8220;4.21.0&#8243; _module_preset=&#8220;default&#8220; hover_enabled=&#8220;0&#8243; global_colors_info=&#8220;{}&#8220; link_option_url=&#8220;@ET-DC@eyJkeW5hbWljIjp0cnVlLCJjb250ZW50IjoicG9zdF9saW5rX3VybF9wYWdlIiwic2V0dGluZ3MiOnsicG9zdF9pZCI6Ijc0NiJ9fQ==@&#8220; _dynamic_attributes=&#8220;link_option_url&#8220; sticky_enabled=&#8220;0&#8243;]<\/p>\n<h3 style=\"text-align: center;\">Philosophie<\/h3>\n<p>[\/et_pb_text][\/et_pb_column][et_pb_column type=&#8220;1_4&#8243; _builder_version=&#8220;4.18.0&#8243; _dynamic_attributes=&#8220;link_option_url&#8220; _module_preset=&#8220;default&#8220; link_option_url=&#8220;@ET-DC@eyJkeW5hbWljIjp0cnVlLCJjb250ZW50IjoicG9zdF9saW5rX3VybF9wYWdlIiwic2V0dGluZ3MiOnsicG9zdF9pZCI6Ijc3NCJ9fQ==@&#8220; global_colors_info=&#8220;{}&#8220;][et_pb_image src=&#8220;data:image\/svg+xml;base64,PHN2ZyB3aWR0aD0iMTA4MCIgaGVpZ2h0PSI1NDAiIHZpZXdCb3g9IjAgMCAxMDgwIDU0MCIgeG1sbnM9Imh0dHA6Ly93d3cudzMub3JnLzIwMDAvc3ZnIj4KICAgIDxnIGZpbGw9Im5vbmUiIGZpbGwtcnVsZT0iZXZlbm9kZCI+CiAgICAgICAgPHBhdGggZmlsbD0iI0VCRUJFQiIgZD0iTTAgMGgxMDgwdjU0MEgweiIvPgogICAgICAgIDxwYXRoIGQ9Ik00NDUuNjQ5IDU0MGgtOTguOTk1TDE0NC42NDkgMzM3Ljk5NSAwIDQ4Mi42NDR2LTk4Ljk5NWwxMTYuMzY1LTExNi4zNjVjMTUuNjItMTUuNjIgNDAuOTQ3LTE1LjYyIDU2LjU2OCAwTDQ0NS42NSA1NDB6IiBmaWxsLW9wYWNpdHk9Ii4xIiBmaWxsPSIjMDAwIiBmaWxsLXJ1bGU9Im5vbnplcm8iLz4KICAgICAgICA8Y2lyY2xlIGZpbGwtb3BhY2l0eT0iLjA1IiBmaWxsPSIjMDAwIiBjeD0iMzMxIiBjeT0iMTQ4IiByPSI3MCIvPgogICAgICAgIDxwYXRoIGQ9Ik0xMDgwIDM3OXYxMTMuMTM3TDcyOC4xNjIgMTQwLjMgMzI4LjQ2MiA1NDBIMjE1LjMyNEw2OTkuODc4IDU1LjQ0NmMxNS42Mi0xNS42MiA0MC45NDgtMTUuNjIgNTYuNTY4IDBMMTA4MCAzNzl6IiBmaWxsLW9wYWNpdHk9Ii4yIiBmaWxsPSIjMDAwIiBmaWxsLXJ1bGU9Im5vbnplcm8iLz4KICAgIDwvZz4KPC9zdmc+Cg==&#8220; _builder_version=&#8220;4.21.0&#8243; _module_preset=&#8220;default&#8220; hover_enabled=&#8220;0&#8243; global_colors_info=&#8220;{}&#8220; url=&#8220;@ET-DC@eyJkeW5hbWljIjp0cnVlLCJjb250ZW50IjoicG9zdF9saW5rX3VybF9wYWdlIiwic2V0dGluZ3MiOnsicG9zdF9pZCI6Ijc3NCJ9fQ==@&#8220; _dynamic_attributes=&#8220;url&#8220; sticky_enabled=&#8220;0&#8243; filter_saturate=&#8220;90%&#8220;][\/et_pb_image][et_pb_text _builder_version=&#8220;4.21.0&#8243; _module_preset=&#8220;default&#8220; hover_enabled=&#8220;0&#8243; global_colors_info=&#8220;{}&#8220; link_option_url=&#8220;@ET-DC@eyJkeW5hbWljIjp0cnVlLCJjb250ZW50IjoicG9zdF9saW5rX3VybF9wYWdlIiwic2V0dGluZ3MiOnsicG9zdF9pZCI6Ijc3NCJ9fQ==@&#8220; _dynamic_attributes=&#8220;link_option_url&#8220; sticky_enabled=&#8220;0&#8243;]<\/p>\n<h3 style=\"text-align: center;\">Entourage stellt ein<\/h3>\n<p>[\/et_pb_text][\/et_pb_column][et_pb_column type=&#8220;1_4&#8243; _builder_version=&#8220;4.18.0&#8243; _dynamic_attributes=&#8220;link_option_url&#8220; _module_preset=&#8220;default&#8220; link_option_url=&#8220;@ET-DC@eyJkeW5hbWljIjp0cnVlLCJjb250ZW50IjoicG9zdF9saW5rX3VybF9wYWdlIiwic2V0dGluZ3MiOnsicG9zdF9pZCI6Ijc4MyJ9fQ==@&#8220; global_colors_info=&#8220;{}&#8220;][et_pb_image src=&#8220;https:\/\/www.entourage.ch\/wp-content\/uploads\/2023\/05\/formation-esthetique-lausanne-1024&#215;512.jpg&#8220; _builder_version=&#8220;4.21.0&#8243; _module_preset=&#8220;default&#8220; hover_enabled=&#8220;0&#8243; global_colors_info=&#8220;{}&#8220; alt=&#8220;Schulungen in \u00e4sthetischer Medizin und Chirurgie&#8220; title_text=&#8220;Schulungen in \u00e4sthetischer Medizin und Chirurgie&#8220; align=&#8220;center&#8220; sticky_enabled=&#8220;0&#8243; url=&#8220;@ET-DC@eyJkeW5hbWljIjp0cnVlLCJjb250ZW50IjoicG9zdF9saW5rX3VybF9wYWdlIiwic2V0dGluZ3MiOnsicG9zdF9pZCI6Ijc4MyJ9fQ==@&#8220; _dynamic_attributes=&#8220;url&#8220; filter_saturate=&#8220;90%&#8220;][\/et_pb_image][et_pb_text _builder_version=&#8220;4.21.0&#8243; _module_preset=&#8220;default&#8220; hover_enabled=&#8220;0&#8243; global_colors_info=&#8220;{}&#8220; link_option_url=&#8220;@ET-DC@eyJkeW5hbWljIjp0cnVlLCJjb250ZW50IjoicG9zdF9saW5rX3VybF9wYWdlIiwic2V0dGluZ3MiOnsicG9zdF9pZCI6Ijc4MyJ9fQ==@&#8220; _dynamic_attributes=&#8220;link_option_url&#8220; sticky_enabled=&#8220;0&#8243;]<\/p>\n<h3 style=\"text-align: center;\">Schulungen<\/h3>\n<p>[\/et_pb_text][\/et_pb_column][\/et_pb_row][\/et_pb_section]<\/p>\n","protected":false},"excerpt":{"rendered":"<p><nav aria-label=\"breadcrumbs\" class=\"rank-math-breadcrumb\"><p><span class=\"last\">Accueil<\/span><\/p><\/nav>Unsere Philosophie der \u00c4sthetikDie Sch\u00f6nheitschirurgie ist eine Disziplin, die sich im Wandel befindet. Die Herausforderung von Entourage besteht darin, die Dienstleistungen f\u00fcr alle zug\u00e4nglich zu machen und gleichzeitig jedem Einzelnen eine besondere Aufmerksamkeit zu widmen. Injektionen, Laser, Infrarot- oder gepulstes Licht, Ultraschall&#8230; Neue L\u00f6sungen in der \u00e4sthetischen Medizin und Chirurgie erm\u00f6glichen es, alle diese Bed\u00fcrfnisse [&hellip;]<\/p>\n","protected":false},"author":1,"featured_media":25547126,"parent":25546310,"menu_order":0,"comment_status":"closed","ping_status":"closed","template":"","meta":{"_acf_changed":false,"_et_pb_use_builder":"on","_et_pb_old_content":"","_et_gb_content_width":"","footnotes":""},"dipi_cpt_category":[469],"class_list":["post-25547124","page","type-page","status-publish","has-post-thumbnail","hentry","dipi_cpt_category-a-propos-de"],"acf":[],"_links":{"self":[{"href":"https:\/\/www.entourage.ch\/de\/wp-json\/wp\/v2\/pages\/25547124","targetHints":{"allow":["GET"]}}],"collection":[{"href":"https:\/\/www.entourage.ch\/de\/wp-json\/wp\/v2\/pages"}],"about":[{"href":"https:\/\/www.entourage.ch\/de\/wp-json\/wp\/v2\/types\/page"}],"author":[{"embeddable":true,"href":"https:\/\/www.entourage.ch\/de\/wp-json\/wp\/v2\/users\/1"}],"replies":[{"embeddable":true,"href":"https:\/\/www.entourage.ch\/de\/wp-json\/wp\/v2\/comments?post=25547124"}],"version-history":[{"count":0,"href":"https:\/\/www.entourage.ch\/de\/wp-json\/wp\/v2\/pages\/25547124\/revisions"}],"up":[{"embeddable":true,"href":"https:\/\/www.entourage.ch\/de\/wp-json\/wp\/v2\/pages\/25546310"}],"wp:featuredmedia":[{"embeddable":true,"href":"https:\/\/www.entourage.ch\/de\/wp-json\/wp\/v2\/media\/25547126"}],"wp:attachment":[{"href":"https:\/\/www.entourage.ch\/de\/wp-json\/wp\/v2\/media?parent=25547124"}],"wp:term":[{"taxonomy":"dipi_cpt_category","embeddable":true,"href":"https:\/\/www.entourage.ch\/de\/wp-json\/wp\/v2\/dipi_cpt_category?post=25547124"}],"curies":[{"name":"wp","href":"https:\/\/api.w.org\/{rel}","templated":true}]}}