{"id":25547092,"date":"2022-11-02T17:04:28","date_gmt":"2022-11-02T16:04:28","guid":{"rendered":"https:\/\/www.entourage.ch\/a-propos\/schulungen-mentoring\/"},"modified":"2026-03-16T15:04:27","modified_gmt":"2026-03-16T14:04:27","slug":"schulungen-mentoring","status":"publish","type":"page","link":"https:\/\/www.entourage.ch\/de\/uber-uns\/schulungen-mentoring\/","title":{"rendered":"Entourage-Schulungen"},"content":{"rendered":"<p>[et_pb_section fb_built=&#8220;1&#8243; _builder_version=&#8220;4.18.0&#8243; _dynamic_attributes=&#8220;background_image&#8220; _module_preset=&#8220;default&#8220; use_background_color_gradient=&#8220;on&#8220; background_color_gradient_stops=&#8220;rgba(0,0,0,0.3) 0%|rgba(0,0,0,0.3) 100%&#8220; background_color_gradient_overlays_image=&#8220;on&#8220; background_image=&#8220;@ET-DC@eyJkeW5hbWljIjp0cnVlLCJjb250ZW50IjoicG9zdF9mZWF0dXJlZF9pbWFnZSIsInNldHRpbmdzIjp7fX0=@&#8220; custom_padding=&#8220;||2em||false|false&#8220; global_module=&#8220;732&#8243; global_colors_info=&#8220;{}&#8220;][et_pb_row _builder_version=&#8220;4.18.0&#8243; _module_preset=&#8220;default&#8220; global_colors_info=&#8220;{}&#8220;][et_pb_column type=&#8220;4_4&#8243; _builder_version=&#8220;4.18.0&#8243; _module_preset=&#8220;default&#8220; global_colors_info=&#8220;{}&#8220;][et_pb_text _builder_version=&#8220;4.18.0&#8243; _dynamic_attributes=&#8220;content&#8220; _module_preset=&#8220;default&#8220; global_colors_info=&#8220;{}&#8220;]@ET-DC@eyJkeW5hbWljIjp0cnVlLCJjb250ZW50IjoicG9zdF90aXRsZSIsInNldHRpbmdzIjp7ImJlZm9yZSI6IjxoMT4iLCJhZnRlciI6IjxcL2gxPiJ9fQ==@[\/et_pb_text][\/et_pb_column][\/et_pb_row][et_pb_row _builder_version=&#8220;4.18.0&#8243; _module_preset=&#8220;default&#8220; global_colors_info=&#8220;{}&#8220;][et_pb_column type=&#8220;4_4&#8243; _builder_version=&#8220;4.18.0&#8243; _module_preset=&#8220;default&#8220; global_colors_info=&#8220;{}&#8220;][et_pb_text _builder_version=&#8220;4.18.0&#8243; _dynamic_attributes=&#8220;content&#8220; _module_preset=&#8220;default&#8220; text_text_color=&#8220;#FFFFFF&#8220; text_orientation=&#8220;center&#8220; global_colors_info=&#8220;{}&#8220;]@ET-DC@eyJkeW5hbWljIjp0cnVlLCJjb250ZW50IjoiY3VzdG9tX21ldGFfc291cy10aXRyZSIsInNldHRpbmdzIjp7ImJlZm9yZSI6IiIsImFmdGVyIjoiIiwiZW5hYmxlX2h0bWwiOiJvZmYifX0=@[\/et_pb_text][\/et_pb_column][\/et_pb_row][et_pb_row _builder_version=&#8220;4.18.0&#8243; _module_preset=&#8220;default&#8220; global_colors_info=&#8220;{}&#8220;][et_pb_column type=&#8220;4_4&#8243; _builder_version=&#8220;4.18.0&#8243; _module_preset=&#8220;default&#8220; global_colors_info=&#8220;{}&#8220;][et_pb_button button_url=&#8220;@ET-DC@eyJkeW5hbWljIjp0cnVlLCJjb250ZW50IjoicG9zdF9saW5rX3VybF9wYWdlIiwic2V0dGluZ3MiOnsicG9zdF9pZCI6IjM2NCJ9fQ==@&#8220; button_text=&#8220;Termin vereinbaren&#8220; button_alignment=&#8220;center&#8220; _builder_version=&#8220;4.18.0&#8243; _dynamic_attributes=&#8220;button_url&#8220; _module_preset=&#8220;58291b2a-110c-4940-8e72-4864cea013a7&#8243; global_colors_info=&#8220;{}&#8220;][\/et_pb_button][\/et_pb_column][\/et_pb_row][et_pb_row _builder_version=&#8220;4.18.0&#8243; _module_preset=&#8220;default&#8220; custom_padding=&#8220;||0px||false|false&#8220; global_colors_info=&#8220;{}&#8220;][et_pb_column type=&#8220;4_4&#8243; _builder_version=&#8220;4.18.0&#8243; _module_preset=&#8220;default&#8220; global_colors_info=&#8220;{}&#8220;][et_pb_text _builder_version=&#8220;4.18.0&#8243; _module_preset=&#8220;default&#8220; text_text_color=&#8220;#cccccc&#8220; text_font_size=&#8220;0.7em&#8220; link_font=&#8220;|600|||||||&#8220; link_text_color=&#8220;#cccccc&#8220; text_orientation=&#8220;center&#8220; global_colors_info=&#8220;{}&#8220;]<\/p>\n<nav aria-label=\"breadcrumbs\" class=\"rank-math-breadcrumb\"><p><span class=\"last\">Accueil<\/span><\/p><\/nav>\n<p>[\/et_pb_text][\/et_pb_column][\/et_pb_row][\/et_pb_section][et_pb_section fb_built=&#8220;1&#8243; _builder_version=&#8220;4.18.0&#8243; _module_preset=&#8220;default&#8220; global_colors_info=&#8220;{}&#8220;][et_pb_row column_structure=&#8220;1_2,1_2&#8243; _builder_version=&#8220;4.18.0&#8243; _module_preset=&#8220;default&#8220; global_colors_info=&#8220;{}&#8220;][et_pb_column type=&#8220;1_2&#8243; _builder_version=&#8220;4.18.0&#8243; _module_preset=&#8220;default&#8220; global_colors_info=&#8220;{}&#8220;][et_pb_text _builder_version=&#8220;4.18.0&#8243; _module_preset=&#8220;default&#8220; global_colors_info=&#8220;{}&#8220;]<\/p>\n<h2>In einem Geist der kontinuierlichen Verbesserung<\/h2>\n<p>[\/et_pb_text][et_pb_text _builder_version=&#8220;4.18.0&#8243; _module_preset=&#8220;default&#8220; global_colors_info=&#8220;{}&#8220;]<\/p>\n<p>\u00c4sthetische Chirurgie und Medizin sind Disziplinen, die sich st\u00e4ndig weiterentwickeln. Die Spezialisten von Entourage bilden sich regelm\u00e4\u00dfig in den neuesten Techniken weiter und sind selbst als Ausbilder f\u00fcr verschiedene Hersteller und Labors t\u00e4tig, um sich st\u00e4ndig zu verbessern und auszutauschen. <\/p>\n<p>Unsere R\u00e4umlichkeiten werden regelm\u00e4\u00dfig f\u00fcr Workshops und Konferenzen genutzt und bieten eine Plattform f\u00fcr den Austausch mit den besten Spezialisten aus Europa und der ganzen Welt.<\/p>\n<p>[\/et_pb_text][et_pb_text _builder_version=&#8220;4.19.4&#8243; _module_preset=&#8220;default&#8220; hover_enabled=&#8220;0&#8243; global_colors_info=&#8220;{}&#8220; custom_margin=&#8220;60px||||false|false&#8220; sticky_enabled=&#8220;0&#8243;]<\/p>\n<h2>Melden Sie sich f\u00fcr unsere Schulungen an<\/h2>\n<p>[\/et_pb_text][et_pb_text _builder_version=&#8220;4.18.0&#8243; _module_preset=&#8220;default&#8220; global_colors_info=&#8220;{}&#8220;]<\/p>\n<p>Sie sind Arzt und m\u00f6chten sich in \u00e4sthetischer Medizin <strong>weiterbilden<\/strong>? M\u00f6chten Sie Ihr Wissen und Ihre Erfahrung mit unseren international anerkannten Experten teilen? <\/p>\n<p>[\/et_pb_text][et_pb_button button_url=&#8220;mailto:jobs@entourage.ch&#8220; button_text=&#8220;training@entourage.ch&#8220; _builder_version=&#8220;4.19.4&#8243; _module_preset=&#8220;default&#8220; hover_enabled=&#8220;0&#8243; global_colors_info=&#8220;{}&#8220; custom_margin=&#8220;||||false|false&#8220; sticky_enabled=&#8220;0&#8243;][\/et_pb_button][\/et_pb_column][et_pb_column type=&#8220;1_2&#8243; _builder_version=&#8220;4.18.0&#8243; _module_preset=&#8220;default&#8220; global_colors_info=&#8220;{}&#8220;][et_pb_video src=&#8220;https:\/\/youtube.com\/shorts\/-rTwQAKaOig&#8220; module_class=&#8220;video-verticale&#8220; _builder_version=&#8220;4.19.4&#8243; _module_preset=&#8220;default&#8220; hover_enabled=&#8220;0&#8243; global_colors_info=&#8220;{}&#8220; locked=&#8220;off&#8220; sticky_enabled=&#8220;0&#8243;][\/et_pb_video][\/et_pb_column][\/et_pb_row][\/et_pb_section][et_pb_section fb_built=&#8220;1&#8243; _builder_version=&#8220;4.18.0&#8243; _module_preset=&#8220;default&#8220; background_color=&#8220;gcid-962db4f2-a7d5-41ee-b6a4-7c400717cc38&#8243; global_colors_info=&#8220;{%22gcid-962db4f2-a7d5-41ee-b6a4-7c400717cc38%22:%91%22background_color%22%93}&#8220;][et_pb_row _builder_version=&#8220;4.18.0&#8243; _module_preset=&#8220;default&#8220; global_colors_info=&#8220;{}&#8220;][et_pb_column type=&#8220;4_4&#8243; _builder_version=&#8220;4.18.0&#8243; _module_preset=&#8220;default&#8220; global_colors_info=&#8220;{}&#8220;][et_pb_text _builder_version=&#8220;4.18.0&#8243; _module_preset=&#8220;default&#8220; global_colors_info=&#8220;{}&#8220;]<\/p>\n<h2>Unsere j\u00fcngsten Schulungen<\/h2>\n<p>[\/et_pb_text][et_pb_text _builder_version=&#8220;4.18.0&#8243; _module_preset=&#8220;default&#8220; custom_margin=&#8220;||-20px||false|false&#8220; global_colors_info=&#8220;{}&#8220;]<\/p>\n<table>\n<tbody>\n<tr>\n<td>05.03.2020<\/td>\n<td>&#8222;Beautiful Lips &#8211; Balancing the lips in the lower face&#8220; Merz Institute of Advanced Aesthetics, Expert training by Dr Marco Cerrano, Lausanne<\/td>\n<\/tr>\n<tr>\n<td>05.02.2020<\/td>\n<td>&#8222;Beautiful Eyes, Treating the peri-orbital and upper-face area&#8220; Merz Institute of Advanced Aesthetics, training by Dr Francesco de Boccard, Z\u00fcrich<\/td>\n<\/tr>\n<tr>\n<td>28.11.2019<\/td>\n<td>&#8222;Balancing the 3 thirds &#8211; Full face approach for expert injectioners combining the Merz Portfolio &#8211; Facial contouring approach. Training by Dr Marco Cerrano &amp; Dr Mandana P\u00e9clard, Z\u00fcrich. <\/td>\n<\/tr>\n<tr>\n<td>10.10.2019<\/td>\n<td>&#8222;Balancing the 3 thirds &#8211; Full face approach for expert injectors combining the Merz Portfolio &#8211; Facial contouring approach. Training by Dr Marco Cerrano &amp; Dr sophie Menkes, Lausanne. <\/td>\n<\/tr>\n<tr>\n<td>24.04.2018<\/td>\n<td>Merz Belotero Advanced training by Dr Marco Cerrano, Entourage<\/td>\n<\/tr>\n<tr>\n<td>03.11.2017<\/td>\n<td>Merz Radiesse Expert training mit Dr. Jani van Loghem, Doctors Inc.<\/td>\n<\/tr>\n<tr>\n<td>31.10.2017<\/td>\n<td>Aptos Workshop Techniken zur Anwendung von Tensionsf\u00e4den<\/td>\n<\/tr>\n<tr>\n<td>15.03.2017<\/td>\n<td>Allergan Vycross, Vorstellung einer neuen Reihe von Injektionsmitteln<\/td>\n<\/tr>\n<tr>\n<td>09.02.2017<\/td>\n<td>Cutera Schulung zur Verwendung von Lasern<\/td>\n<\/tr>\n<tr>\n<td>29.11.2016<\/td>\n<td>Merz starter + advanced training. Schulung in Injektionstechniken <\/td>\n<\/tr>\n<\/tbody>\n<\/table>\n<p>[\/et_pb_text][et_pb_toggle title=&#8220;Ihr Titel geh\u00f6rt hierher&#8220; _builder_version=&#8220;4.18.0&#8243; _module_preset=&#8220;default&#8220; global_colors_info=&#8220;{}&#8220;]<\/p>\n<table>\n<tbody>\n<tr>\n<td>05.03.2020<\/td>\n<td>&#8222;Beautiful Lips &#8211; Balancing the lips in the lower face&#8220; Merz Institute of Advanced Aesthetics, Expert training by Dr Marco Cerrano, Lausanne<\/td>\n<\/tr>\n<tr>\n<td>05.02.2020<\/td>\n<td>&#8222;Beautiful Eyes, Treating the peri-orbital and upper-face area&#8220; Merz Institute of Advanced Aesthetics, training by Dr Francesco de Boccard, Z\u00fcrich<\/td>\n<\/tr>\n<tr>\n<td>28.11.2019<\/td>\n<td>&#8222;Balancing the 3 thirds &#8211; Full face approach for expert injectioners combining the Merz Portfolio &#8211; Facial contouring approach. Training by Dr Marco Cerrano &amp; Dr Mandana P\u00e9clard, Z\u00fcrich. <\/td>\n<\/tr>\n<tr>\n<td>10.10.2019<\/td>\n<td>&#8222;Balancing the 3 thirds &#8211; Full face approach for expert injectors combining the Merz Portfolio &#8211; Facial contouring approach. Training by Dr Marco Cerrano &amp; Dr sophie Menkes, Lausanne. <\/td>\n<\/tr>\n<tr>\n<td>24.04.2018<\/td>\n<td>Merz Belotero Advanced training by Dr Marco Cerrano, Entourage<\/td>\n<\/tr>\n<tr>\n<td>03.11.2017<\/td>\n<td>Merz Radiesse Expert training mit Dr. Jani van Loghem, Doctors Inc.<\/td>\n<\/tr>\n<tr>\n<td>31.10.2017<\/td>\n<td>Aptos Workshop Techniken zur Anwendung von Tensionsf\u00e4den<\/td>\n<\/tr>\n<tr>\n<td>15.03.2017<\/td>\n<td>Allergan Vycross, Vorstellung einer neuen Reihe von Injektionsmitteln<\/td>\n<\/tr>\n<tr>\n<td>09.02.2017<\/td>\n<td>Cutera Schulung zur Verwendung von Lasern<\/td>\n<\/tr>\n<tr>\n<td>29.11.2016<\/td>\n<td>Merz starter + advanced training. Schulung in Injektionstechniken <\/td>\n<\/tr>\n<\/tbody>\n<\/table>\n<p>[\/et_pb_toggle][\/et_pb_column][\/et_pb_row][\/et_pb_section][et_pb_section fb_built=&#8220;1&#8243; _builder_version=&#8220;4.18.0&#8243; _module_preset=&#8220;default&#8220; background_enable_color=&#8220;off&#8220; custom_padding=&#8220;||19px|||&#8220; locked=&#8220;off&#8220; global_colors_info=&#8220;{%22gcid-962db4f2-a7d5-41ee-b6a4-7c400717cc38%22:%91%22background_color%22%93}&#8220;][et_pb_row _builder_version=&#8220;4.18.0&#8243; _module_preset=&#8220;default&#8220; global_colors_info=&#8220;{}&#8220;][et_pb_column type=&#8220;4_4&#8243; _builder_version=&#8220;4.18.0&#8243; _module_preset=&#8220;default&#8220; global_colors_info=&#8220;{}&#8220;][dipi_expanding_cta content_title=&#8220;Entourage stellt ein&#8220; content_description=&#8220;<\/p>\n<p>Sie sind Arzt oder Chirurg, haben eine Leidenschaft f\u00fcr \u00c4sthetik und m\u00f6chten in einem dynamischen und stimulierenden Umfeld arbeiten?<\/p>\n<p>&#8220; show_content_button=&#8220;on&#8220; content_button_text=&#8220;Bewerben Sie sich&#8220; content_button_link=&#8220;@ET-DC@eyJkeW5hbWljIjp0cnVlLCJjb250ZW50IjoicG9zdF9saW5rX3VybF9wYWdlIiwic2V0dGluZ3MiOnsicG9zdF9pZCI6Ijc3NCJ9fQ==@&#8220; hide_backtotop=&#8220;on&#8220; content_title_margin=&#8220;0px|0px|15px|0px|false|false&#8220; content_desc_margin=&#8220;0px|0px|15px|0px|false|false&#8220; container_padding=&#8220;30px|30px|30px|30px|false|false&#8220; overlay_bg_color=&#8220;rgba(219,219,219,0.9)&#8220; content_bg_color=&#8220;#FFFFFF&#8220; _builder_version=&#8220;4.18.0&#8243; _dynamic_attributes=&#8220;content_button_link&#8220; _module_preset=&#8220;default&#8220; content_title_level=&#8220;h3&#8243; content_title_font_size=&#8220;2em&#8220; content_title_letter_spacing=&#8220;2px&#8220; custom_content_button=&#8220;on&#8220; content_button_text_size=&#8220;1em&#8220; content_button_border_width=&#8220;1px&#8220; content_button_border_color=&#8220;#000000&#8243; content_button_border_radius=&#8220;0px&#8220; content_button_letter_spacing=&#8220;2px&#8220; content_button_font=&#8220;|||on|||||&#8220; content_button_use_icon=&#8220;off&#8220; content_button_custom_padding=&#8220;10px|30px|10px|30px|true|true&#8220; global_colors_info=&#8220;{}&#8220; content_button_bg_color__hover_enabled=&#8220;on|desktop&#8220; content_button_bg_color__hover=&#8220;#000000&#8243; content_button_bg_enable_color__hover=&#8220;on&#8220; content_button_text_color__hover_enabled=&#8220;on|hover&#8220; content_button_text_color__hover=&#8220;#FFFFFF&#8220; content_button_border_color__hover_enabled=&#8220;on|desktop&#8220; content_button_border_color__hover=&#8220;#000000&#8243;][\/dipi_expanding_cta][\/et_pb_column][\/et_pb_row][\/et_pb_section][et_pb_section fb_built=&#8220;1&#8243; _builder_version=&#8220;4.18.0&#8243; _module_preset=&#8220;default&#8220; global_module=&#8220;832&#8243; global_colors_info=&#8220;{}&#8220;][et_pb_row _builder_version=&#8220;4.18.0&#8243; _module_preset=&#8220;default&#8220; custom_padding=&#8220;||0px||false|false&#8220; global_colors_info=&#8220;{}&#8220;][et_pb_column type=&#8220;4_4&#8243; _builder_version=&#8220;4.18.0&#8243; _module_preset=&#8220;default&#8220; global_colors_info=&#8220;{}&#8220;][et_pb_text _builder_version=&#8220;4.18.0&#8243; _module_preset=&#8220;default&#8220; global_colors_info=&#8220;{}&#8220;]<\/p>\n<h2>\u00dcber Entourage<\/h2>\n<p>[\/et_pb_text][\/et_pb_column][\/et_pb_row][et_pb_row column_structure=&#8220;1_4,1_4,1_4,1_4&#8243; _builder_version=&#8220;4.18.0&#8243; _module_preset=&#8220;default&#8220; global_colors_info=&#8220;{}&#8220;][et_pb_column type=&#8220;1_4&#8243; _builder_version=&#8220;4.18.0&#8243; _dynamic_attributes=&#8220;link_option_url&#8220; _module_preset=&#8220;default&#8220; link_option_url=&#8220;@ET-DC@eyJkeW5hbWljIjp0cnVlLCJjb250ZW50IjoicG9zdF9saW5rX3VybF9wYWdlIiwic2V0dGluZ3MiOnsicG9zdF9pZCI6IjcxOCJ9fQ==@&#8220; global_colors_info=&#8220;{}&#8220;][et_pb_image src=&#8220;data:image\/svg+xml;base64,PHN2ZyB3aWR0aD0iMTA4MCIgaGVpZ2h0PSI1NDAiIHZpZXdCb3g9IjAgMCAxMDgwIDU0MCIgeG1sbnM9Imh0dHA6Ly93d3cudzMub3JnLzIwMDAvc3ZnIj4KICAgIDxnIGZpbGw9Im5vbmUiIGZpbGwtcnVsZT0iZXZlbm9kZCI+CiAgICAgICAgPHBhdGggZmlsbD0iI0VCRUJFQiIgZD0iTTAgMGgxMDgwdjU0MEgweiIvPgogICAgICAgIDxwYXRoIGQ9Ik00NDUuNjQ5IDU0MGgtOTguOTk1TDE0NC42NDkgMzM3Ljk5NSAwIDQ4Mi42NDR2LTk4Ljk5NWwxMTYuMzY1LTExNi4zNjVjMTUuNjItMTUuNjIgNDAuOTQ3LTE1LjYyIDU2LjU2OCAwTDQ0NS42NSA1NDB6IiBmaWxsLW9wYWNpdHk9Ii4xIiBmaWxsPSIjMDAwIiBmaWxsLXJ1bGU9Im5vbnplcm8iLz4KICAgICAgICA8Y2lyY2xlIGZpbGwtb3BhY2l0eT0iLjA1IiBmaWxsPSIjMDAwIiBjeD0iMzMxIiBjeT0iMTQ4IiByPSI3MCIvPgogICAgICAgIDxwYXRoIGQ9Ik0xMDgwIDM3OXYxMTMuMTM3TDcyOC4xNjIgMTQwLjMgMzI4LjQ2MiA1NDBIMjE1LjMyNEw2OTkuODc4IDU1LjQ0NmMxNS42Mi0xNS42MiA0MC45NDgtMTUuNjIgNTYuNTY4IDBMMTA4MCAzNzl6IiBmaWxsLW9wYWNpdHk9Ii4yIiBmaWxsPSIjMDAwIiBmaWxsLXJ1bGU9Im5vbnplcm8iLz4KICAgIDwvZz4KPC9zdmc+Cg==&#8220; _builder_version=&#8220;4.18.0&#8243; _module_preset=&#8220;default&#8220; global_colors_info=&#8220;{}&#8220;][\/et_pb_image][et_pb_text _builder_version=&#8220;4.18.0&#8243; _module_preset=&#8220;default&#8220; global_colors_info=&#8220;{}&#8220;]<\/p>\n<h3 style=\"text-align: center;\">Die Klinik<\/h3>\n<p>[\/et_pb_text][et_pb_button button_url=&#8220;@ET-DC@eyJkeW5hbWljIjp0cnVlLCJjb250ZW50IjoicG9zdF9saW5rX3VybF9wYWdlIiwic2V0dGluZ3MiOnsicG9zdF9pZCI6IjcxOCJ9fQ==@&#8220; button_text=&#8220;Weitere Informationen&#8220; _builder_version=&#8220;4.18.0&#8243; _dynamic_attributes=&#8220;button_url&#8220; _module_preset=&#8220;default&#8220; global_colors_info=&#8220;{}&#8220;][\/et_pb_button][\/et_pb_column][et_pb_column type=&#8220;1_4&#8243; _builder_version=&#8220;4.18.0&#8243; _dynamic_attributes=&#8220;link_option_url&#8220; _module_preset=&#8220;default&#8220; link_option_url=&#8220;@ET-DC@eyJkeW5hbWljIjp0cnVlLCJjb250ZW50IjoicG9zdF9saW5rX3VybF9wYWdlIiwic2V0dGluZ3MiOnsicG9zdF9pZCI6Ijc0NiJ9fQ==@&#8220; global_colors_info=&#8220;{}&#8220;][et_pb_image src=&#8220;data:image\/svg+xml;base64,PHN2ZyB3aWR0aD0iMTA4MCIgaGVpZ2h0PSI1NDAiIHZpZXdCb3g9IjAgMCAxMDgwIDU0MCIgeG1sbnM9Imh0dHA6Ly93d3cudzMub3JnLzIwMDAvc3ZnIj4KICAgIDxnIGZpbGw9Im5vbmUiIGZpbGwtcnVsZT0iZXZlbm9kZCI+CiAgICAgICAgPHBhdGggZmlsbD0iI0VCRUJFQiIgZD0iTTAgMGgxMDgwdjU0MEgweiIvPgogICAgICAgIDxwYXRoIGQ9Ik00NDUuNjQ5IDU0MGgtOTguOTk1TDE0NC42NDkgMzM3Ljk5NSAwIDQ4Mi42NDR2LTk4Ljk5NWwxMTYuMzY1LTExNi4zNjVjMTUuNjItMTUuNjIgNDAuOTQ3LTE1LjYyIDU2LjU2OCAwTDQ0NS42NSA1NDB6IiBmaWxsLW9wYWNpdHk9Ii4xIiBmaWxsPSIjMDAwIiBmaWxsLXJ1bGU9Im5vbnplcm8iLz4KICAgICAgICA8Y2lyY2xlIGZpbGwtb3BhY2l0eT0iLjA1IiBmaWxsPSIjMDAwIiBjeD0iMzMxIiBjeT0iMTQ4IiByPSI3MCIvPgogICAgICAgIDxwYXRoIGQ9Ik0xMDgwIDM3OXYxMTMuMTM3TDcyOC4xNjIgMTQwLjMgMzI4LjQ2MiA1NDBIMjE1LjMyNEw2OTkuODc4IDU1LjQ0NmMxNS42Mi0xNS42MiA0MC45NDgtMTUuNjIgNTYuNTY4IDBMMTA4MCAzNzl6IiBmaWxsLW9wYWNpdHk9Ii4yIiBmaWxsPSIjMDAwIiBmaWxsLXJ1bGU9Im5vbnplcm8iLz4KICAgIDwvZz4KPC9zdmc+Cg==&#8220; _builder_version=&#8220;4.18.0&#8243; _module_preset=&#8220;default&#8220; global_colors_info=&#8220;{}&#8220;][\/et_pb_image][et_pb_text _builder_version=&#8220;4.18.0&#8243; _module_preset=&#8220;default&#8220; global_colors_info=&#8220;{}&#8220;]<\/p>\n<h3 style=\"text-align: center;\">Philosophie<\/h3>\n<p>[\/et_pb_text][et_pb_button button_url=&#8220;@ET-DC@eyJkeW5hbWljIjp0cnVlLCJjb250ZW50IjoicG9zdF9saW5rX3VybF9wYWdlIiwic2V0dGluZ3MiOnsicG9zdF9pZCI6Ijc0NiJ9fQ==@&#8220; button_text=&#8220;Weitere Informationen&#8220; _builder_version=&#8220;4.18.0&#8243; _dynamic_attributes=&#8220;button_url&#8220; _module_preset=&#8220;default&#8220; global_colors_info=&#8220;{}&#8220;][\/et_pb_button][\/et_pb_column][et_pb_column type=&#8220;1_4&#8243; _builder_version=&#8220;4.18.0&#8243; _dynamic_attributes=&#8220;link_option_url&#8220; _module_preset=&#8220;default&#8220; link_option_url=&#8220;@ET-DC@eyJkeW5hbWljIjp0cnVlLCJjb250ZW50IjoicG9zdF9saW5rX3VybF9wYWdlIiwic2V0dGluZ3MiOnsicG9zdF9pZCI6Ijc3NCJ9fQ==@&#8220; global_colors_info=&#8220;{}&#8220;][et_pb_image src=&#8220;data:image\/svg+xml;base64,PHN2ZyB3aWR0aD0iMTA4MCIgaGVpZ2h0PSI1NDAiIHZpZXdCb3g9IjAgMCAxMDgwIDU0MCIgeG1sbnM9Imh0dHA6Ly93d3cudzMub3JnLzIwMDAvc3ZnIj4KICAgIDxnIGZpbGw9Im5vbmUiIGZpbGwtcnVsZT0iZXZlbm9kZCI+CiAgICAgICAgPHBhdGggZmlsbD0iI0VCRUJFQiIgZD0iTTAgMGgxMDgwdjU0MEgweiIvPgogICAgICAgIDxwYXRoIGQ9Ik00NDUuNjQ5IDU0MGgtOTguOTk1TDE0NC42NDkgMzM3Ljk5NSAwIDQ4Mi42NDR2LTk4Ljk5NWwxMTYuMzY1LTExNi4zNjVjMTUuNjItMTUuNjIgNDAuOTQ3LTE1LjYyIDU2LjU2OCAwTDQ0NS42NSA1NDB6IiBmaWxsLW9wYWNpdHk9Ii4xIiBmaWxsPSIjMDAwIiBmaWxsLXJ1bGU9Im5vbnplcm8iLz4KICAgICAgICA8Y2lyY2xlIGZpbGwtb3BhY2l0eT0iLjA1IiBmaWxsPSIjMDAwIiBjeD0iMzMxIiBjeT0iMTQ4IiByPSI3MCIvPgogICAgICAgIDxwYXRoIGQ9Ik0xMDgwIDM3OXYxMTMuMTM3TDcyOC4xNjIgMTQwLjMgMzI4LjQ2MiA1NDBIMjE1LjMyNEw2OTkuODc4IDU1LjQ0NmMxNS42Mi0xNS42MiA0MC45NDgtMTUuNjIgNTYuNTY4IDBMMTA4MCAzNzl6IiBmaWxsLW9wYWNpdHk9Ii4yIiBmaWxsPSIjMDAwIiBmaWxsLXJ1bGU9Im5vbnplcm8iLz4KICAgIDwvZz4KPC9zdmc+Cg==&#8220; _builder_version=&#8220;4.18.0&#8243; _module_preset=&#8220;default&#8220; global_colors_info=&#8220;{}&#8220;][\/et_pb_image][et_pb_text _builder_version=&#8220;4.18.0&#8243; _module_preset=&#8220;default&#8220; global_colors_info=&#8220;{}&#8220;]<\/p>\n<h3 style=\"text-align: center;\">Entourage stellt ein<\/h3>\n<p>[\/et_pb_text][et_pb_button button_url=&#8220;@ET-DC@eyJkeW5hbWljIjp0cnVlLCJjb250ZW50IjoicG9zdF9saW5rX3VybF9wYWdlIiwic2V0dGluZ3MiOnsicG9zdF9pZCI6Ijc3NCJ9fQ==@&#8220; button_text=&#8220;Weitere Informationen&#8220; _builder_version=&#8220;4.18.0&#8243; _dynamic_attributes=&#8220;button_url&#8220; _module_preset=&#8220;default&#8220; global_colors_info=&#8220;{}&#8220;][\/et_pb_button][\/et_pb_column][et_pb_column type=&#8220;1_4&#8243; _builder_version=&#8220;4.18.0&#8243; _dynamic_attributes=&#8220;link_option_url&#8220; _module_preset=&#8220;default&#8220; link_option_url=&#8220;@ET-DC@eyJkeW5hbWljIjp0cnVlLCJjb250ZW50IjoicG9zdF9saW5rX3VybF9wYWdlIiwic2V0dGluZ3MiOnsicG9zdF9pZCI6Ijc4MyJ9fQ==@&#8220; global_colors_info=&#8220;{}&#8220;][et_pb_image src=&#8220;data:image\/svg+xml;base64,PHN2ZyB3aWR0aD0iMTA4MCIgaGVpZ2h0PSI1NDAiIHZpZXdCb3g9IjAgMCAxMDgwIDU0MCIgeG1sbnM9Imh0dHA6Ly93d3cudzMub3JnLzIwMDAvc3ZnIj4KICAgIDxnIGZpbGw9Im5vbmUiIGZpbGwtcnVsZT0iZXZlbm9kZCI+CiAgICAgICAgPHBhdGggZmlsbD0iI0VCRUJFQiIgZD0iTTAgMGgxMDgwdjU0MEgweiIvPgogICAgICAgIDxwYXRoIGQ9Ik00NDUuNjQ5IDU0MGgtOTguOTk1TDE0NC42NDkgMzM3Ljk5NSAwIDQ4Mi42NDR2LTk4Ljk5NWwxMTYuMzY1LTExNi4zNjVjMTUuNjItMTUuNjIgNDAuOTQ3LTE1LjYyIDU2LjU2OCAwTDQ0NS42NSA1NDB6IiBmaWxsLW9wYWNpdHk9Ii4xIiBmaWxsPSIjMDAwIiBmaWxsLXJ1bGU9Im5vbnplcm8iLz4KICAgICAgICA8Y2lyY2xlIGZpbGwtb3BhY2l0eT0iLjA1IiBmaWxsPSIjMDAwIiBjeD0iMzMxIiBjeT0iMTQ4IiByPSI3MCIvPgogICAgICAgIDxwYXRoIGQ9Ik0xMDgwIDM3OXYxMTMuMTM3TDcyOC4xNjIgMTQwLjMgMzI4LjQ2MiA1NDBIMjE1LjMyNEw2OTkuODc4IDU1LjQ0NmMxNS42Mi0xNS42MiA0MC45NDgtMTUuNjIgNTYuNTY4IDBMMTA4MCAzNzl6IiBmaWxsLW9wYWNpdHk9Ii4yIiBmaWxsPSIjMDAwIiBmaWxsLXJ1bGU9Im5vbnplcm8iLz4KICAgIDwvZz4KPC9zdmc+Cg==&#8220; _builder_version=&#8220;4.18.0&#8243; _module_preset=&#8220;default&#8220; global_colors_info=&#8220;{}&#8220;][\/et_pb_image][et_pb_text _builder_version=&#8220;4.18.0&#8243; _module_preset=&#8220;default&#8220; global_colors_info=&#8220;{}&#8220;]<\/p>\n<h3 style=\"text-align: center;\">Schulungen<\/h3>\n<p>[\/et_pb_text][et_pb_button button_url=&#8220;@ET-DC@eyJkeW5hbWljIjp0cnVlLCJjb250ZW50IjoicG9zdF9saW5rX3VybF9wYWdlIiwic2V0dGluZ3MiOnsicG9zdF9pZCI6Ijc4MyJ9fQ==@&#8220; button_text=&#8220;Weitere Informationen&#8220; _builder_version=&#8220;4.18.0&#8243; _dynamic_attributes=&#8220;button_url&#8220; _module_preset=&#8220;default&#8220; global_colors_info=&#8220;{}&#8220;][\/et_pb_button][\/et_pb_column][\/et_pb_row][\/et_pb_section]<\/p>\n","protected":false},"excerpt":{"rendered":"<p><nav aria-label=\"breadcrumbs\" class=\"rank-math-breadcrumb\"><p><span class=\"last\">Accueil<\/span><\/p><\/nav>In einem Geist der kontinuierlichen Verbesserung\u00c4sthetische Chirurgie und Medizin sind Disziplinen, die sich st\u00e4ndig weiterentwickeln. Die Spezialisten von Entourage bilden sich regelm\u00e4\u00dfig in den neuesten Techniken weiter und sind selbst als Ausbilder f\u00fcr verschiedene Hersteller und Labors t\u00e4tig, um sich st\u00e4ndig zu verbessern und auszutauschen. Unsere R\u00e4umlichkeiten werden regelm\u00e4\u00dfig f\u00fcr Workshops und Konferenzen genutzt und [&hellip;]<\/p>\n","protected":false},"author":1,"featured_media":25549092,"parent":25546310,"menu_order":0,"comment_status":"closed","ping_status":"closed","template":"","meta":{"_acf_changed":false,"_et_pb_use_builder":"on","_et_pb_old_content":"","_et_gb_content_width":"","footnotes":""},"dipi_cpt_category":[469],"class_list":["post-25547092","page","type-page","status-publish","has-post-thumbnail","hentry","dipi_cpt_category-a-propos-de"],"acf":[],"_links":{"self":[{"href":"https:\/\/www.entourage.ch\/de\/wp-json\/wp\/v2\/pages\/25547092","targetHints":{"allow":["GET"]}}],"collection":[{"href":"https:\/\/www.entourage.ch\/de\/wp-json\/wp\/v2\/pages"}],"about":[{"href":"https:\/\/www.entourage.ch\/de\/wp-json\/wp\/v2\/types\/page"}],"author":[{"embeddable":true,"href":"https:\/\/www.entourage.ch\/de\/wp-json\/wp\/v2\/users\/1"}],"replies":[{"embeddable":true,"href":"https:\/\/www.entourage.ch\/de\/wp-json\/wp\/v2\/comments?post=25547092"}],"version-history":[{"count":3,"href":"https:\/\/www.entourage.ch\/de\/wp-json\/wp\/v2\/pages\/25547092\/revisions"}],"predecessor-version":[{"id":25563953,"href":"https:\/\/www.entourage.ch\/de\/wp-json\/wp\/v2\/pages\/25547092\/revisions\/25563953"}],"up":[{"embeddable":true,"href":"https:\/\/www.entourage.ch\/de\/wp-json\/wp\/v2\/pages\/25546310"}],"wp:featuredmedia":[{"embeddable":true,"href":"https:\/\/www.entourage.ch\/de\/wp-json\/wp\/v2\/media\/25549092"}],"wp:attachment":[{"href":"https:\/\/www.entourage.ch\/de\/wp-json\/wp\/v2\/media?parent=25547092"}],"wp:term":[{"taxonomy":"dipi_cpt_category","embeddable":true,"href":"https:\/\/www.entourage.ch\/de\/wp-json\/wp\/v2\/dipi_cpt_category?post=25547092"}],"curies":[{"name":"wp","href":"https:\/\/api.w.org\/{rel}","templated":true}]}}