{"id":25547050,"date":"2022-11-07T16:36:26","date_gmt":"2022-11-07T15:36:26","guid":{"rendered":"https:\/\/www.entourage.ch\/a-propos\/team\/"},"modified":"2026-02-02T14:18:32","modified_gmt":"2026-02-02T13:18:32","slug":"team","status":"publish","type":"page","link":"https:\/\/www.entourage.ch\/de\/uber-uns\/team\/","title":{"rendered":"Das Entourage-Team"},"content":{"rendered":"<p>[et_pb_section fb_built=&#8220;1&#8243; custom_padding_last_edited=&#8220;on|phone&#8220; module_id=&#8220;responsive-bgg&#8220; _builder_version=&#8220;4.27.4&#8243; _dynamic_attributes=&#8220;background_image&#8220; _module_preset=&#8220;default&#8220; use_background_color_gradient=&#8220;on&#8220; background_color_gradient_stops=&#8220;rgba(0,0,0,0.5) 0%|rgba(0,0,0,0.3) 100%&#8220; background_color_gradient_overlays_image=&#8220;on&#8220; background_image=&#8220;@ET-DC@eyJkeW5hbWljIjp0cnVlLCJjb250ZW50IjoicG9zdF9mZWF0dXJlZF9pbWFnZSIsInNldHRpbmdzIjp7fX0=@&#8220; custom_padding=&#8220;14em||6em||false|false&#8220; custom_padding_tablet=&#8220;6em||4em||false|false&#8220; custom_padding_phone=&#8220;||||false|false&#8220; background_last_edited=&#8220;on|phone&#8220; global_module=&#8220;732&#8243; saved_tabs=&#8220;all&#8220; global_colors_info=&#8220;{}&#8220;][et_pb_row _builder_version=&#8220;4.27.4&#8243; _module_preset=&#8220;default&#8220; scroll_vertical_motion=&#8220;0|73|73|100|4|0|-4&#8243; scroll_scaling=&#8220;0|73|73|100|70|100|130%&#8220; global_colors_info=&#8220;{}&#8220;][et_pb_column type=&#8220;4_4&#8243; _builder_version=&#8220;4.18.0&#8243; _module_preset=&#8220;default&#8220; global_colors_info=&#8220;{}&#8220;][et_pb_text _builder_version=&#8220;4.27.4&#8243; _dynamic_attributes=&#8220;content&#8220; _module_preset=&#8220;default&#8220; animation_direction=&#8220;bottom&#8220; scroll_vertical_motion=&#8220;0|80|80|100|0|0|-4&#8243; scroll_fade=&#8220;22|80|80|100|100%|100%|0%&#8220; scroll_scaling=&#8220;0|80|80|100|70|100|150%&#8220; motion_trigger_start=&#8220;top&#8220; global_colors_info=&#8220;{}&#8220;]@ET-DC@eyJkeW5hbWljIjp0cnVlLCJjb250ZW50IjoicG9zdF90aXRsZSIsInNldHRpbmdzIjp7ImJlZm9yZSI6IjxoMT4iLCJhZnRlciI6IjxcL2gxPiJ9fQ==@[\/et_pb_text][\/et_pb_column][\/et_pb_row][et_pb_row _builder_version=&#8220;4.18.0&#8243; _module_preset=&#8220;default&#8220; global_colors_info=&#8220;{}&#8220;][et_pb_column type=&#8220;4_4&#8243; _builder_version=&#8220;4.18.0&#8243; _module_preset=&#8220;default&#8220; global_colors_info=&#8220;{}&#8220;][et_pb_text _builder_version=&#8220;4.23.1&#8243; _dynamic_attributes=&#8220;content&#8220; _module_preset=&#8220;default&#8220; text_text_color=&#8220;#FFFFFF&#8220; text_orientation=&#8220;center&#8220; display_conditions=&#8220;W3siaWQiOiI2ZDZiMzI1Yy0xY2Y1LTRjZjctYmJmOC1iODJmNTc0Y2MzZDkiLCJjb25kaXRpb24iOiJwYWdlIiwiY29uZGl0aW9uU2V0dGluZ3MiOnsiZGlzcGxheVJ1bGUiOiJpc05vdCIsImR5bmFtaWNQb3N0cyI6W3sibGFiZWwiOiJJbmplY3Rpb25zIGRlIHZpdGFtaW5lcyAtIElWIERyaXBzIiwidmFsdWUiOiIyMzk0NjM2MiJ9XSwicG9zdFR5cGVMYWJlbCI6IlBhZ2VzIiwiYWRtaW5MYWJlbCI6IlBhZ2VzIiwiZW5hYmxlQ29uZGl0aW9uIjoib24ifSwib3BlcmF0b3IiOiJPUiJ9XQ==&#8220; global_colors_info=&#8220;{}&#8220;]@ET-DC@eyJkeW5hbWljIjp0cnVlLCJjb250ZW50IjoiY3VzdG9tX21ldGFfc291cy10aXRyZSIsInNldHRpbmdzIjp7ImJlZm9yZSI6IiIsImFmdGVyIjoiIiwiZW5hYmxlX2h0bWwiOiJvZmYifX0=@[\/et_pb_text][\/et_pb_column][\/et_pb_row][et_pb_row _builder_version=&#8220;4.25.1&#8243; _module_preset=&#8220;default&#8220; display_conditions=&#8220;W3siaWQiOiJmMzljMzE4Yi00YjU1LTQ2YzgtYTg0My1iNDYyZjQwOTk4OTgiLCJjb25kaXRpb24iOiJwYWdlIiwiY29uZGl0aW9uU2V0dGluZ3MiOnsiZGlzcGxheVJ1bGUiOiJpc05vdCIsImR5bmFtaWNQb3N0cyI6W3sibGFiZWwiOiJSZW5kZXotdm91cyBkYW5zIHZvdHJlIGNsaW5pcXVlIGVzdGhcdTAwZTl0aXF1ZSBcdTAwZTAgTGF1c2FubmUiLCJ2YWx1ZSI6IjM2NCJ9LHsibGFiZWwiOiJTaG9wIiwidmFsdWUiOiIyMzk0NTM4NCJ9LHsibGFiZWwiOiJDXHUwMGU5bFx1MDBlOWJyZXogbGEgYmVhdXRcdTAwZTkgZGVzIGZcdTAwZWF0ZXMiLCJ2YWx1ZSI6IjIzOTQ2MjM2In0seyJsYWJlbCI6IkNsaW5pcXVlIEVudG91cmFnZSBcdTAwZTAgVmVyYmllciIsInZhbHVlIjoiMjM5NDYzNDAifSx7ImxhYmVsIjoiRW50b3VyYWdlIHJlY3J1dGUiLCJ2YWx1ZSI6Ijc3NCJ9LHsibGFiZWwiOiJQb3N0dWxlciBjaGV6IEVudG91cmFnZSIsInZhbHVlIjoiMjU1NDQ5NTYifV0sInBvc3RUeXBlTGFiZWwiOiJQYWdlcyIsImFkbWluTGFiZWwiOiJQYWdlcyIsImVuYWJsZUNvbmRpdGlvbiI6Im9uIn0sIm9wZXJhdG9yIjoiT1IifV0=&#8220; global_colors_info=&#8220;{}&#8220;][et_pb_column type=&#8220;4_4&#8243; _builder_version=&#8220;4.18.0&#8243; _module_preset=&#8220;default&#8220; global_colors_info=&#8220;{}&#8220;][et_pb_button button_url=&#8220;@ET-DC@eyJkeW5hbWljIjp0cnVlLCJjb250ZW50IjoicG9zdF9saW5rX3VybF9wYWdlIiwic2V0dGluZ3MiOnsicG9zdF9pZCI6IjM2NCJ9fQ==@&#8220; button_text=&#8220;Termin vereinbaren&#8220; button_alignment=&#8220;center&#8220; _builder_version=&#8220;4.23.4&#8243; _dynamic_attributes=&#8220;button_url&#8220; _module_preset=&#8220;58291b2a-110c-4940-8e72-4864cea013a7&#8243; display_conditions=&#8220;W10=&#8220; global_colors_info=&#8220;{}&#8220;][\/et_pb_button][\/et_pb_column][\/et_pb_row][et_pb_row _builder_version=&#8220;4.20.2&#8243; _module_preset=&#8220;default&#8220; custom_padding=&#8220;4em||0px||false|false&#8220; global_colors_info=&#8220;{}&#8220;][et_pb_column type=&#8220;4_4&#8243; _builder_version=&#8220;4.18.0&#8243; _module_preset=&#8220;default&#8220; global_colors_info=&#8220;{}&#8220;][et_pb_text _builder_version=&#8220;4.20.2&#8243; _module_preset=&#8220;default&#8220; text_text_color=&#8220;#cccccc&#8220; text_font_size=&#8220;0.7em&#8220; link_font=&#8220;|600|||||||&#8220; link_text_color=&#8220;#cccccc&#8220; text_orientation=&#8220;center&#8220; global_colors_info=&#8220;{}&#8220;]<\/p>\n<p><span><nav aria-label=\"breadcrumbs\" class=\"rank-math-breadcrumb\"><p><span class=\"last\">Accueil<\/span><\/p><\/nav><\/span><\/p>\n<p>[\/et_pb_text][\/et_pb_column][\/et_pb_row][et_pb_row disabled_on=&#8220;off|off|off&#8220; admin_label=&#8220;Logo 10 Jahre&#8220; _builder_version=&#8220;4.27.4&#8243; _module_preset=&#8220;default&#8220; background_color=&#8220;gcid-e6005e65-e69d-4a19-89b5-d0287e5f01fc&#8220; positioning=&#8220;absolute&#8220; position_origin_a=&#8220;bottom_center&#8220; vertical_offset=&#8220;-32px&#8220; z_index=&#8220;10&#8243; width=&#8220;100%&#8220; max_width=&#8220;150px&#8220; overflow-x=&#8220;visible&#8220; overflow-y=&#8220;visible&#8220; display_conditions=&#8220;W10=&#8220; custom_margin=&#8220;||||false|false&#8220; custom_padding=&#8220;0px||0px||false|false&#8220; border_radii=&#8220;off|35px|35px||&#8220; border_radii_tablet=&#8220;off|30px|30px||&#8220; border_radii_phone=&#8220;&#8220; border_radii_last_edited=&#8220;on|tablet&#8220; global_module=&#8220;25557255&#8243; locked=&#8220;off&#8220; global_colors_info=&#8220;{%22gcid-e6005e65-e69d-4a19-89b5-d0287e5f01fc%22:%91%22background_color%22%93}&#8220;][et_pb_column type=&#8220;4_4&#8243; _builder_version=&#8220;4.27.4&#8243; _module_preset=&#8220;default&#8220; global_colors_info=&#8220;{}&#8220;][et_pb_image src=&#8220;https:\/\/www.entourage.ch\/wp-content\/uploads\/2025\/08\/bord-arrondi.svg&#8220; title_text=&#8220;bord-arrondi&#8220; admin_label=&#8220;arrondi gauche V2&#8243; _builder_version=&#8220;4.27.4&#8243; _module_preset=&#8220;default&#8220; positioning=&#8220;absolute&#8220; position_origin_r=&#8220;bottom_left&#8220; vertical_offset=&#8220;29px&#8220; horizontal_offset=&#8220;-50px&#8220; vertical_offset_tablet=&#8220;27px&#8220; vertical_offset_phone=&#8220;&#8220; vertical_offset_last_edited=&#8220;on|tablet&#8220; horizontal_offset_tablet=&#8220;-34px&#8220; horizontal_offset_phone=&#8220;&#8220; horizontal_offset_last_edited=&#8220;on|tablet&#8220; width=&#8220;100%&#8220; max_width=&#8220;50px&#8220; max_width_tablet=&#8220;35px&#8220; max_width_phone=&#8220;&#8220; max_width_last_edited=&#8220;on|tablet&#8220; max_height=&#8220;50px&#8220; max_height_tablet=&#8220;35px&#8220; max_height_phone=&#8220;&#8220; max_height_last_edited=&#8220;on|tablet&#8220; global_colors_info=&#8220;{}&#8220;][\/et_pb_image][et_pb_image src=&#8220;https:\/\/www.entourage.ch\/wp-content\/uploads\/2025\/08\/entourage-picto-10ans-n.png&#8220; title_text=&#8220;entourage-picto-10ans-n&#8220; show_bottom_space=&#8220;off&#8220; align=&#8220;center&#8220; _builder_version=&#8220;4.27.4&#8243; _module_preset=&#8220;default&#8220; background_enable_color=&#8220;off&#8220; max_width=&#8220;99px&#8220; max_width_tablet=&#8220;80px&#8220; max_width_phone=&#8220;&#8220; max_width_last_edited=&#8220;on|phone&#8220; module_alignment=&#8220;center&#8220; custom_margin=&#8220;||||false|false&#8220; custom_padding=&#8220;20px||0px||false|false&#8220; border_radii=&#8220;off||||&#8220; global_colors_info=&#8220;{%22gcid-e6005e65-e69d-4a19-89b5-d0287e5f01fc%22:%91%22background_color%22%93}&#8220;][\/et_pb_image][et_pb_image src=&#8220;https:\/\/www.entourage.ch\/wp-content\/uploads\/2025\/08\/bord-arrondi.svg&#8220; title_text=&#8220;bord-arrondi&#8220; admin_label=&#8220;arrondi droite V2&#8243; _builder_version=&#8220;4.27.4&#8243; _module_preset=&#8220;default&#8220; transform_rotate=&#8220;0deg|180deg|0deg&#8220; positioning=&#8220;absolute&#8220; position_origin_a=&#8220;top_right&#8220; position_origin_r=&#8220;bottom_left&#8220; vertical_offset=&#8220;29px&#8220; horizontal_offset=&#8220;-50px&#8220; vertical_offset_tablet=&#8220;27px&#8220; vertical_offset_phone=&#8220;&#8220; vertical_offset_last_edited=&#8220;on|tablet&#8220; horizontal_offset_tablet=&#8220;-34px&#8220; horizontal_offset_phone=&#8220;&#8220; horizontal_offset_last_edited=&#8220;on|tablet&#8220; width=&#8220;100%&#8220; max_width=&#8220;50px&#8220; max_width_tablet=&#8220;35px&#8220; max_width_phone=&#8220;&#8220; max_width_last_edited=&#8220;on|tablet&#8220; max_height=&#8220;50px&#8220; max_height_tablet=&#8220;35px&#8220; max_height_phone=&#8220;&#8220; max_height_last_edited=&#8220;on|tablet&#8220; global_colors_info=&#8220;{}&#8220;][\/et_pb_image][\/et_pb_column][\/et_pb_row][\/et_pb_section][et_pb_section fb_built=&#8220;1&#8243; _builder_version=&#8220;4.20.2&#8243; _module_preset=&#8220;default&#8220; locked=&#8220;off&#8220; global_colors_info=&#8220;{}&#8220;][et_pb_row _builder_version=&#8220;4.20.2&#8243; _module_preset=&#8220;default&#8220; global_colors_info=&#8220;{}&#8220;][et_pb_column type=&#8220;4_4&#8243; _builder_version=&#8220;4.20.2&#8243; _module_preset=&#8220;default&#8220; global_colors_info=&#8220;{}&#8220;][et_pb_text _builder_version=&#8220;4.20.2&#8243; _module_preset=&#8220;default&#8220; global_colors_info=&#8220;{}&#8220;]<\/p>\n<h2>Ein engagiertes Team f\u00fcr Ihr Wohlbefinden<\/h2>\n<p>[\/et_pb_text][et_pb_text _builder_version=&#8220;4.20.2&#8243; _module_preset=&#8220;default&#8220; global_colors_info=&#8220;{}&#8220;]<\/p>\n<p>Unter der medizinischen Leitung von Dr. Francesco de Boccard, Chirurg und Arzt f\u00fcr \u00e4sthetische Medizin, steht Ihnen ein Team von engagierten und aufmerksamen Spezialisten zur Verf\u00fcgung, die Sie in die Welt der \u00e4sthetischen Medizin einf\u00fchren und begleiten.<\/p>\n<p>Wir m\u00f6chten mit Ihnen eine dauerhafte, vertrauensvolle Beziehung aufbauen, um Ihr Sch\u00f6nheitskapital so lange wie m\u00f6glich zu erhalten.<\/p>\n<p>[\/et_pb_text][et_pb_toggle _builder_version=&#8220;4.20.2&#8243; _module_preset=&#8220;default&#8220; global_colors_info=&#8220;{}&#8220;]<\/p>\n<p>Wir verpflichten uns, alles zu tun, um mit Ihnen die besten L\u00f6sungen zu finden, die Ihren W\u00fcnschen, Bed\u00fcrfnissen und Ihrem Budget entsprechen.<\/p>\n<p>Wir freuen uns darauf, Sie bald in Ihrem ENTOURAGE begr\u00fc\u00dfen zu d\u00fcrfen.<\/p>\n<p><a href=\"https:\/\/www.entourage.ch\/de\/klinik-esthetik-lausanne-termin\/\">Buchen Sie jetzt Ihre erste Konsultation<\/a>.<\/p>\n<p>[\/et_pb_toggle][\/et_pb_column][\/et_pb_row][\/et_pb_section][et_pb_section fb_built=&#8220;1&#8243; _builder_version=&#8220;4.20.2&#8243; _module_preset=&#8220;default&#8220; global_colors_info=&#8220;{}&#8220;][et_pb_row _builder_version=&#8220;4.20.2&#8243; _module_preset=&#8220;default&#8220; global_colors_info=&#8220;{}&#8220;][et_pb_column type=&#8220;4_4&#8243; _builder_version=&#8220;4.20.2&#8243; _module_preset=&#8220;default&#8220; global_colors_info=&#8220;{}&#8220;][et_pb_text _builder_version=&#8220;4.20.2&#8243; _module_preset=&#8220;default&#8220; global_colors_info=&#8220;{}&#8220;]<\/p>\n<h2>\u00c4rzte &amp; Chirurgen<\/h2>\n<p>[\/et_pb_text][et_pb_blog_extras include_categories=&#8220;31,32&#8243; taxonomies_relation=&#8220;AND&#8220; blog_layout=&#8220;block_extended&#8220; _builder_version=&#8220;4.21.0&#8243; _module_preset=&#8220;02f0fbbf-5cd0-4f0d-a2a6-0827721cb0b5&#8243; locked=&#8220;off&#8220; global_colors_info=&#8220;{}&#8220; transform_styles__hover_enabled=&#8220;off|desktop&#8220; transform_scale__hover_enabled=&#8220;off|desktop&#8220; transform_translate__hover_enabled=&#8220;off|desktop&#8220; transform_rotate__hover_enabled=&#8220;off|desktop&#8220; transform_skew__hover_enabled=&#8220;off|desktop&#8220; transform_origin__hover_enabled=&#8220;off|desktop&#8220;][\/et_pb_blog_extras][\/et_pb_column][\/et_pb_row][et_pb_row _builder_version=&#8220;4.20.2&#8243; _module_preset=&#8220;default&#8220; global_colors_info=&#8220;{}&#8220;][et_pb_column type=&#8220;4_4&#8243; _builder_version=&#8220;4.20.2&#8243; _module_preset=&#8220;default&#8220; global_colors_info=&#8220;{}&#8220;][et_pb_text _builder_version=&#8220;4.21.0&#8243; _module_preset=&#8220;default&#8220; global_colors_info=&#8220;{}&#8220;]<\/p>\n<h2>Sch\u00f6nheit<\/h2>\n<p>[\/et_pb_text][et_pb_blog_extras include_categories=&#8220;76&#8243; taxonomies_relation=&#8220;AND&#8220; blog_layout=&#8220;block_extended&#8220; module_class=&#8220;equipe-4-col&#8220; _builder_version=&#8220;4.25.1&#8243; _module_preset=&#8220;02f0fbbf-5cd0-4f0d-a2a6-0827721cb0b5&#8243; locked=&#8220;off&#8220; global_colors_info=&#8220;{}&#8220;][\/et_pb_blog_extras][\/et_pb_column][\/et_pb_row][et_pb_row disabled_on=&#8220;off|off|off&#8220; _builder_version=&#8220;4.20.2&#8243; _module_preset=&#8220;default&#8220; global_colors_info=&#8220;{}&#8220;][et_pb_column type=&#8220;4_4&#8243; _builder_version=&#8220;4.20.2&#8243; _module_preset=&#8220;default&#8220; global_colors_info=&#8220;{}&#8220;][et_pb_text _builder_version=&#8220;4.22.1&#8243; _module_preset=&#8220;default&#8220; global_colors_info=&#8220;{}&#8220;]<\/p>\n<h2>Medizinisches Team<\/h2>\n<p>[\/et_pb_text][et_pb_blog_extras include_categories=&#8220;106&#8243; taxonomies_relation=&#8220;AND&#8220; blog_layout=&#8220;block_extended&#8220; module_class=&#8220;equipe-4-col&#8220; _builder_version=&#8220;4.22.1&#8243; _module_preset=&#8220;02f0fbbf-5cd0-4f0d-a2a6-0827721cb0b5&#8243; locked=&#8220;off&#8220; global_colors_info=&#8220;{}&#8220;][\/et_pb_blog_extras][\/et_pb_column][\/et_pb_row][et_pb_row _builder_version=&#8220;4.20.2&#8243; _module_preset=&#8220;default&#8220; global_colors_info=&#8220;{}&#8220;][et_pb_column type=&#8220;4_4&#8243; _builder_version=&#8220;4.20.2&#8243; _module_preset=&#8220;default&#8220; global_colors_info=&#8220;{}&#8220;][et_pb_text _builder_version=&#8220;4.21.0&#8243; _module_preset=&#8220;default&#8220; global_colors_info=&#8220;{}&#8220;]<\/p>\n<h2>Verwaltung<\/h2>\n<p>[\/et_pb_text][et_pb_blog_extras include_categories=&#8220;102&#8243; taxonomies_relation=&#8220;AND&#8220; blog_layout=&#8220;block_extended&#8220; module_class=&#8220;equipe-4-col&#8220; _builder_version=&#8220;4.27.0&#8243; _module_preset=&#8220;02f0fbbf-5cd0-4f0d-a2a6-0827721cb0b5&#8243; hover_enabled=&#8220;0&#8243; locked=&#8220;off&#8220; global_colors_info=&#8220;{}&#8220; sticky_enabled=&#8220;0&#8243;][\/et_pb_blog_extras][\/et_pb_column][\/et_pb_row][\/et_pb_section]<\/p>\n","protected":false},"excerpt":{"rendered":"<p><nav aria-label=\"breadcrumbs\" class=\"rank-math-breadcrumb\"><p><span class=\"last\">Accueil<\/span><\/p><\/nav>Ein engagiertes Team f\u00fcr Ihr WohlbefindenUnter der medizinischen Leitung von Dr. Francesco de Boccard, Chirurg und Arzt f\u00fcr \u00e4sthetische Medizin, steht Ihnen ein Team von engagierten und aufmerksamen Spezialisten zur Verf\u00fcgung, die Sie in die Welt der \u00e4sthetischen Medizin einf\u00fchren und begleiten. Wir m\u00f6chten mit Ihnen eine dauerhafte, vertrauensvolle Beziehung aufbauen, um Ihr Sch\u00f6nheitskapital so [&hellip;]<\/p>\n","protected":false},"author":1,"featured_media":25563637,"parent":25546310,"menu_order":0,"comment_status":"closed","ping_status":"closed","template":"","meta":{"_acf_changed":false,"_et_pb_use_builder":"on","_et_pb_old_content":"","_et_gb_content_width":"","footnotes":""},"dipi_cpt_category":[469],"class_list":["post-25547050","page","type-page","status-publish","has-post-thumbnail","hentry","dipi_cpt_category-a-propos-de"],"acf":[],"_links":{"self":[{"href":"https:\/\/www.entourage.ch\/de\/wp-json\/wp\/v2\/pages\/25547050","targetHints":{"allow":["GET"]}}],"collection":[{"href":"https:\/\/www.entourage.ch\/de\/wp-json\/wp\/v2\/pages"}],"about":[{"href":"https:\/\/www.entourage.ch\/de\/wp-json\/wp\/v2\/types\/page"}],"author":[{"embeddable":true,"href":"https:\/\/www.entourage.ch\/de\/wp-json\/wp\/v2\/users\/1"}],"replies":[{"embeddable":true,"href":"https:\/\/www.entourage.ch\/de\/wp-json\/wp\/v2\/comments?post=25547050"}],"version-history":[{"count":11,"href":"https:\/\/www.entourage.ch\/de\/wp-json\/wp\/v2\/pages\/25547050\/revisions"}],"predecessor-version":[{"id":25563658,"href":"https:\/\/www.entourage.ch\/de\/wp-json\/wp\/v2\/pages\/25547050\/revisions\/25563658"}],"up":[{"embeddable":true,"href":"https:\/\/www.entourage.ch\/de\/wp-json\/wp\/v2\/pages\/25546310"}],"wp:featuredmedia":[{"embeddable":true,"href":"https:\/\/www.entourage.ch\/de\/wp-json\/wp\/v2\/media\/25563637"}],"wp:attachment":[{"href":"https:\/\/www.entourage.ch\/de\/wp-json\/wp\/v2\/media?parent=25547050"}],"wp:term":[{"taxonomy":"dipi_cpt_category","embeddable":true,"href":"https:\/\/www.entourage.ch\/de\/wp-json\/wp\/v2\/dipi_cpt_category?post=25547050"}],"curies":[{"name":"wp","href":"https:\/\/api.w.org\/{rel}","templated":true}]}}