{"id":25546311,"date":"2022-09-23T14:39:38","date_gmt":"2022-09-23T12:39:38","guid":{"rendered":"https:\/\/www.entourage.ch\/tarifs-esthetique-lausanne\/"},"modified":"2024-11-13T10:41:02","modified_gmt":"2024-11-13T09:41:02","slug":"tarifs-esthetique-lausanne","status":"publish","type":"page","link":"https:\/\/www.entourage.ch\/de\/tarifs-esthetique-lausanne\/","title":{"rendered":"Preise"},"content":{"rendered":"<p>[et_pb_section fb_built=&#8220;1&#8243; custom_padding_last_edited=&#8220;on|phone&#8220; _builder_version=&#8220;4.21.0&#8243; _dynamic_attributes=&#8220;background_image&#8220; _module_preset=&#8220;default&#8220; use_background_color_gradient=&#8220;on&#8220; background_color_gradient_stops=&#8220;rgba(0,0,0,0.3) 0%|rgba(0,0,0,0.3) 100%&#8220; background_color_gradient_overlays_image=&#8220;on&#8220; background_image=&#8220;@ET-DC@eyJkeW5hbWljIjp0cnVlLCJjb250ZW50IjoicG9zdF9mZWF0dXJlZF9pbWFnZSIsInNldHRpbmdzIjp7fX0=@&#8220; custom_padding=&#8220;14em||4em||false|false&#8220; custom_padding_tablet=&#8220;6em||2em||false|false&#8220; custom_padding_phone=&#8220;6em||2em||false|false&#8220; global_module=&#8220;732&#8243; saved_tabs=&#8220;all&#8220; global_colors_info=&#8220;{}&#8220;][et_pb_row _builder_version=&#8220;4.20.2&#8243; _module_preset=&#8220;default&#8220; scroll_vertical_motion=&#8220;0|73|73|100|4|0|-4&#8243; scroll_scaling=&#8220;0|73|73|100|70|100|130%&#8220; global_colors_info=&#8220;{}&#8220;][et_pb_column type=&#8220;4_4&#8243; _builder_version=&#8220;4.18.0&#8243; _module_preset=&#8220;default&#8220; global_colors_info=&#8220;{}&#8220;][et_pb_text _builder_version=&#8220;4.20.2&#8243; _dynamic_attributes=&#8220;content&#8220; _module_preset=&#8220;default&#8220; animation_direction=&#8220;bottom&#8220; scroll_vertical_motion=&#8220;0|80|80|100|0|0|-4&#8243; scroll_fade=&#8220;22|80|80|100|100%|100%|0%&#8220; scroll_scaling=&#8220;0|80|80|100|70|100|150%&#8220; motion_trigger_start=&#8220;top&#8220; global_colors_info=&#8220;{}&#8220;]@ET-DC@eyJkeW5hbWljIjp0cnVlLCJjb250ZW50IjoicG9zdF90aXRsZSIsInNldHRpbmdzIjp7ImJlZm9yZSI6IjxoMT4iLCJhZnRlciI6IjxcL2gxPiJ9fQ==@[\/et_pb_text][\/et_pb_column][\/et_pb_row][et_pb_row _builder_version=&#8220;4.18.0&#8243; _module_preset=&#8220;default&#8220; global_colors_info=&#8220;{}&#8220;][et_pb_column type=&#8220;4_4&#8243; _builder_version=&#8220;4.18.0&#8243; _module_preset=&#8220;default&#8220; global_colors_info=&#8220;{}&#8220;][et_pb_text _builder_version=&#8220;4.23.1&#8243; _dynamic_attributes=&#8220;content&#8220; _module_preset=&#8220;default&#8220; text_text_color=&#8220;#FFFFFF&#8220; text_orientation=&#8220;center&#8220; display_conditions=&#8220;W3siaWQiOiI2ZDZiMzI1Yy0xY2Y1LTRjZjctYmJmOC1iODJmNTc0Y2MzZDkiLCJjb25kaXRpb24iOiJwYWdlIiwiY29uZGl0aW9uU2V0dGluZ3MiOnsiZGlzcGxheVJ1bGUiOiJpc05vdCIsImR5bmFtaWNQb3N0cyI6W3sibGFiZWwiOiJJbmplY3Rpb25zIGRlIHZpdGFtaW5lcyAtIElWIERyaXBzIiwidmFsdWUiOiIyMzk0NjM2MiJ9XSwicG9zdFR5cGVMYWJlbCI6IlBhZ2VzIiwiYWRtaW5MYWJlbCI6IlBhZ2VzIiwiZW5hYmxlQ29uZGl0aW9uIjoib24ifSwib3BlcmF0b3IiOiJPUiJ9XQ==&#8220; global_colors_info=&#8220;{}&#8220;]@ET-DC@eyJkeW5hbWljIjp0cnVlLCJjb250ZW50IjoiY3VzdG9tX21ldGFfc291cy10aXRyZSIsInNldHRpbmdzIjp7ImJlZm9yZSI6IiIsImFmdGVyIjoiIiwiZW5hYmxlX2h0bWwiOiJvZmYifX0=@[\/et_pb_text][\/et_pb_column][\/et_pb_row][et_pb_row _builder_version=&#8220;4.25.1&#8243; _module_preset=&#8220;default&#8220; display_conditions=&#8220;W3siaWQiOiJmMzljMzE4Yi00YjU1LTQ2YzgtYTg0My1iNDYyZjQwOTk4OTgiLCJjb25kaXRpb24iOiJwYWdlIiwiY29uZGl0aW9uU2V0dGluZ3MiOnsiZGlzcGxheVJ1bGUiOiJpc05vdCIsImR5bmFtaWNQb3N0cyI6W3sibGFiZWwiOiJSZW5kZXotdm91cyBkYW5zIHZvdHJlIGNsaW5pcXVlIGVzdGhcdTAwZTl0aXF1ZSBcdTAwZTAgTGF1c2FubmUiLCJ2YWx1ZSI6IjM2NCJ9LHsibGFiZWwiOiJTaG9wIiwidmFsdWUiOiIyMzk0NTM4NCJ9LHsibGFiZWwiOiJDXHUwMGU5bFx1MDBlOWJyZXogbGEgYmVhdXRcdTAwZTkgZGVzIGZcdTAwZWF0ZXMiLCJ2YWx1ZSI6IjIzOTQ2MjM2In0seyJsYWJlbCI6IkNsaW5pcXVlIEVudG91cmFnZSBcdTAwZTAgVmVyYmllciIsInZhbHVlIjoiMjM5NDYzNDAifSx7ImxhYmVsIjoiRW50b3VyYWdlIHJlY3J1dGUiLCJ2YWx1ZSI6Ijc3NCJ9LHsibGFiZWwiOiJQb3N0dWxlciBjaGV6IEVudG91cmFnZSIsInZhbHVlIjoiMjU1NDQ5NTYifV0sInBvc3RUeXBlTGFiZWwiOiJQYWdlcyIsImFkbWluTGFiZWwiOiJQYWdlcyIsImVuYWJsZUNvbmRpdGlvbiI6Im9uIn0sIm9wZXJhdG9yIjoiT1IifV0=&#8220; global_colors_info=&#8220;{}&#8220;][et_pb_column type=&#8220;4_4&#8243; _builder_version=&#8220;4.18.0&#8243; _module_preset=&#8220;default&#8220; global_colors_info=&#8220;{}&#8220;][et_pb_button button_url=&#8220;@ET-DC@eyJkeW5hbWljIjp0cnVlLCJjb250ZW50IjoicG9zdF9saW5rX3VybF9wYWdlIiwic2V0dGluZ3MiOnsicG9zdF9pZCI6IjM2NCJ9fQ==@&#8220; button_text=&#8220;Termin vereinbaren&#8220; button_alignment=&#8220;center&#8220; _builder_version=&#8220;4.23.4&#8243; _dynamic_attributes=&#8220;button_url&#8220; _module_preset=&#8220;58291b2a-110c-4940-8e72-4864cea013a7&#8243; display_conditions=&#8220;W10=&#8220; global_colors_info=&#8220;{}&#8220;][\/et_pb_button][\/et_pb_column][\/et_pb_row][et_pb_row _builder_version=&#8220;4.20.2&#8243; _module_preset=&#8220;default&#8220; custom_padding=&#8220;4em||0px||false|false&#8220; global_colors_info=&#8220;{}&#8220;][et_pb_column type=&#8220;4_4&#8243; _builder_version=&#8220;4.18.0&#8243; _module_preset=&#8220;default&#8220; global_colors_info=&#8220;{}&#8220;][et_pb_text _builder_version=&#8220;4.20.2&#8243; _module_preset=&#8220;default&#8220; text_text_color=&#8220;#cccccc&#8220; text_font_size=&#8220;0.7em&#8220; link_font=&#8220;|600|||||||&#8220; link_text_color=&#8220;#cccccc&#8220; text_orientation=&#8220;center&#8220; global_colors_info=&#8220;{}&#8220;]<\/p>\n<p><span><nav aria-label=\"breadcrumbs\" class=\"rank-math-breadcrumb\"><p><span class=\"last\">Accueil<\/span><\/p><\/nav><\/span><\/p>\n<p>[\/et_pb_text][\/et_pb_column][\/et_pb_row][\/et_pb_section][et_pb_section fb_built=&#8220;1&#8243; _builder_version=&#8220;4.20.2&#8243; _module_preset=&#8220;default&#8220; global_colors_info=&#8220;{}&#8220;][et_pb_row module_id=&#8220;financement-traitement&#8220; _builder_version=&#8220;4.22.2&#8243; _module_preset=&#8220;default&#8220; global_module=&#8220;23945094&#8243; saved_tabs=&#8220;all&#8220; locked=&#8220;off&#8220; global_colors_info=&#8220;{}&#8220;][et_pb_column type=&#8220;4_4&#8243; _builder_version=&#8220;4.22.1&#8243; _module_preset=&#8220;default&#8220; global_colors_info=&#8220;{}&#8220;][et_pb_text _builder_version=&#8220;4.22.1&#8243; _module_preset=&#8220;default&#8220; global_colors_info=&#8220;{}&#8220;]<\/p>\n<h2>FINANZIERUNGSL\u00d6SUNGEN<\/h2>\n<p>[\/et_pb_text][et_pb_text _builder_version=&#8220;4.22.1&#8243; _module_preset=&#8220;default&#8220; global_colors_info=&#8220;{}&#8220;]<\/p>\n<p>Bei <strong>Entourage<\/strong> gibt Ihnen die M\u00f6glichkeit, Ihren Beitrag in <a href=\"https:\/\/www.entourage.ch\/de\/uber-uns\/zahlungen-echelons\/\">monatlichen Raten<\/a> zu zahlen, die finanzielle Freiheit, die Sie brauchen.<\/p>\n<p>Entscheiden Sie sich f\u00fcr <a href=\"https:\/\/www.entourage.ch\/de\/uber-uns\/zahlungen-echelons\/\">Raten<\/a> von 6, 12 oder 24 Monaten, ohne sich um Zinsen oder versteckte Kosten zu k\u00fcmmern, um ein finanzielles Gleichgewicht zu gew\u00e4hrleisten und gleichzeitig Zugang zu einer qualitativ hochwertigen Gesundheitsversorgung zu haben.<\/p>\n<p>[\/et_pb_text][\/et_pb_column][\/et_pb_row][et_pb_row _builder_version=&#8220;4.18.0&#8243; _module_preset=&#8220;default&#8220; global_colors_info=&#8220;{}&#8220;][et_pb_column type=&#8220;4_4&#8243; _builder_version=&#8220;4.18.0&#8243; _module_preset=&#8220;default&#8220; global_colors_info=&#8220;{}&#8220;][et_pb_text _builder_version=&#8220;4.21.0&#8243; _module_preset=&#8220;default&#8220; global_colors_info=&#8220;{}&#8220;]<\/p>\n<h2>Preise f\u00fcr kosmetische Behandlungen<\/h2>\n<p>[\/et_pb_text][dipi_filterable_grid select_post_type=&#8220;page&#8220; include_term_ids_of_dipi_cpt_category=&#8220;114,115,113&#8243; post_orderby=&#8220;title_asc&#8220; filter_tab_alignment=&#8220;center&#8220; all_filter_label=&#8220;Alle&#8220; grid_layout=&#8220;grid&#8220; row_height=&#8220;150px&#8220; gutter=&#8220;30&#8243; grid_animation=&#8220;fadeIn&#8220; show_post_title=&#8220;on&#8220; show_post_excerpt=&#8220;on&#8220; enable_html_on_grid=&#8220;on&#8220; use_post_link=&#8220;on&#8220; post_link_target=&#8220;_self&#8220; use_thumbnails=&#8220;on&#8220; image_size_desktop=&#8220;et-pb-image&#8211;responsive&#8211;tablet&#8220; image_size_tablet=&#8220;et-pb-image&#8211;responsive&#8211;tablet&#8220; image_size_phone=&#8220;et-pb-image&#8211;responsive&#8211;phone&#8220; use_overlay=&#8220;off&#8220; sticky_filter_bar=&#8220;on&#8220; sticky_filter_bar_top=&#8220;222px&#8220; filter_bar_margin=&#8220;0px|auto|20px|auto|false|false&#8220; filter_bar_padding=&#8220;10px|12px|10px|12px|true|true&#8220; filter_bar_background_color=&#8220;#FFFFFF&#8220; filter_bar_item_background_color_active=&#8220;#000000&#8243; filter_bar_layout_tablet=&#8220;&#8220; filter_bar_layout_phone=&#8220;row&#8220; filter_bar_layout_last_edited=&#8220;on|phone&#8220; columns_tablet=&#8220;2&#8243; columns_phone=&#8220;1&#8243; columns_last_edited=&#8220;on|desktop&#8220; row_height_tablet=&#8220;150px&#8220; row_height_phone=&#8220;150px&#8220; row_height_last_edited=&#8220;on|phone&#8220; sticky_filter_bar_tablet=&#8220;on&#8220; sticky_filter_bar_phone=&#8220;on&#8220; sticky_filter_bar_last_edited=&#8220;on|desktop&#8220; sticky_filter_bar_top_tablet=&#8220;110px&#8220; sticky_filter_bar_top_phone=&#8220;75px&#8220; sticky_filter_bar_top_last_edited=&#8220;on|tablet&#8220; space_tabs_tablet=&#8220;&#8220; space_tabs_phone=&#8220;3px&#8220; space_tabs_last_edited=&#8220;on|phone&#8220; filter_bar_max_width_tablet=&#8220;&#8220; filter_bar_max_width_phone=&#8220;100%&#8220; filter_bar_max_width_last_edited=&#8220;on|phone&#8220; filter_bar_margin_tablet=&#8220;0px|auto|20px|auto|false|false&#8220; filter_bar_margin_phone=&#8220;0px|auto|20px|auto|false|false&#8220; filter_bar_margin_last_edited=&#8220;on|phone&#8220; filter_bar_padding_tablet=&#8220;10px|12px|10px|12px|true|true&#8220; filter_bar_padding_phone=&#8220;7px|5px|7px|5px|true|true&#8220; filter_bar_padding_last_edited=&#8220;on|phone&#8220; filter_bar_item_padding_tablet=&#8220;&#8220; filter_bar_item_padding_phone=&#8220;5px|7px|5px|7px|false|true&#8220; filter_bar_item_padding_last_edited=&#8220;on|phone&#8220; filter_bar_item_padding_active_tablet=&#8220;&#8220; filter_bar_item_padding_active_phone=&#8220;5px|8px|5px|8px|false|true&#8220; filter_bar_item_padding_active_last_edited=&#8220;on|phone&#8220; filter_bar_item_background_color_active_tablet=&#8220;#000000&#8243; filter_bar_item_background_color_active_phone=&#8220;#000000&#8243; filter_bar_item_background_color_active_last_edited=&#8220;on|phone&#8220; filter_bar_item_width_phone=&#8220;100%&#8220; filter_bar_item_width_last_edited=&#8220;off|phone&#8220; _builder_version=&#8220;4.27.2&#8243; _module_preset=&#8220;default&#8220; filter_bar_normal_font=&#8220;|||on|||||&#8220; filter_bar_active_font=&#8220;||||||||&#8220; filter_bar_active_text_color=&#8220;#FFFFFF&#8220; grid_item_title_font=&#8220;Poppins||||||||&#8220; grid_item_title_text_align=&#8220;center&#8220; grid_item_title_font_size=&#8220;1.1em&#8220; grid_item_excerpt_text_align=&#8220;center&#8220; filter_bar_normal_text_align_phone=&#8220;center&#8220; filter_bar_normal_text_align_last_edited=&#8220;off|phone&#8220; filter_bar_normal_font_size_tablet=&#8220;&#8220; filter_bar_normal_font_size_phone=&#8220;0.6em&#8220; filter_bar_normal_font_size_last_edited=&#8220;on|phone&#8220; custom_css_filter_bar=&#8220;width:fit-content;&#8220; custom_css_grid_item_img=&#8220;cursor:pointer;&#8220; border_radii_filter_bar=&#8220;on|100px|100px|100px|100px&#8220; border_radii_filter_bar_tablet=&#8220;on|100px|100px|100px|100px&#8220; border_radii_filter_bar_phone=&#8220;on|50px|50px|50px|50px&#8220; border_radii_filter_bar_last_edited=&#8220;on|phone&#8220; border_radii_filter_bar_item_active=&#8220;on|50px|50px|50px|50px&#8220; global_colors_info=&#8220;{%22gcid-962db4f2-a7d5-41ee-b6a4-7c400717cc38%22:%91%22filter_bar_item_background_color__hover%22%93}&#8220; filter_bar_item_background_color__hover_enabled=&#8220;on|hover&#8220; filter_bar_item_background_color__hover=&#8220;#f5f5f5&#8243; border_radii_filter_bar_item__hover_enabled=&#8220;on|hover&#8220; border_radii_filter_bar_item__hover=&#8220;on|50px|50px|50px|50px&#8220; custom_css_filter_bar_last_edited=&#8220;on|phone&#8220; custom_css_filter_bar_phone=&#8220;    position: -webkit-sticky;||    position: -moz-sticky;||    position: -ms-sticky;||    position: -o-sticky;||    position: sticky;||    z-index: 1;||box-shadow: 0px 5px 8px #00000026;&#8220; custom_css_filter_bar_tablet=&#8220;width:fit-content;&#8220; grid_item_background_color__hover_enabled=&#8220;off|desktop&#8220;][\/dipi_filterable_grid][dipi_masonry_gallery _builder_version=&#8220;4.21.0&#8243; _module_preset=&#8220;default&#8220; global_colors_info=&#8220;{}&#8220;][\/dipi_masonry_gallery][\/et_pb_column][\/et_pb_row][\/et_pb_section][et_pb_section fb_built=&#8220;1&#8243; module_id=&#8220;dipi-particles-1&#8243; _builder_version=&#8220;4.27.2&#8243; _module_preset=&#8220;default&#8220; background_color=&#8220;#000000&#8243; animation_style=&#8220;zoom&#8220; animation_intensity_zoom=&#8220;3%&#8220; global_module=&#8220;1273&#8243; global_colors_info=&#8220;{}&#8220;][et_pb_row _builder_version=&#8220;4.18.0&#8243; _module_preset=&#8220;default&#8220; global_colors_info=&#8220;{}&#8220;][et_pb_column type=&#8220;4_4&#8243; _builder_version=&#8220;4.18.0&#8243; _module_preset=&#8220;default&#8220; global_colors_info=&#8220;{}&#8220;][dipi_typing_text typing_prefix=&#8220;Vereinbaren Sie einen Termin  &#8220; typing_text=&#8220;unverbindlich|ab sofort|in Lausanne&#8220; text_wrapper_tag=&#8220;h3&#8243; typing_backspeed=&#8220;50ms&#8220; typing_backdelay=&#8220;2000ms&#8220; anim_start=&#8220;inViewport&#8220; anim_start_viewport_offset=&#8220;100%&#8220; flex_direction_tablet=&#8220;&#8220; flex_direction_phone=&#8220;column&#8220; flex_direction_last_edited=&#8220;on|phone&#8220; _builder_version=&#8220;4.21.0&#8243; _module_preset=&#8220;default&#8220; text_text_color=&#8220;#FFFFFF&#8220; text_font_size=&#8220;2em&#8220; text_letter_spacing=&#8220;2px&#8220; text_line_height=&#8220;1.2em&#8220; cursor_text_color=&#8220;#FFFFFF&#8220; text_font_size_tablet=&#8220;1.7em&#8220; text_font_size_phone=&#8220;1.7em&#8220; text_font_size_last_edited=&#8220;on|desktop&#8220; global_colors_info=&#8220;{}&#8220;][\/dipi_typing_text][\/et_pb_column][\/et_pb_row][et_pb_row column_structure=&#8220;3_5,2_5&#8243; _builder_version=&#8220;4.18.0&#8243; _module_preset=&#8220;default&#8220; custom_padding=&#8220;0px||||false|false&#8220; global_colors_info=&#8220;{}&#8220;][et_pb_column type=&#8220;3_5&#8243; _builder_version=&#8220;4.18.0&#8243; _module_preset=&#8220;default&#8220; global_colors_info=&#8220;{}&#8220;][et_pb_text _builder_version=&#8220;4.20.2&#8243; _module_preset=&#8220;default&#8220; text_text_color=&#8220;#FFFFFF&#8220; global_colors_info=&#8220;{}&#8220;]<\/p>\n<p>Unser Team von Sch\u00f6nheitsexperten hei\u00dft Sie f\u00fcr eine pers\u00f6nliche Beratung herzlich willkommen.<\/p>\n<p>Vereinbaren Sie jetzt einen Termin und lassen Sie sich von uns verw\u00f6hnen. Wir freuen uns darauf, Sie kennen zu lernen! <\/p>\n<p>[\/et_pb_text][\/et_pb_column][et_pb_column type=&#8220;2_5&#8243; _builder_version=&#8220;4.18.0&#8243; _module_preset=&#8220;default&#8220; global_colors_info=&#8220;{}&#8220;][et_pb_button button_url=&#8220;@ET-DC@eyJkeW5hbWljIjp0cnVlLCJjb250ZW50IjoicG9zdF9saW5rX3VybF9wYWdlIiwic2V0dGluZ3MiOnsicG9zdF9pZCI6IjM2NCJ9fQ==@&#8220; button_text=&#8220;Termin vereinbaren&#8220; button_alignment=&#8220;center&#8220; _builder_version=&#8220;4.23.4&#8243; _dynamic_attributes=&#8220;button_url&#8220; _module_preset=&#8220;58291b2a-110c-4940-8e72-4864cea013a7&#8243; global_colors_info=&#8220;{}&#8220;][\/et_pb_button][\/et_pb_column][\/et_pb_row][\/et_pb_section]<\/p>\n","protected":false},"excerpt":{"rendered":"<p><nav aria-label=\"breadcrumbs\" class=\"rank-math-breadcrumb\"><p><span class=\"last\">Accueil<\/span><\/p><\/nav>FINANZIERUNGSL\u00d6SUNGENBei Entourage gibt Ihnen die M\u00f6glichkeit, Ihren Beitrag in monatlichen Raten zu zahlen, die finanzielle Freiheit, die Sie brauchen. Entscheiden Sie sich f\u00fcr Raten von 6, 12 oder 24 Monaten, ohne sich um Zinsen oder versteckte Kosten zu k\u00fcmmern, um ein finanzielles Gleichgewicht zu gew\u00e4hrleisten und gleichzeitig Zugang zu einer qualitativ hochwertigen Gesundheitsversorgung zu haben.Preise [&hellip;]<\/p>\n","protected":false},"author":1,"featured_media":25546314,"parent":0,"menu_order":0,"comment_status":"closed","ping_status":"closed","template":"","meta":{"_acf_changed":false,"_et_pb_use_builder":"on","_et_pb_old_content":"","_et_gb_content_width":"","footnotes":""},"dipi_cpt_category":[],"class_list":["post-25546311","page","type-page","status-publish","has-post-thumbnail","hentry"],"acf":[],"_links":{"self":[{"href":"https:\/\/www.entourage.ch\/de\/wp-json\/wp\/v2\/pages\/25546311","targetHints":{"allow":["GET"]}}],"collection":[{"href":"https:\/\/www.entourage.ch\/de\/wp-json\/wp\/v2\/pages"}],"about":[{"href":"https:\/\/www.entourage.ch\/de\/wp-json\/wp\/v2\/types\/page"}],"author":[{"embeddable":true,"href":"https:\/\/www.entourage.ch\/de\/wp-json\/wp\/v2\/users\/1"}],"replies":[{"embeddable":true,"href":"https:\/\/www.entourage.ch\/de\/wp-json\/wp\/v2\/comments?post=25546311"}],"version-history":[{"count":0,"href":"https:\/\/www.entourage.ch\/de\/wp-json\/wp\/v2\/pages\/25546311\/revisions"}],"wp:featuredmedia":[{"embeddable":true,"href":"https:\/\/www.entourage.ch\/de\/wp-json\/wp\/v2\/media\/25546314"}],"wp:attachment":[{"href":"https:\/\/www.entourage.ch\/de\/wp-json\/wp\/v2\/media?parent=25546311"}],"wp:term":[{"taxonomy":"dipi_cpt_category","embeddable":true,"href":"https:\/\/www.entourage.ch\/de\/wp-json\/wp\/v2\/dipi_cpt_category?post=25546311"}],"curies":[{"name":"wp","href":"https:\/\/api.w.org\/{rel}","templated":true}]}}